{"id":627,"date":"2020-06-05T09:04:26","date_gmt":"2020-06-05T02:04:26","guid":{"rendered":"https:\/\/elementor2.thembay.com\/aora\/?page_id=627"},"modified":"2020-06-05T09:04:26","modified_gmt":"2020-06-05T02:04:26","slug":"recently-viewed-products","status":"publish","type":"page","link":"https:\/\/mimatica.com\/en\/recently-viewed-products\/","title":{"rendered":"Recently Viewed Products"},"content":{"rendered":"<div data-elementor-type=\"wp-page\" data-elementor-id=\"627\" class=\"elementor elementor-627\">\n\t\t\t\t\t\t<section class=\"elementor-section elementor-top-section elementor-element elementor-element-91fca10 elementor-section-boxed elementor-section-height-default elementor-section-height-default\" data-id=\"91fca10\" data-element_type=\"section\" data-e-type=\"section\">\n\t\t\t\t\t\t<div class=\"elementor-container elementor-column-gap-no\">\n\t\t\t\t\t<div class=\"elementor-column elementor-col-100 elementor-top-column elementor-element elementor-element-70966a6\" data-id=\"70966a6\" data-element_type=\"column\" data-e-type=\"column\">\n\t\t\t<div class=\"elementor-widget-wrap elementor-element-populated\">\n\t\t\t\t\t\t<div class=\"elementor-element elementor-element-8b2908d elementor-product-v1 elementor-widget elementor-widget-tbay-product-recently-viewed\" data-id=\"8b2908d\" data-element_type=\"widget\" data-e-type=\"widget\" data-widget_type=\"tbay-product-recently-viewed.default\">\n\t\t\t\t<div class=\"elementor-widget-container\">\n\t\t\t\t\t\r\n<div class=\"tbay-element tbay-element-product-recently-viewed product-recently-viewed-main\" data-wrapper=\"{&quot;layout&quot;:&quot;main&quot;}\">\r\n\r\n    \r\n        \r\n    \r\n\t<div class=\"product-recently-viewed row grid products\" data-xlgdesktop=\"5\" data-desktop=\"4\" data-desktopsmall=\"4\" data-tablet=\"3\" data-landscape=\"2\" data-mobile=\"2\">\r\n\r\n    \r\n        <div class=\"item\">\r\n\t\t\t<div class=\"products-grid product type-product post-11917 status-publish first instock product_cat-plantas-de-interior product_tag-decoracion-natural product_tag-faciles-de-cuidar product_tag-plantas-de-interior product_tag-plantas-para-regalo has-post-thumbnail purchasable product-type-simple\">\r\n\t\t\t<div class=\"product-block grid product v1\" data-product-id=\"11917\">\r\n\t\t\t<div class=\"product-content\">\r\n\t\t\r\n\t\t<div class=\"block-inner\">\r\n\t\t\t<figure class=\"image\">\r\n\t\t\t\t<a title=\"Monstera Deliciosa Peque\u00f1a\" href=\"https:\/\/mimatica.com\/en\/Tienda\/monstera-deliciosa-pequena\/\" class=\"product-image\">\r\n\t\t\t\t\t<img fetchpriority=\"high\" decoding=\"async\" width=\"315\" height=\"473\" src=\"https:\/\/mimatica.com\/wp-content\/uploads\/2025\/11\/monstera-deliciosa-pequena-315x473.webp\" class=\"image-no-effect\" alt=\"\ud83c\udf3f Monstera Deliciosa Peque\u00f1a (Costilla de Ad\u00e1n), una planta tropical de hojas \u00fanicas y elegantes que llena tus espacios de frescura, vida y armon\u00eda natural.\" \/>\t\t\t\t<\/a>\r\n\t\t\t\t\r\n\t\t\t\t\t\t\t\r\n\t\t\t\t\t\t<\/figure>\r\n\t\t\t<div class=\"group-buttons\">\t\r\n\t\t\t\t<div class=\"add-cart\" title=\"Add to cart\" data-no-translation-title=\"\"><a href=\"\/en\/wp-json\/wp\/v2\/pages\/627?add-to-cart=11917\" aria-describedby=\"woocommerce_loop_add_to_cart_link_describedby_11917\" data-quantity=\"1\" class=\"button product_type_simple add_to_cart_button ajax_add_to_cart\" data-product_id=\"11917\" data-product_sku=\"\" aria-label=\"Add to cart: \u201cMonstera Deliciosa Peque\u00f1a\u201d\" rel=\"nofollow\" data-success_message=\"\u201cMonstera Deliciosa Peque\u00f1a\u201d has been added to your cart\" role=\"button\" data-no-translation-aria-label=\"\" data-no-translation-data-success_message=\"\"><i class=\"tb-icon tb-icon-shopping-bag\"><\/i><span class=\"title-cart\" data-no-translation=\"\" data-trp-gettext=\"\">Add to cart<\/span><\/a>\t \t\t<span id=\"woocommerce_loop_add_to_cart_link_describedby_11917\" class=\"screen-reader-text\">\r\n\t\t\t\t\t<\/span>\r\n\t<\/div><div class=\"button-wishlist shown-mobile\" title=\"Wishlist\">\n<div\n\tclass=\"yith-wcwl-add-to-wishlist add-to-wishlist-11917 yith-wcwl-add-to-wishlist--link-style wishlist-fragment on-first-load\"\n\tdata-fragment-ref=\"11917\"\n\tdata-fragment-options=\"{&quot;base_url&quot;:&quot;&quot;,&quot;product_id&quot;:11917,&quot;parent_product_id&quot;:0,&quot;product_type&quot;:&quot;simple&quot;,&quot;is_single&quot;:false,&quot;in_default_wishlist&quot;:false,&quot;show_view&quot;:false,&quot;browse_wishlist_text&quot;:&quot;Echar un vistazo a la lista de deseos&quot;,&quot;already_in_wishslist_text&quot;:&quot;\\u00a1El producto ya est\\u00e1 en tu lista de deseos!&quot;,&quot;product_added_text&quot;:&quot;\\u00a1Producto a\\u00f1adido!&quot;,&quot;available_multi_wishlist&quot;:false,&quot;disable_wishlist&quot;:false,&quot;show_count&quot;:false,&quot;ajax_loading&quot;:false,&quot;loop_position&quot;:&quot;after_add_to_cart&quot;,&quot;item&quot;:&quot;add_to_wishlist&quot;}\"\n>\n\t\t\t\n\t\t\t<!-- ADD TO WISHLIST -->\n\t\t\t\n<div class=\"yith-wcwl-add-button\">\n\t\t<a\n\t\thref=\"?add_to_wishlist=11917&#038;_wpnonce=ffa9737695\"\n\t\tclass=\"add_to_wishlist single_add_to_wishlist\"\n\t\tdata-product-id=\"11917\"\n\t\tdata-product-type=\"simple\"\n\t\tdata-original-product-id=\"0\"\n\t\tdata-title=\"A\u00f1adir a la lista de deseos\"\n\t\trel=\"nofollow\"\n\t>\n\t\t<svg id=\"yith-wcwl-icon-heart-outline\" class=\"yith-wcwl-icon-svg\" fill=\"none\" stroke-width=\"1.5\" stroke=\"currentColor\" viewbox=\"0 0 24 24\" xmlns=\"http:\/\/www.w3.org\/2000\/svg\">\n  <path stroke-linecap=\"round\" stroke-linejoin=\"round\" d=\"M21 8.25c0-2.485-2.099-4.5-4.688-4.5-1.935 0-3.597 1.126-4.312 2.733-.715-1.607-2.377-2.733-4.313-2.733C5.1 3.75 3 5.765 3 8.25c0 7.22 9 12 9 12s9-4.78 9-12Z\"><\/path>\n<\/svg>\t\t<span>A\u00f1adir a la lista de deseos<\/span>\n\t<\/a>\n<\/div>\n\n\t\t\t<!-- COUNT TEXT -->\n\t\t\t\n\t\t\t<\/div>\n<\/div>            <div class=\"tbay-quick-view\">\r\n                <a href=\"#\" class=\"qview-button\" title =\"Quick View\" data-effect=\"mfp-move-from-top\" data-product_id=\"11917\" data-toggle=\"modal\" data-target=\"#tbay-quickview-modal\">\r\n                    <i class=\"tb-icon tb-icon-eye\"><\/i>\r\n                    <span>Quick View<\/span>\r\n                <\/a>\r\n            <\/div>\r\n            \t\t    <\/div>\r\n\t\t<\/div>\r\n\t\t\t\t\t\t\r\n\t\t\t\t\r\n\t\t<div class=\"caption\">\r\n\t\t\t\r\n\t\t\t        \r\n        <h3 class=\"name full_name\"><a href=\"https:\/\/mimatica.com\/en\/Tienda\/monstera-deliciosa-pequena\/\">Monstera Deliciosa Peque\u00f1a<\/a><\/h3>\r\n        \r\n\t\t\t\n\t<span class=\"price\"><span class=\"woocommerce-Price-amount amount\"><bdi><span class=\"woocommerce-Price-currencySymbol\">&#36;<\/span>&nbsp;20.000<\/bdi><\/span><\/span>\n\t\t\t\r\n\t\t\t\r\n\r\n\t\t\t\t\r\n\t\t\t\r\n\t\t\t\t\t<\/div>\r\n\r\n\t\t\r\n\t\t    <\/div>\r\n    \r\n\t\t\t<a id=\"sendbtn\" href=\"https:\/\/web.whatsapp.com\/send?phone=573016593885&text=Quiero%20m%C3%A1s%20asesor%C3%ADa%20sobre%20este%20producto%20que%20vi%20en%20la%20web%3A%0D%0A%0D%0A%2AMonstera%20Deliciosa%20Peque%C3%B1a%2A%0A%2APrecio%3A%2A%20%24%C2%A020.000%0A%2AURL%3A%2A%20https%3A%2F%2Fmimatica.com%2Fen%2FTienda%2Fmonstera-deliciosa-pequena%2F%0D%0A%0D%0A%C2%A1Gracias%21&app_absent=0\" title=\"Complete order on WhatsApp to buy Monstera Deliciosa Peque\u00f1a\" target=\"\" class=\"button add_to_cart_button wa-shop-button product_type_simple\">\r\n\t\t\tcomprar\t\t<\/a>\r\n\t<\/div>\r\n\t\t\t<\/div>\r\n        <\/div>\r\n\r\n     \r\n<\/div>\r\n\r\n    \r\n\r\n<\/div>\t\t\t\t<\/div>\n\t\t\t\t<\/div>\n\t\t\t\t\t<\/div>\n\t\t<\/div>\n\t\t\t\t\t<\/div>\n\t\t<\/section>\n\t\t\t\t<\/div>","protected":false},"excerpt":{"rendered":"<p>Select options Quick View Compare The product is already in your wishlist! View wishlist China Manufacturer 8mm HDF BUCKYZ &#36;80.00 &ndash; &#36;90.00 Rated 5.00 out of 5 2 Select options Quick View Compare The product is already in your wishlist! View wishlist Featured Decorative Natural Stone Mantel Marble BUFFA &#36;111.00 &ndash; &#36;112.00 Rated 4.25 out &hellip; <a href=\"https:\/\/mimatica.com\/en\/Tienda\/monstera-deliciosa-pequena\/\" class=\"more-link\">Continue reading <span class=\"screen-reader-text\">Monstera Deliciosa Peque\u00f1a<\/span><\/a><\/p>","protected":false},"author":1,"featured_media":0,"parent":0,"menu_order":0,"comment_status":"closed","ping_status":"closed","template":"","meta":{"footnotes":""},"class_list":["post-627","page","type-page","status-publish","hentry"],"yoast_head":"<!-- This site is optimized with the Yoast SEO plugin v27.3 - https:\/\/yoast.com\/product\/yoast-seo-wordpress\/ -->\n<title>Recently Viewed Products - Mi Matica Vivero Boutique<\/title>\n<meta name=\"robots\" content=\"index, follow, max-snippet:-1, max-image-preview:large, max-video-preview:-1\" \/>\n<link rel=\"canonical\" href=\"https:\/\/mimatica.com\/en\/recently-viewed-products\/\" \/>\n<meta property=\"og:locale\" content=\"en_US\" \/>\n<meta property=\"og:type\" content=\"article\" \/>\n<meta property=\"og:title\" content=\"Recently Viewed Products - Mi Matica Vivero Boutique\" \/>\n<meta property=\"og:description\" content=\"Select options Quick View Compare The product is already in your wishlist! View wishlist China Manufacturer 8mm HDF BUCKYZ &#036;80.00 &ndash; &#036;90.00 Rated 5.00 out of 5 2 Select options Quick View Compare The product is already in your wishlist! View wishlist Featured Decorative Natural Stone Mantel Marble BUFFA &#036;111.00 &ndash; &#036;112.00 Rated 4.25 out &hellip; Continue reading Monstera Deliciosa Peque\u00f1a\" \/>\n<meta property=\"og:url\" content=\"https:\/\/mimatica.com\/en\/recently-viewed-products\/\" \/>\n<meta property=\"og:site_name\" content=\"Mi Matica Vivero Boutique\" \/>\n<meta property=\"article:publisher\" content=\"https:\/\/www.facebook.com\/mimatica.vivero\" \/>\n<meta property=\"og:image\" content=\"https:\/\/elementor2.thembay.com\/aora\/wp-content\/uploads\/2020\/08\/product-142-210x315.jpg\" \/>\n<meta name=\"twitter:card\" content=\"summary_large_image\" \/>\n<meta name=\"twitter:label1\" content=\"Est. reading time\" \/>\n\t<meta name=\"twitter:data1\" content=\"1 minute\" \/>\n<script type=\"application\/ld+json\" class=\"yoast-schema-graph\">{\"@context\":\"https:\\\/\\\/schema.org\",\"@graph\":[{\"@type\":\"WebPage\",\"@id\":\"https:\\\/\\\/mimatica.com\\\/recently-viewed-products\\\/\",\"url\":\"https:\\\/\\\/mimatica.com\\\/recently-viewed-products\\\/\",\"name\":\"Recently Viewed Products - Mi Matica Vivero Boutique\",\"isPartOf\":{\"@id\":\"https:\\\/\\\/mimatica.com\\\/#website\"},\"primaryImageOfPage\":{\"@id\":\"https:\\\/\\\/mimatica.com\\\/recently-viewed-products\\\/#primaryimage\"},\"image\":{\"@id\":\"https:\\\/\\\/mimatica.com\\\/recently-viewed-products\\\/#primaryimage\"},\"thumbnailUrl\":\"https:\\\/\\\/elementor2.thembay.com\\\/aora\\\/wp-content\\\/uploads\\\/2020\\\/08\\\/product-142-210x315.jpg\",\"datePublished\":\"2020-06-05T02:04:26+00:00\",\"breadcrumb\":{\"@id\":\"https:\\\/\\\/mimatica.com\\\/recently-viewed-products\\\/#breadcrumb\"},\"inLanguage\":\"en-US\",\"potentialAction\":[{\"@type\":\"ReadAction\",\"target\":[\"https:\\\/\\\/mimatica.com\\\/recently-viewed-products\\\/\"]}]},{\"@type\":\"ImageObject\",\"inLanguage\":\"en-US\",\"@id\":\"https:\\\/\\\/mimatica.com\\\/recently-viewed-products\\\/#primaryimage\",\"url\":\"https:\\\/\\\/elementor2.thembay.com\\\/aora\\\/wp-content\\\/uploads\\\/2020\\\/08\\\/product-142-210x315.jpg\",\"contentUrl\":\"https:\\\/\\\/elementor2.thembay.com\\\/aora\\\/wp-content\\\/uploads\\\/2020\\\/08\\\/product-142-210x315.jpg\"},{\"@type\":\"BreadcrumbList\",\"@id\":\"https:\\\/\\\/mimatica.com\\\/recently-viewed-products\\\/#breadcrumb\",\"itemListElement\":[{\"@type\":\"ListItem\",\"position\":1,\"name\":\"Portada\",\"item\":\"https:\\\/\\\/mimatica.com\\\/\"},{\"@type\":\"ListItem\",\"position\":2,\"name\":\"Recently Viewed Products\"}]},{\"@type\":\"WebSite\",\"@id\":\"https:\\\/\\\/mimatica.com\\\/#website\",\"url\":\"https:\\\/\\\/mimatica.com\\\/\",\"name\":\"Mi Matica Vivero Boutique\",\"description\":\"Plantas naturales, orqu\u00eddeas y materas artesanales.\",\"publisher\":{\"@id\":\"https:\\\/\\\/mimatica.com\\\/#organization\"},\"potentialAction\":[{\"@type\":\"SearchAction\",\"target\":{\"@type\":\"EntryPoint\",\"urlTemplate\":\"https:\\\/\\\/mimatica.com\\\/?s={search_term_string}\"},\"query-input\":{\"@type\":\"PropertyValueSpecification\",\"valueRequired\":true,\"valueName\":\"search_term_string\"}}],\"inLanguage\":\"en-US\"},{\"@type\":\"Organization\",\"@id\":\"https:\\\/\\\/mimatica.com\\\/#organization\",\"name\":\"Mi Matica Vivero Boutique\",\"url\":\"https:\\\/\\\/mimatica.com\\\/\",\"logo\":{\"@type\":\"ImageObject\",\"inLanguage\":\"en-US\",\"@id\":\"https:\\\/\\\/mimatica.com\\\/#\\\/schema\\\/logo\\\/image\\\/\",\"url\":\"https:\\\/\\\/mimatica.com\\\/wp-content\\\/uploads\\\/2020\\\/11\\\/Logo_Mi-Matica-e1662941170182.png\",\"contentUrl\":\"https:\\\/\\\/mimatica.com\\\/wp-content\\\/uploads\\\/2020\\\/11\\\/Logo_Mi-Matica-e1662941170182.png\",\"width\":120,\"height\":61,\"caption\":\"Mi Matica Vivero Boutique\"},\"image\":{\"@id\":\"https:\\\/\\\/mimatica.com\\\/#\\\/schema\\\/logo\\\/image\\\/\"},\"sameAs\":[\"https:\\\/\\\/www.facebook.com\\\/mimatica.vivero\",\"https:\\\/\\\/www.instagram.com\\\/mimatica.vivero\\\/\",\"https:\\\/\\\/pinterest.com\\\/mimaticavivero\\\/\"]}]}<\/script>\n<!-- \/ Yoast SEO plugin. -->","yoast_head_json":{"title":"Recently Viewed Products - Mi Matica Vivero Boutique","robots":{"index":"index","follow":"follow","max-snippet":"max-snippet:-1","max-image-preview":"max-image-preview:large","max-video-preview":"max-video-preview:-1"},"canonical":"https:\/\/mimatica.com\/en\/recently-viewed-products\/","og_locale":"en_US","og_type":"article","og_title":"Recently Viewed Products - Mi Matica Vivero Boutique","og_description":"Select options Quick View Compare The product is already in your wishlist! View wishlist China Manufacturer 8mm HDF BUCKYZ &#36;80.00 &ndash; &#36;90.00 Rated 5.00 out of 5 2 Select options Quick View Compare The product is already in your wishlist! View wishlist Featured Decorative Natural Stone Mantel Marble BUFFA &#36;111.00 &ndash; &#36;112.00 Rated 4.25 out &hellip; Continue reading Monstera Deliciosa Peque\u00f1a","og_url":"https:\/\/mimatica.com\/en\/recently-viewed-products\/","og_site_name":"Mi Matica Vivero Boutique","article_publisher":"https:\/\/www.facebook.com\/mimatica.vivero","og_image":[{"url":"https:\/\/elementor2.thembay.com\/aora\/wp-content\/uploads\/2020\/08\/product-142-210x315.jpg","type":"","width":"","height":""}],"twitter_card":"summary_large_image","twitter_misc":{"Est. reading time":"1 minute"},"schema":{"@context":"https:\/\/schema.org","@graph":[{"@type":"WebPage","@id":"https:\/\/mimatica.com\/recently-viewed-products\/","url":"https:\/\/mimatica.com\/recently-viewed-products\/","name":"Recently Viewed Products - Mi Matica Vivero Boutique","isPartOf":{"@id":"https:\/\/mimatica.com\/#website"},"primaryImageOfPage":{"@id":"https:\/\/mimatica.com\/recently-viewed-products\/#primaryimage"},"image":{"@id":"https:\/\/mimatica.com\/recently-viewed-products\/#primaryimage"},"thumbnailUrl":"https:\/\/elementor2.thembay.com\/aora\/wp-content\/uploads\/2020\/08\/product-142-210x315.jpg","datePublished":"2020-06-05T02:04:26+00:00","breadcrumb":{"@id":"https:\/\/mimatica.com\/recently-viewed-products\/#breadcrumb"},"inLanguage":"en-US","potentialAction":[{"@type":"ReadAction","target":["https:\/\/mimatica.com\/recently-viewed-products\/"]}]},{"@type":"ImageObject","inLanguage":"en-US","@id":"https:\/\/mimatica.com\/recently-viewed-products\/#primaryimage","url":"https:\/\/elementor2.thembay.com\/aora\/wp-content\/uploads\/2020\/08\/product-142-210x315.jpg","contentUrl":"https:\/\/elementor2.thembay.com\/aora\/wp-content\/uploads\/2020\/08\/product-142-210x315.jpg"},{"@type":"BreadcrumbList","@id":"https:\/\/mimatica.com\/recently-viewed-products\/#breadcrumb","itemListElement":[{"@type":"ListItem","position":1,"name":"Portada","item":"https:\/\/mimatica.com\/"},{"@type":"ListItem","position":2,"name":"Recently Viewed Products"}]},{"@type":"WebSite","@id":"https:\/\/mimatica.com\/#website","url":"https:\/\/mimatica.com\/","name":"Mi Matica Vivero Boutique","description":"Plantas naturales, orqu\u00eddeas y materas artesanales.","publisher":{"@id":"https:\/\/mimatica.com\/#organization"},"potentialAction":[{"@type":"SearchAction","target":{"@type":"EntryPoint","urlTemplate":"https:\/\/mimatica.com\/?s={search_term_string}"},"query-input":{"@type":"PropertyValueSpecification","valueRequired":true,"valueName":"search_term_string"}}],"inLanguage":"en-US"},{"@type":"Organization","@id":"https:\/\/mimatica.com\/#organization","name":"Mi Matica Vivero Boutique","url":"https:\/\/mimatica.com\/","logo":{"@type":"ImageObject","inLanguage":"en-US","@id":"https:\/\/mimatica.com\/#\/schema\/logo\/image\/","url":"https:\/\/mimatica.com\/wp-content\/uploads\/2020\/11\/Logo_Mi-Matica-e1662941170182.png","contentUrl":"https:\/\/mimatica.com\/wp-content\/uploads\/2020\/11\/Logo_Mi-Matica-e1662941170182.png","width":120,"height":61,"caption":"Mi Matica Vivero Boutique"},"image":{"@id":"https:\/\/mimatica.com\/#\/schema\/logo\/image\/"},"sameAs":["https:\/\/www.facebook.com\/mimatica.vivero","https:\/\/www.instagram.com\/mimatica.vivero\/","https:\/\/pinterest.com\/mimaticavivero\/"]}]}},"jetpack_sharing_enabled":true,"_links":{"self":[{"href":"https:\/\/mimatica.com\/en\/wp-json\/wp\/v2\/pages\/627","targetHints":{"allow":["GET"]}}],"collection":[{"href":"https:\/\/mimatica.com\/en\/wp-json\/wp\/v2\/pages"}],"about":[{"href":"https:\/\/mimatica.com\/en\/wp-json\/wp\/v2\/types\/page"}],"author":[{"embeddable":true,"href":"https:\/\/mimatica.com\/en\/wp-json\/wp\/v2\/users\/1"}],"replies":[{"embeddable":true,"href":"https:\/\/mimatica.com\/en\/wp-json\/wp\/v2\/comments?post=627"}],"version-history":[{"count":0,"href":"https:\/\/mimatica.com\/en\/wp-json\/wp\/v2\/pages\/627\/revisions"}],"wp:attachment":[{"href":"https:\/\/mimatica.com\/en\/wp-json\/wp\/v2\/media?parent=627"}],"curies":[{"name":"wp","href":"https:\/\/api.w.org\/{rel}","templated":true}]}}