{"id":10530,"date":"2025-07-25T15:10:13","date_gmt":"2025-07-25T20:10:13","guid":{"rendered":"https:\/\/mimatica.com\/?post_type=product&#038;p=10530"},"modified":"2025-07-29T13:47:14","modified_gmt":"2025-07-29T18:47:14","slug":"roca-fosforica-para-plantas","status":"publish","type":"product","link":"https:\/\/mimatica.com\/en\/Tienda\/roca-fosforica-para-plantas\/","title":{"rendered":"Roca fosf\u00f3rica para Plantas"},"content":{"rendered":"<p data-start=\"269\" data-end=\"585\">La <strong data-start=\"272\" data-end=\"290\">Roca Fosf\u00f3rica<\/strong> es un fertilizante mineral natural ideal para enriquecer el suelo desde el momento de la siembra. Su alto contenido de <strong data-start=\"410\" data-end=\"430\">f\u00f3sforo y calcio<\/strong> la convierte en una enmienda efectiva para corregir suelos \u00e1cidos, mejorar la estructura del sustrato y fortalecer el desarrollo radicular de tus plantas.<\/p>\n<p data-start=\"587\" data-end=\"826\">Este producto no solo nutre, sino que tambi\u00e9n <strong data-start=\"633\" data-end=\"682\">interviene en la formaci\u00f3n de flores y frutos<\/strong>, acelerando su maduraci\u00f3n de manera natural. Es perfecto para cultivos de exterior, \u00e1rboles frutales, plantas ornamentales y jardiner\u00eda casera.<\/p>\n<hr data-start=\"828\" data-end=\"831\" \/>\n<h3 data-start=\"833\" data-end=\"856\">\ud83c\udf3f Beneficios clave<\/h3>\n<p data-start=\"858\" data-end=\"1160\">\u2714\ufe0f Aporta f\u00f3sforo y calcio de forma gradual y prolongada<br data-start=\"914\" data-end=\"917\" \/>\u2714\ufe0f Neutraliza suelos \u00e1cidos y mejora la salud del sustrato<br data-start=\"975\" data-end=\"978\" \/>\u2714\ufe0f Estimula el crecimiento de ra\u00edces fuertes y profundas<br data-start=\"1034\" data-end=\"1037\" \/>\u2714\ufe0f Favorece la formaci\u00f3n de \u00f3rganos reproductivos en la planta<br data-start=\"1099\" data-end=\"1102\" \/>\u2714\ufe0f Acelera la maduraci\u00f3n de frutos en cultivos de exterior<\/p>\n<hr data-start=\"1162\" data-end=\"1165\" \/>\n<h3 data-start=\"1167\" data-end=\"1191\">\ud83c\udf3e Usos recomendados<\/h3>\n<p data-start=\"1193\" data-end=\"1366\">Este fertilizante es com\u00fanmente utilizado en cultivos como:<br data-start=\"1252\" data-end=\"1255\" \/><strong data-start=\"1255\" data-end=\"1359\">caf\u00e9, banano, arroz, c\u00edtricos, cacao, palma africana, frutales, pastos, sorgo, caucho, papa, algod\u00f3n<\/strong> y m\u00e1s.<\/p>\n<p data-start=\"1368\" data-end=\"1453\">Tambi\u00e9n puede ser usado en huertas urbanas, jardiner\u00eda de exterior o materas grandes.<\/p>\n<hr data-start=\"1455\" data-end=\"1458\" \/>\n<h3 data-start=\"1460\" data-end=\"1504\">\ud83c\udf1e Instrucciones de uso<\/h3>\n<ul data-start=\"1506\" data-end=\"1736\">\n<li data-start=\"1506\" data-end=\"1736\">\n<p data-start=\"1508\" data-end=\"1736\"><strong data-start=\"1508\" data-end=\"1540\">Antes de sembrar una planta:<\/strong><br data-start=\"1540\" data-end=\"1543\" \/>Agrega una porci\u00f3n de roca fosf\u00f3rica <strong data-start=\"1582\" data-end=\"1607\">en el hoyo de siembra<\/strong> antes de colocar la planta.<br data-start=\"1635\" data-end=\"1638\" \/>Luego, a\u00f1ade otra peque\u00f1a cantidad en la superficie o \u201crodaja\u201d del sustrato y riega normalmente.<\/p>\n<\/li>\n<li data-start=\"1506\" data-end=\"1736\"><strong>Mezclar con el sustrato actual:\u00a0 \u00a0 \u00a0 \u00a0 \u00a0 \u00a0 \u00a0 \u00a0 \u00a0 \u00a0 \u00a0 \u00a0 \u00a0 \u00a0 \u00a0 \u00a0 \u00a0 \u00a0 \u00a0 \u00a0 \u00a0 \u00a0 \u00a0 \u00a0 \u00a0 \u00a0 \u00a0 \u00a0 \u00a0 \u00a0 \u00a0 \u00a0 \u00a0 \u00a0 \u00a0 \u00a0 \u00a0 \u00a0 \u00a0 \u00a0 \u00a0 \u00a0 \u00a0 \u00a0 \u00a0 \u00a0 \u00a0 \u00a0 \u00a0 \u00a0 \u00a0 \u00a0 \u00a0 \u00a0 \u00a0 \u00a0 \u00a0 \u00a0 \u00a0 \u00a0 \u00a0 \u00a0 \u00a0 \u00a0 \u00a0 \u00a0 \u00a0 \u00a0 \u00a0 \u00a0 \u00a0 \u00a0 \u00a0 \u00a0 \u00a0 \u00a0 \u00a0 \u00a0 \u00a0 \u00a0 \u00a0 \u00a0 \u00a0 \u00a0 \u00a0 \u00a0 \u00a0 \u00a0 \u00a0 \u00a0 \u00a0 \u00a0 \u00a0 \u00a0 \u00a0 \u00a0 \u00a0 \u00a0 \u00a0 \u00a0 \u00a0 \u00a0 \u00a0 \u00a0 \u00a0 \u00a0 \u00a0 \u00a0 \u00a0 \u00a0 \u00a0 \u00a0 \u00a0 \u00a0 \u00a0 \u00a0 \u00a0 \u00a0 \u00a0 \u00a0 \u00a0 \u00a0 \u00a0 \u00a0 \u00a0 \u00a0 \u00a0 <\/strong>Tambi\u00e9n puedes aplicar una manotada de roca fosf\u00f3rica y mezclarla suavemente con la tierra de la planta.<\/li>\n<\/ul>\n<hr data-start=\"1738\" data-end=\"1741\" \/>\n<h3 data-start=\"1743\" data-end=\"1765\">\ud83d\udea8 Recomendaciones<\/h3>\n<ul data-start=\"1767\" data-end=\"1929\">\n<li data-start=\"1767\" data-end=\"1826\">\n<p data-start=\"1769\" data-end=\"1826\">No es de liberaci\u00f3n inmediata, su efecto es <strong data-start=\"1813\" data-end=\"1824\">gradual<\/strong><\/p>\n<\/li>\n<li data-start=\"1827\" data-end=\"1894\">\n<p data-start=\"1829\" data-end=\"1894\">No mezclar directamente con fertilizantes qu\u00edmicos nitrogenados<\/p>\n<\/li>\n<li data-start=\"1895\" data-end=\"1929\">\n<p data-start=\"1897\" data-end=\"1929\">Mantener en lugar seco y sellado<\/p>\n<\/li>\n<\/ul>\n<hr data-start=\"1931\" data-end=\"1934\" \/>\n<h3 data-start=\"1936\" data-end=\"1965\">\ud83d\udce6 Presentaci\u00f3n y entrega<\/h3>\n<ul data-start=\"1967\" data-end=\"2175\">\n<li data-start=\"1967\" data-end=\"2009\">\n<p data-start=\"1969\" data-end=\"2009\">Disponible en presentaci\u00f3n de <strong data-start=\"1999\" data-end=\"2007\">1\u202fkg<\/strong><\/p>\n<\/li>\n<li data-start=\"2010\" data-end=\"2036\">\n<p data-start=\"2012\" data-end=\"2036\">Env\u00edos a toda Colombia<\/p>\n<\/li>\n<li data-start=\"2037\" data-end=\"2093\">\n<p data-start=\"2039\" data-end=\"2093\">Entrega en tienda f\u00edsica en <strong data-start=\"2067\" data-end=\"2091\">Bucaramanga y C\u00facuta<\/strong><\/p>\n<\/li>\n<li data-start=\"2094\" data-end=\"2175\">\n<p data-start=\"2096\" data-end=\"2175\">Incluye asesor\u00eda por <a href=\"http:\/\/wa.me\/573016593885\">WhatsApp<\/a><\/p>\n<\/li>\n<\/ul>\n<hr data-start=\"2177\" data-end=\"2180\" \/>\n<h3 data-start=\"2182\" data-end=\"2220\">\ud83c\udfaf \u00bfPor qu\u00e9 elegirla en Mi Matica?<\/h3>\n<ul data-start=\"2222\" data-end=\"2426\">\n<li data-start=\"2222\" data-end=\"2272\">\n<p data-start=\"2224\" data-end=\"2272\">Es un fertilizante de origen mineral y natural<\/p>\n<\/li>\n<li data-start=\"2273\" data-end=\"2350\">\n<p data-start=\"2275\" data-end=\"2350\">Perfecto para quienes buscan nutrir suelos de manera gradual y sostenible<\/p>\n<\/li>\n<li data-start=\"2351\" data-end=\"2426\">\n<p data-start=\"2353\" data-end=\"2426\">Ideal para jardiner\u00eda productiva, \u00e1rboles frutales o siembras de exterior<\/p>\n<\/li>\n<\/ul>\n<hr data-start=\"2428\" data-end=\"2431\" \/>\n<h3 data-start=\"2433\" data-end=\"2454\">\ud83c\udf0d Enlaces \u00fatiles<\/h3>\n<ul data-start=\"2456\" data-end=\"2703\">\n<li data-start=\"2456\" data-end=\"2601\">\n<p data-start=\"2458\" data-end=\"2601\">Encuentra m\u00e1s productos en nuestra categor\u00eda de <a class=\"\" href=\"https:\/\/mimatica.com\/en\/product-category\/sustratos-y-fertilizantes\/\" target=\"_new\" rel=\"noopener\" data-start=\"2506\" data-end=\"2599\">Sustratos y Fertilizantes<\/a><\/p>\n<\/li>\n<\/ul>","protected":false},"excerpt":{"rendered":"<p>La roca fosf\u00f3rica es un mineral excelente para tus maticas, es natural, rico en f\u00f3sforo, calcio y silicio, que ayuda a corregir la acidez del suelo y mejora su balance nutricional.<\/p>\n<p>&nbsp;<\/p>","protected":false},"featured_media":10617,"comment_status":"open","ping_status":"closed","template":"","meta":[],"product_brand":[],"product_cat":[142],"product_tag":[147,145],"class_list":{"0":"post-10530","1":"product","2":"type-product","3":"status-publish","4":"has-post-thumbnail","6":"product_cat-sustratos-y-fertilizantes","7":"product_tag-cuidado-de-plantas","8":"product_tag-plantas-de-interior","11":"instock","12":"shipping-taxable","13":"purchasable","14":"product-type-variable"},"yoast_head":"<!-- This site is optimized with the Yoast SEO plugin v27.3 - https:\/\/yoast.com\/product\/yoast-seo-wordpress\/ -->\n<title>Roca fosf\u00f3rica para Plantas - Mi Matica Vivero Boutique<\/title>\n<meta name=\"description\" content=\"Roca fosf\u00f3rica natural con f\u00f3sforo y calcio. Mejora el suelo, fortalece ra\u00edces y favorece la floraci\u00f3n y maduraci\u00f3n de frutos. Ideal para jardiner\u00eda. \u2600\ufe0f\ud83c\udf33\" \/>\n<meta name=\"robots\" content=\"index, follow, max-snippet:-1, max-image-preview:large, max-video-preview:-1\" \/>\n<link rel=\"canonical\" href=\"https:\/\/mimatica.com\/en\/Tienda\/roca-fosforica-para-plantas\/\" \/>\n<meta property=\"og:locale\" content=\"en_US\" \/>\n<meta property=\"og:type\" content=\"article\" \/>\n<meta property=\"og:title\" content=\"Roca fosf\u00f3rica para Plantas - Mi Matica Vivero Boutique\" \/>\n<meta property=\"og:description\" content=\"Roca fosf\u00f3rica natural con f\u00f3sforo y calcio. Mejora el suelo, fortalece ra\u00edces y favorece la floraci\u00f3n y maduraci\u00f3n de frutos. Ideal para jardiner\u00eda. \u2600\ufe0f\ud83c\udf33\" \/>\n<meta property=\"og:url\" content=\"https:\/\/mimatica.com\/en\/Tienda\/roca-fosforica-para-plantas\/\" \/>\n<meta property=\"og:site_name\" content=\"Mi Matica Vivero Boutique\" \/>\n<meta property=\"article:publisher\" content=\"https:\/\/www.facebook.com\/mimatica.vivero\" \/>\n<meta property=\"article:modified_time\" content=\"2025-07-29T18:47:14+00:00\" \/>\n<meta property=\"og:image\" content=\"https:\/\/mimatica.com\/wp-content\/uploads\/2025\/07\/roca-fosforica-para-plantas-1.webp\" \/>\n\t<meta property=\"og:image:width\" content=\"1384\" \/>\n\t<meta property=\"og:image:height\" content=\"1730\" \/>\n\t<meta property=\"og:image:type\" content=\"image\/webp\" \/>\n<meta name=\"twitter:card\" content=\"summary_large_image\" \/>\n<meta name=\"twitter:label1\" content=\"Est. reading time\" \/>\n\t<meta name=\"twitter:data1\" content=\"2 minutes\" \/>\n<script type=\"application\/ld+json\" class=\"yoast-schema-graph\">{\"@context\":\"https:\\\/\\\/schema.org\",\"@graph\":[{\"@type\":\"WebPage\",\"@id\":\"https:\\\/\\\/mimatica.com\\\/Tienda\\\/roca-fosforica-para-plantas\\\/\",\"url\":\"https:\\\/\\\/mimatica.com\\\/Tienda\\\/roca-fosforica-para-plantas\\\/\",\"name\":\"Roca fosf\u00f3rica para Plantas - Mi Matica Vivero Boutique\",\"isPartOf\":{\"@id\":\"https:\\\/\\\/mimatica.com\\\/#website\"},\"primaryImageOfPage\":{\"@id\":\"https:\\\/\\\/mimatica.com\\\/Tienda\\\/roca-fosforica-para-plantas\\\/#primaryimage\"},\"image\":{\"@id\":\"https:\\\/\\\/mimatica.com\\\/Tienda\\\/roca-fosforica-para-plantas\\\/#primaryimage\"},\"thumbnailUrl\":\"https:\\\/\\\/mimatica.com\\\/wp-content\\\/uploads\\\/2025\\\/07\\\/roca-fosforica-para-plantas-1.webp\",\"datePublished\":\"2025-07-25T20:10:13+00:00\",\"dateModified\":\"2025-07-29T18:47:14+00:00\",\"description\":\"Roca fosf\u00f3rica natural con f\u00f3sforo y calcio. Mejora el suelo, fortalece ra\u00edces y favorece la floraci\u00f3n y maduraci\u00f3n de frutos. Ideal para jardiner\u00eda. \u2600\ufe0f\ud83c\udf33\",\"breadcrumb\":{\"@id\":\"https:\\\/\\\/mimatica.com\\\/Tienda\\\/roca-fosforica-para-plantas\\\/#breadcrumb\"},\"inLanguage\":\"en-US\",\"potentialAction\":[{\"@type\":\"ReadAction\",\"target\":[\"https:\\\/\\\/mimatica.com\\\/Tienda\\\/roca-fosforica-para-plantas\\\/\"]}]},{\"@type\":\"ImageObject\",\"inLanguage\":\"en-US\",\"@id\":\"https:\\\/\\\/mimatica.com\\\/Tienda\\\/roca-fosforica-para-plantas\\\/#primaryimage\",\"url\":\"https:\\\/\\\/mimatica.com\\\/wp-content\\\/uploads\\\/2025\\\/07\\\/roca-fosforica-para-plantas-1.webp\",\"contentUrl\":\"https:\\\/\\\/mimatica.com\\\/wp-content\\\/uploads\\\/2025\\\/07\\\/roca-fosforica-para-plantas-1.webp\",\"width\":1384,\"height\":1730,\"caption\":\"roca-fosf\u00f3rica-para-plantas\"},{\"@type\":\"BreadcrumbList\",\"@id\":\"https:\\\/\\\/mimatica.com\\\/Tienda\\\/roca-fosforica-para-plantas\\\/#breadcrumb\",\"itemListElement\":[{\"@type\":\"ListItem\",\"position\":1,\"name\":\"Portada\",\"item\":\"https:\\\/\\\/mimatica.com\\\/\"},{\"@type\":\"ListItem\",\"position\":2,\"name\":\"Tienda\",\"item\":\"https:\\\/\\\/mimatica.com\\\/tienda\\\/\"},{\"@type\":\"ListItem\",\"position\":3,\"name\":\"Roca fosf\u00f3rica para Plantas\"}]},{\"@type\":\"WebSite\",\"@id\":\"https:\\\/\\\/mimatica.com\\\/#website\",\"url\":\"https:\\\/\\\/mimatica.com\\\/\",\"name\":\"Mi Matica Vivero Boutique\",\"description\":\"Plantas naturales, orqu\u00eddeas y materas artesanales.\",\"publisher\":{\"@id\":\"https:\\\/\\\/mimatica.com\\\/#organization\"},\"potentialAction\":[{\"@type\":\"SearchAction\",\"target\":{\"@type\":\"EntryPoint\",\"urlTemplate\":\"https:\\\/\\\/mimatica.com\\\/?s={search_term_string}\"},\"query-input\":{\"@type\":\"PropertyValueSpecification\",\"valueRequired\":true,\"valueName\":\"search_term_string\"}}],\"inLanguage\":\"en-US\"},{\"@type\":\"Organization\",\"@id\":\"https:\\\/\\\/mimatica.com\\\/#organization\",\"name\":\"Mi Matica Vivero Boutique\",\"url\":\"https:\\\/\\\/mimatica.com\\\/\",\"logo\":{\"@type\":\"ImageObject\",\"inLanguage\":\"en-US\",\"@id\":\"https:\\\/\\\/mimatica.com\\\/#\\\/schema\\\/logo\\\/image\\\/\",\"url\":\"https:\\\/\\\/mimatica.com\\\/wp-content\\\/uploads\\\/2020\\\/11\\\/Logo_Mi-Matica-e1662941170182.png\",\"contentUrl\":\"https:\\\/\\\/mimatica.com\\\/wp-content\\\/uploads\\\/2020\\\/11\\\/Logo_Mi-Matica-e1662941170182.png\",\"width\":120,\"height\":61,\"caption\":\"Mi Matica Vivero Boutique\"},\"image\":{\"@id\":\"https:\\\/\\\/mimatica.com\\\/#\\\/schema\\\/logo\\\/image\\\/\"},\"sameAs\":[\"https:\\\/\\\/www.facebook.com\\\/mimatica.vivero\",\"https:\\\/\\\/www.instagram.com\\\/mimatica.vivero\\\/\",\"https:\\\/\\\/pinterest.com\\\/mimaticavivero\\\/\"]}]}<\/script>\n<!-- \/ Yoast SEO plugin. -->","yoast_head_json":{"title":"Roca fosf\u00f3rica para Plantas - Mi Matica Vivero Boutique","description":"Roca fosf\u00f3rica natural con f\u00f3sforo y calcio. Mejora el suelo, fortalece ra\u00edces y favorece la floraci\u00f3n y maduraci\u00f3n de frutos. Ideal para jardiner\u00eda. \u2600\ufe0f\ud83c\udf33","robots":{"index":"index","follow":"follow","max-snippet":"max-snippet:-1","max-image-preview":"max-image-preview:large","max-video-preview":"max-video-preview:-1"},"canonical":"https:\/\/mimatica.com\/en\/Tienda\/roca-fosforica-para-plantas\/","og_locale":"en_US","og_type":"article","og_title":"Roca fosf\u00f3rica para Plantas - Mi Matica Vivero Boutique","og_description":"Roca fosf\u00f3rica natural con f\u00f3sforo y calcio. Mejora el suelo, fortalece ra\u00edces y favorece la floraci\u00f3n y maduraci\u00f3n de frutos. Ideal para jardiner\u00eda. \u2600\ufe0f\ud83c\udf33","og_url":"https:\/\/mimatica.com\/en\/Tienda\/roca-fosforica-para-plantas\/","og_site_name":"Mi Matica Vivero Boutique","article_publisher":"https:\/\/www.facebook.com\/mimatica.vivero","article_modified_time":"2025-07-29T18:47:14+00:00","og_image":[{"width":1384,"height":1730,"url":"https:\/\/mimatica.com\/wp-content\/uploads\/2025\/07\/roca-fosforica-para-plantas-1.webp","type":"image\/webp"}],"twitter_card":"summary_large_image","twitter_misc":{"Est. reading time":"2 minutes"},"schema":{"@context":"https:\/\/schema.org","@graph":[{"@type":"WebPage","@id":"https:\/\/mimatica.com\/Tienda\/roca-fosforica-para-plantas\/","url":"https:\/\/mimatica.com\/Tienda\/roca-fosforica-para-plantas\/","name":"Roca fosf\u00f3rica para Plantas - Mi Matica Vivero Boutique","isPartOf":{"@id":"https:\/\/mimatica.com\/#website"},"primaryImageOfPage":{"@id":"https:\/\/mimatica.com\/Tienda\/roca-fosforica-para-plantas\/#primaryimage"},"image":{"@id":"https:\/\/mimatica.com\/Tienda\/roca-fosforica-para-plantas\/#primaryimage"},"thumbnailUrl":"https:\/\/mimatica.com\/wp-content\/uploads\/2025\/07\/roca-fosforica-para-plantas-1.webp","datePublished":"2025-07-25T20:10:13+00:00","dateModified":"2025-07-29T18:47:14+00:00","description":"Roca fosf\u00f3rica natural con f\u00f3sforo y calcio. Mejora el suelo, fortalece ra\u00edces y favorece la floraci\u00f3n y maduraci\u00f3n de frutos. Ideal para jardiner\u00eda. \u2600\ufe0f\ud83c\udf33","breadcrumb":{"@id":"https:\/\/mimatica.com\/Tienda\/roca-fosforica-para-plantas\/#breadcrumb"},"inLanguage":"en-US","potentialAction":[{"@type":"ReadAction","target":["https:\/\/mimatica.com\/Tienda\/roca-fosforica-para-plantas\/"]}]},{"@type":"ImageObject","inLanguage":"en-US","@id":"https:\/\/mimatica.com\/Tienda\/roca-fosforica-para-plantas\/#primaryimage","url":"https:\/\/mimatica.com\/wp-content\/uploads\/2025\/07\/roca-fosforica-para-plantas-1.webp","contentUrl":"https:\/\/mimatica.com\/wp-content\/uploads\/2025\/07\/roca-fosforica-para-plantas-1.webp","width":1384,"height":1730,"caption":"roca-fosf\u00f3rica-para-plantas"},{"@type":"BreadcrumbList","@id":"https:\/\/mimatica.com\/Tienda\/roca-fosforica-para-plantas\/#breadcrumb","itemListElement":[{"@type":"ListItem","position":1,"name":"Portada","item":"https:\/\/mimatica.com\/"},{"@type":"ListItem","position":2,"name":"Tienda","item":"https:\/\/mimatica.com\/tienda\/"},{"@type":"ListItem","position":3,"name":"Roca fosf\u00f3rica para Plantas"}]},{"@type":"WebSite","@id":"https:\/\/mimatica.com\/#website","url":"https:\/\/mimatica.com\/","name":"Mi Matica Vivero Boutique","description":"Plantas naturales, orqu\u00eddeas y materas artesanales.","publisher":{"@id":"https:\/\/mimatica.com\/#organization"},"potentialAction":[{"@type":"SearchAction","target":{"@type":"EntryPoint","urlTemplate":"https:\/\/mimatica.com\/?s={search_term_string}"},"query-input":{"@type":"PropertyValueSpecification","valueRequired":true,"valueName":"search_term_string"}}],"inLanguage":"en-US"},{"@type":"Organization","@id":"https:\/\/mimatica.com\/#organization","name":"Mi Matica Vivero Boutique","url":"https:\/\/mimatica.com\/","logo":{"@type":"ImageObject","inLanguage":"en-US","@id":"https:\/\/mimatica.com\/#\/schema\/logo\/image\/","url":"https:\/\/mimatica.com\/wp-content\/uploads\/2020\/11\/Logo_Mi-Matica-e1662941170182.png","contentUrl":"https:\/\/mimatica.com\/wp-content\/uploads\/2020\/11\/Logo_Mi-Matica-e1662941170182.png","width":120,"height":61,"caption":"Mi Matica Vivero Boutique"},"image":{"@id":"https:\/\/mimatica.com\/#\/schema\/logo\/image\/"},"sameAs":["https:\/\/www.facebook.com\/mimatica.vivero","https:\/\/www.instagram.com\/mimatica.vivero\/","https:\/\/pinterest.com\/mimaticavivero\/"]}]}},"jetpack_sharing_enabled":true,"_links":{"self":[{"href":"https:\/\/mimatica.com\/en\/wp-json\/wp\/v2\/product\/10530","targetHints":{"allow":["GET"]}}],"collection":[{"href":"https:\/\/mimatica.com\/en\/wp-json\/wp\/v2\/product"}],"about":[{"href":"https:\/\/mimatica.com\/en\/wp-json\/wp\/v2\/types\/product"}],"replies":[{"embeddable":true,"href":"https:\/\/mimatica.com\/en\/wp-json\/wp\/v2\/comments?post=10530"}],"version-history":[{"count":2,"href":"https:\/\/mimatica.com\/en\/wp-json\/wp\/v2\/product\/10530\/revisions"}],"predecessor-version":[{"id":10614,"href":"https:\/\/mimatica.com\/en\/wp-json\/wp\/v2\/product\/10530\/revisions\/10614"}],"wp:featuredmedia":[{"embeddable":true,"href":"https:\/\/mimatica.com\/en\/wp-json\/wp\/v2\/media\/10617"}],"wp:attachment":[{"href":"https:\/\/mimatica.com\/en\/wp-json\/wp\/v2\/media?parent=10530"}],"wp:term":[{"taxonomy":"product_brand","embeddable":true,"href":"https:\/\/mimatica.com\/en\/wp-json\/wp\/v2\/product_brand?post=10530"},{"taxonomy":"product_cat","embeddable":true,"href":"https:\/\/mimatica.com\/en\/wp-json\/wp\/v2\/product_cat?post=10530"},{"taxonomy":"product_tag","embeddable":true,"href":"https:\/\/mimatica.com\/en\/wp-json\/wp\/v2\/product_tag?post=10530"}],"curies":[{"name":"wp","href":"https:\/\/api.w.org\/{rel}","templated":true}]}}