{"id":11069,"date":"2025-10-20T14:01:44","date_gmt":"2025-10-20T19:01:44","guid":{"rendered":"https:\/\/mimatica.com\/?post_type=product&#038;p=11069"},"modified":"2025-10-20T14:28:59","modified_gmt":"2025-10-20T19:28:59","slug":"palma-z-en-matera-bomba-de-concreto-con-soporte-metalico","status":"publish","type":"product","link":"https:\/\/mimatica.com\/en\/Tienda\/palma-z-en-matera-bomba-de-concreto-con-soporte-metalico\/","title":{"rendered":"Palma Z en Matera Bomba de Concreto con Soporte Met\u00e1lico"},"content":{"rendered":"<div data-elementor-type=\"wp-post\" data-elementor-id=\"11069\" class=\"elementor elementor-11069\">\n\t\t\t\t<div class=\"elementor-element elementor-element-bd67256 e-grid e-con-full e-transform e-con e-parent\" data-id=\"bd67256\" data-element_type=\"container\" data-e-type=\"container\" data-settings=\"{&quot;background_background&quot;:&quot;classic&quot;,&quot;animation_mobile&quot;:&quot;fadeInUp&quot;,&quot;_transform_scaleX_effect&quot;:{&quot;unit&quot;:&quot;px&quot;,&quot;size&quot;:&quot;&quot;,&quot;sizes&quot;:[]},&quot;_transform_scaleX_effect_tablet&quot;:{&quot;unit&quot;:&quot;px&quot;,&quot;size&quot;:&quot;&quot;,&quot;sizes&quot;:[]},&quot;_transform_scaleX_effect_mobile&quot;:{&quot;unit&quot;:&quot;px&quot;,&quot;size&quot;:&quot;&quot;,&quot;sizes&quot;:[]},&quot;_transform_scaleY_effect&quot;:{&quot;unit&quot;:&quot;px&quot;,&quot;size&quot;:&quot;&quot;,&quot;sizes&quot;:[]},&quot;_transform_scaleY_effect_tablet&quot;:{&quot;unit&quot;:&quot;px&quot;,&quot;size&quot;:&quot;&quot;,&quot;sizes&quot;:[]},&quot;_transform_scaleY_effect_mobile&quot;:{&quot;unit&quot;:&quot;px&quot;,&quot;size&quot;:&quot;&quot;,&quot;sizes&quot;:[]}}\">\n\t\t\t\t<div class=\"elementor-element elementor-element-82d7d54 elementor-widget elementor-widget-image\" data-id=\"82d7d54\" data-element_type=\"widget\" data-e-type=\"widget\" data-widget_type=\"image.default\">\n\t\t\t\t<div class=\"elementor-widget-container\">\n\t\t\t\t\t\t\t\t\t\t\t\t\t\t\t<img decoding=\"async\" width=\"200\" height=\"200\" src=\"https:\/\/mimatica.com\/wp-content\/uploads\/2025\/04\/mi-matica-facil-cuidado.png\" class=\"attachment-full size-full wp-image-9467\" alt=\"\" \/>\t\t\t\t\t\t\t\t\t\t\t\t\t\t\t<\/div>\n\t\t\t\t<\/div>\n\t\t\t\t<div class=\"elementor-element elementor-element-94dde02 elementor-widget elementor-widget-image\" data-id=\"94dde02\" data-element_type=\"widget\" data-e-type=\"widget\" data-widget_type=\"image.default\">\n\t\t\t\t<div class=\"elementor-widget-container\">\n\t\t\t\t\t\t\t\t\t\t\t\t\t\t\t<img fetchpriority=\"high\" decoding=\"async\" width=\"800\" height=\"800\" src=\"https:\/\/mimatica.com\/wp-content\/uploads\/2025\/04\/mi-matica-luz-indirecta.png\" class=\"attachment-full size-full wp-image-9449\" alt=\"\" \/>\t\t\t\t\t\t\t\t\t\t\t\t\t\t\t<\/div>\n\t\t\t\t<\/div>\n\t\t\t\t<\/div>\n\t\t<div class=\"elementor-element elementor-element-6a144f3e e-flex e-con-boxed e-con e-parent\" data-id=\"6a144f3e\" data-element_type=\"container\" data-e-type=\"container\" data-settings=\"{&quot;animation_mobile&quot;:&quot;fadeInUp&quot;}\">\n\t\t\t\t\t<div class=\"e-con-inner\">\n\t\t\t\t<div class=\"elementor-element elementor-element-29706634 elementor-widget elementor-widget-text-editor\" data-id=\"29706634\" data-element_type=\"widget\" data-e-type=\"widget\" data-widget_type=\"text-editor.default\">\n\t\t\t\t<div class=\"elementor-widget-container\">\n\t\t\t\t\t\t\t\t\t<p data-start=\"362\" data-end=\"730\">La <strong data-start=\"365\" data-end=\"400\">Palma Z (Zamioculca zamiifolia)<\/strong> en <strong data-start=\"404\" data-end=\"453\">matera bomba de concreto con soporte met\u00e1lico<\/strong> es una declaraci\u00f3n de elegancia sin esfuerzo. Sus hojas brillantes y erguidas hacen que esta matica parezca esculpida por la naturaleza misma, mientras que la matera blanca redonda, acompa\u00f1ada de una base met\u00e1lica negra tipo hairpin, a\u00f1ade un contraste contempor\u00e1neo perfecto.<\/p><p data-start=\"732\" data-end=\"1014\">En Mi Matica combinamos esta planta con una matera de concreto hecha a mano y soporte met\u00e1lico, creando un conjunto que resalta tanto por su belleza como por su practicidad. Es ideal para entradas modernas, oficinas con estilo o salas minimalistas que buscan un acento con car\u00e1cter.<\/p><p data-start=\"1016\" data-end=\"1218\">La Palma Z es famosa por su resistencia. Es capaz de prosperar con muy poca luz y riegos espaciados, lo que la convierte en una de las plantas m\u00e1s f\u00e1ciles de cuidar y m\u00e1s agradecidas que puedas tener.<\/p><p data-start=\"1220\" data-end=\"1374\">Su estilo limpio, ordenado y vertical transmite estabilidad, confianza y frescura. Una verdadera joya para quienes aman lo verde\u2026 pero sin complicaciones.<\/p><h3 data-start=\"1381\" data-end=\"1409\"><img decoding=\"async\" class=\"emoji\" role=\"img\" draggable=\"false\" src=\"https:\/\/s.w.org\/images\/core\/emoji\/16.0.1\/svg\/1f31e.svg\" alt=\"\ud83c\udf1e\" \/> Cuidados esenciales<\/h3><div>\u00a0<\/div><p data-start=\"1410\" data-end=\"1714\"><img decoding=\"async\" class=\"emoji\" role=\"img\" draggable=\"false\" src=\"https:\/\/s.w.org\/images\/core\/emoji\/16.0.1\/svg\/2600.svg\" alt=\"\u2600\ufe0f\" \/> <strong data-start=\"1413\" data-end=\"1421\">Luz:<\/strong> Se adapta muy bien a luz baja o media, pero prefiere luz natural indirecta.<\/p><p data-start=\"1410\" data-end=\"1714\"><br data-start=\"1497\" data-end=\"1500\" \/><img decoding=\"async\" class=\"emoji\" role=\"img\" draggable=\"false\" src=\"https:\/\/s.w.org\/images\/core\/emoji\/16.0.1\/svg\/1f4a7.svg\" alt=\"\ud83d\udca7\" \/> <strong data-start=\"1503\" data-end=\"1513\">Riego:<\/strong> Cada 10 a 15 d\u00edas. Espera a que el sustrato est\u00e9 seco completamente antes de volver a regar.<\/p><p data-start=\"1410\" data-end=\"1714\"><br data-start=\"1606\" data-end=\"1609\" \/><img decoding=\"async\" class=\"emoji\" role=\"img\" draggable=\"false\" src=\"https:\/\/s.w.org\/images\/core\/emoji\/16.0.1\/svg\/1f32b.svg\" alt=\"\ud83c\udf2b\ufe0f\" \/> <strong data-start=\"1613\" data-end=\"1625\">Humedad:<\/strong> No requiere humedad alta. Evita rociar en exceso.<\/p><p data-start=\"1410\" data-end=\"1714\"><br data-start=\"1675\" data-end=\"1678\" \/><img decoding=\"async\" class=\"emoji\" role=\"img\" draggable=\"false\" src=\"https:\/\/s.w.org\/images\/core\/emoji\/16.0.1\/svg\/1f6a8.svg\" alt=\"\ud83d\udea8\" \/> <strong data-start=\"1681\" data-end=\"1712\">Signos comunes de malestar:<\/strong><\/p><ul data-start=\"1715\" data-end=\"1832\"><li data-start=\"1715\" data-end=\"1766\"><p data-start=\"1717\" data-end=\"1766\"><strong data-start=\"1717\" data-end=\"1747\">Hojas amarillas o blandas:<\/strong> exceso de riego.<\/p><\/li><li data-start=\"1767\" data-end=\"1832\"><p data-start=\"1769\" data-end=\"1832\"><strong data-start=\"1769\" data-end=\"1796\">Hojas ca\u00eddas o p\u00e1lidas:<\/strong> falta de luz o riego muy espaciado.<\/p><\/li><\/ul><p data-start=\"1839\" data-end=\"1873\"><img decoding=\"async\" class=\"emoji\" role=\"img\" draggable=\"false\" src=\"https:\/\/s.w.org\/images\/core\/emoji\/16.0.1\/svg\/1f4e6.svg\" alt=\"\ud83d\udce6\" \/> <strong data-start=\"1842\" data-end=\"1871\">Disponibilidad y garant\u00eda<\/strong><\/p><ul data-start=\"1874\" data-end=\"2094\"><li data-start=\"1874\" data-end=\"1934\"><p data-start=\"1876\" data-end=\"1934\">Entregas en <strong data-start=\"1888\" data-end=\"1911\">Bucaramanga, C\u00facuta<\/strong> y env\u00edos nacionales.<\/p><\/li><li data-start=\"1935\" data-end=\"1989\"><p data-start=\"1937\" data-end=\"1989\"><strong data-start=\"1937\" data-end=\"1959\">Garant\u00eda de 7 d\u00edas<\/strong> por bienestar de la planta.<\/p><\/li><li data-start=\"1990\" data-end=\"2053\"><p data-start=\"1992\" data-end=\"2053\">Empaque seguro, con protecci\u00f3n y gu\u00eda de cuidados incluida.<\/p><\/li><li data-start=\"2054\" data-end=\"2094\"><p data-start=\"2056\" data-end=\"2094\">Acompa\u00f1amiento postventa v\u00eda WhatsApp.<\/p><\/li><\/ul><p data-start=\"2101\" data-end=\"2264\"><img decoding=\"async\" class=\"emoji\" role=\"img\" draggable=\"false\" src=\"https:\/\/s.w.org\/images\/core\/emoji\/16.0.1\/svg\/1f381.svg\" alt=\"\ud83c\udf81\" \/> <strong data-start=\"2104\" data-end=\"2124\">\u00bfEs para regalo?<\/strong><br data-start=\"2124\" data-end=\"2127\" \/>Incluye un mensaje personalizado sin costo adicional.<br data-start=\"2180\" data-end=\"2183\" \/>En Mi Matica creemos que regalar una matica es regalar vida, intenci\u00f3n y armon\u00eda.<\/p><p data-start=\"2101\" data-end=\"2264\">\u00a0<\/p><p data-start=\"2271\" data-end=\"2421\"><img decoding=\"async\" class=\"emoji\" role=\"img\" draggable=\"false\" src=\"https:\/\/s.w.org\/images\/core\/emoji\/16.0.1\/svg\/1f30d.svg\" alt=\"\ud83c\udf0d\" \/> <strong data-start=\"2274\" data-end=\"2294\">M\u00e1s informaci\u00f3n:<\/strong><br data-start=\"2294\" data-end=\"2297\" \/>Descubre m\u00e1s plantas para interiores:<br data-start=\"2334\" data-end=\"2337\" \/><img decoding=\"async\" class=\"emoji\" role=\"img\" draggable=\"false\" src=\"https:\/\/s.w.org\/images\/core\/emoji\/16.0.1\/svg\/1f449.svg\" alt=\"\ud83d\udc49\" \/> <a class=\"decorated-link\" href=\"https:\/\/mimatica.com\/en\/product-category\/plantas-de-interior\/\" target=\"_new\" rel=\"noopener\" data-start=\"2340\" data-end=\"2421\">Plantas de Interior<\/a><\/p>\t\t\t\t\t\t\t\t<\/div>\n\t\t\t\t<\/div>\n\t\t\t\t\t<\/div>\n\t\t\t\t<\/div>\n\t\t<div class=\"elementor-element elementor-element-e60112e e-flex e-con-boxed e-con e-parent\" data-id=\"e60112e\" data-element_type=\"container\" data-e-type=\"container\">\n\t\t\t\t\t<div class=\"e-con-inner\">\n\t\t\t\t\t<\/div>\n\t\t\t\t<\/div>\n\t\t\t\t<\/div>","protected":false},"excerpt":{"rendered":"<p data-start=\"272\" data-end=\"484\">Elegante, resistente y moderna. Esta Palma Z en matera redonda de concreto con base met\u00e1lica combina lo natural con lo sofisticado. Ideal para regalar o decorar espacios con estilo limpio y cero complicaciones.<\/p>\n<p data-start=\"486\" data-end=\"673\">\u2728 Requiere muy pocos cuidados, pero entrega much\u00edsima presencia.<br data-start=\"550\" data-end=\"553\" \/>Altura aproximada: 70 a 90\u202fcm desde la base hasta la punta de las hojas.<br data-start=\"625\" data-end=\"628\" \/>Incluye base met\u00e1lica + matera de concreto.<\/p>\n<p data-start=\"675\" data-end=\"754\">\ud83d\udcde <a href=\"https:\/\/wa.me\/3016593885\">Te escribimos despu\u00e9s de la compra<\/a> para confirmar los detalles de entrega \ud83d\udc9a<\/p>","protected":false},"featured_media":11072,"comment_status":"open","ping_status":"closed","template":"","meta":[],"product_brand":[],"product_cat":[148],"product_tag":[175,177,187,171,169,173],"class_list":{"0":"post-11069","1":"product","2":"type-product","3":"status-publish","4":"has-post-thumbnail","6":"product_cat-plantas-de-interior","7":"product_tag-decoracion-natural","8":"product_tag-faciles-de-cuidar","9":"product_tag-luz-indirecta","10":"product_tag-matera-de-concreto-artesanal","11":"product_tag-planta-de-piso-grande","12":"product_tag-planta-decorativa-interior","13":"product_shipping_class-materas-grandes","16":"instock","17":"shipping-taxable","18":"purchasable","19":"product-type-simple"},"yoast_head":"<!-- This site is optimized with the Yoast SEO plugin v27.3 - https:\/\/yoast.com\/product\/yoast-seo-wordpress\/ -->\n<title>Palma Z en Matera Bomba de Concreto con Soporte Met\u00e1lico - Mi Matica Vivero Boutique<\/title>\n<meta name=\"description\" content=\"Lengua de Suegra en Matera en U de Concreto Artesanal. Superresistente, ideal para interiores modernos. Env\u00edos a toda Colombia.\" \/>\n<meta name=\"robots\" content=\"index, follow, max-snippet:-1, max-image-preview:large, max-video-preview:-1\" \/>\n<link rel=\"canonical\" href=\"https:\/\/mimatica.com\/en\/Tienda\/palma-z-en-matera-bomba-de-concreto-con-soporte-metalico\/\" \/>\n<meta property=\"og:locale\" content=\"en_US\" \/>\n<meta property=\"og:type\" content=\"article\" \/>\n<meta property=\"og:title\" content=\"Palma Z en Matera Bomba de Concreto con Soporte Met\u00e1lico - Mi Matica Vivero Boutique\" \/>\n<meta property=\"og:description\" content=\"Lengua de Suegra en Matera en U de Concreto Artesanal. Superresistente, ideal para interiores modernos. Env\u00edos a toda Colombia.\" \/>\n<meta property=\"og:url\" content=\"https:\/\/mimatica.com\/en\/Tienda\/palma-z-en-matera-bomba-de-concreto-con-soporte-metalico\/\" \/>\n<meta property=\"og:site_name\" content=\"Mi Matica Vivero Boutique\" \/>\n<meta property=\"article:publisher\" content=\"https:\/\/www.facebook.com\/mimatica.vivero\" \/>\n<meta property=\"article:modified_time\" content=\"2025-10-20T19:28:59+00:00\" \/>\n<meta property=\"og:image\" content=\"https:\/\/mimatica.com\/wp-content\/uploads\/2025\/10\/palma-zz-en-matera-bomba-de-concreto-con-soporte-metalico-scaled.webp\" \/>\n\t<meta property=\"og:image:width\" content=\"2048\" \/>\n\t<meta property=\"og:image:height\" content=\"2560\" \/>\n\t<meta property=\"og:image:type\" content=\"image\/webp\" \/>\n<meta name=\"twitter:card\" content=\"summary_large_image\" \/>\n<meta name=\"twitter:label1\" content=\"Est. reading time\" \/>\n\t<meta name=\"twitter:data1\" content=\"4 minutes\" \/>\n<script type=\"application\/ld+json\" class=\"yoast-schema-graph\">{\"@context\":\"https:\\\/\\\/schema.org\",\"@graph\":[{\"@type\":\"WebPage\",\"@id\":\"https:\\\/\\\/mimatica.com\\\/Tienda\\\/palma-z-en-matera-bomba-de-concreto-con-soporte-metalico\\\/\",\"url\":\"https:\\\/\\\/mimatica.com\\\/Tienda\\\/palma-z-en-matera-bomba-de-concreto-con-soporte-metalico\\\/\",\"name\":\"Palma Z en Matera Bomba de Concreto con Soporte Met\u00e1lico - Mi Matica Vivero Boutique\",\"isPartOf\":{\"@id\":\"https:\\\/\\\/mimatica.com\\\/#website\"},\"primaryImageOfPage\":{\"@id\":\"https:\\\/\\\/mimatica.com\\\/Tienda\\\/palma-z-en-matera-bomba-de-concreto-con-soporte-metalico\\\/#primaryimage\"},\"image\":{\"@id\":\"https:\\\/\\\/mimatica.com\\\/Tienda\\\/palma-z-en-matera-bomba-de-concreto-con-soporte-metalico\\\/#primaryimage\"},\"thumbnailUrl\":\"https:\\\/\\\/mimatica.com\\\/wp-content\\\/uploads\\\/2025\\\/10\\\/palma-zz-en-matera-bomba-de-concreto-con-soporte-metalico-scaled.webp\",\"datePublished\":\"2025-10-20T19:01:44+00:00\",\"dateModified\":\"2025-10-20T19:28:59+00:00\",\"description\":\"Lengua de Suegra en Matera en U de Concreto Artesanal. Superresistente, ideal para interiores modernos. Env\u00edos a toda Colombia.\",\"breadcrumb\":{\"@id\":\"https:\\\/\\\/mimatica.com\\\/Tienda\\\/palma-z-en-matera-bomba-de-concreto-con-soporte-metalico\\\/#breadcrumb\"},\"inLanguage\":\"en-US\",\"potentialAction\":[{\"@type\":\"ReadAction\",\"target\":[\"https:\\\/\\\/mimatica.com\\\/Tienda\\\/palma-z-en-matera-bomba-de-concreto-con-soporte-metalico\\\/\"]}]},{\"@type\":\"ImageObject\",\"inLanguage\":\"en-US\",\"@id\":\"https:\\\/\\\/mimatica.com\\\/Tienda\\\/palma-z-en-matera-bomba-de-concreto-con-soporte-metalico\\\/#primaryimage\",\"url\":\"https:\\\/\\\/mimatica.com\\\/wp-content\\\/uploads\\\/2025\\\/10\\\/palma-zz-en-matera-bomba-de-concreto-con-soporte-metalico-scaled.webp\",\"contentUrl\":\"https:\\\/\\\/mimatica.com\\\/wp-content\\\/uploads\\\/2025\\\/10\\\/palma-zz-en-matera-bomba-de-concreto-con-soporte-metalico-scaled.webp\",\"width\":2048,\"height\":2560,\"caption\":\"palma z en matera bomba de concreto con soporte metalico\"},{\"@type\":\"BreadcrumbList\",\"@id\":\"https:\\\/\\\/mimatica.com\\\/Tienda\\\/palma-z-en-matera-bomba-de-concreto-con-soporte-metalico\\\/#breadcrumb\",\"itemListElement\":[{\"@type\":\"ListItem\",\"position\":1,\"name\":\"Portada\",\"item\":\"https:\\\/\\\/mimatica.com\\\/\"},{\"@type\":\"ListItem\",\"position\":2,\"name\":\"Tienda\",\"item\":\"https:\\\/\\\/mimatica.com\\\/tienda\\\/\"},{\"@type\":\"ListItem\",\"position\":3,\"name\":\"Palma Z en Matera Bomba de Concreto con Soporte Met\u00e1lico\"}]},{\"@type\":\"WebSite\",\"@id\":\"https:\\\/\\\/mimatica.com\\\/#website\",\"url\":\"https:\\\/\\\/mimatica.com\\\/\",\"name\":\"Mi Matica Vivero Boutique\",\"description\":\"Plantas naturales, orqu\u00eddeas y materas artesanales.\",\"publisher\":{\"@id\":\"https:\\\/\\\/mimatica.com\\\/#organization\"},\"potentialAction\":[{\"@type\":\"SearchAction\",\"target\":{\"@type\":\"EntryPoint\",\"urlTemplate\":\"https:\\\/\\\/mimatica.com\\\/?s={search_term_string}\"},\"query-input\":{\"@type\":\"PropertyValueSpecification\",\"valueRequired\":true,\"valueName\":\"search_term_string\"}}],\"inLanguage\":\"en-US\"},{\"@type\":\"Organization\",\"@id\":\"https:\\\/\\\/mimatica.com\\\/#organization\",\"name\":\"Mi Matica Vivero Boutique\",\"url\":\"https:\\\/\\\/mimatica.com\\\/\",\"logo\":{\"@type\":\"ImageObject\",\"inLanguage\":\"en-US\",\"@id\":\"https:\\\/\\\/mimatica.com\\\/#\\\/schema\\\/logo\\\/image\\\/\",\"url\":\"https:\\\/\\\/mimatica.com\\\/wp-content\\\/uploads\\\/2020\\\/11\\\/Logo_Mi-Matica-e1662941170182.png\",\"contentUrl\":\"https:\\\/\\\/mimatica.com\\\/wp-content\\\/uploads\\\/2020\\\/11\\\/Logo_Mi-Matica-e1662941170182.png\",\"width\":120,\"height\":61,\"caption\":\"Mi Matica Vivero Boutique\"},\"image\":{\"@id\":\"https:\\\/\\\/mimatica.com\\\/#\\\/schema\\\/logo\\\/image\\\/\"},\"sameAs\":[\"https:\\\/\\\/www.facebook.com\\\/mimatica.vivero\",\"https:\\\/\\\/www.instagram.com\\\/mimatica.vivero\\\/\",\"https:\\\/\\\/pinterest.com\\\/mimaticavivero\\\/\"]}]}<\/script>\n<!-- \/ Yoast SEO plugin. -->","yoast_head_json":{"title":"Palma Z en Matera Bomba de Concreto con Soporte Met\u00e1lico - Mi Matica Vivero Boutique","description":"Lengua de Suegra en Matera en U de Concreto Artesanal. Superresistente, ideal para interiores modernos. Env\u00edos a toda Colombia.","robots":{"index":"index","follow":"follow","max-snippet":"max-snippet:-1","max-image-preview":"max-image-preview:large","max-video-preview":"max-video-preview:-1"},"canonical":"https:\/\/mimatica.com\/en\/Tienda\/palma-z-en-matera-bomba-de-concreto-con-soporte-metalico\/","og_locale":"en_US","og_type":"article","og_title":"Palma Z en Matera Bomba de Concreto con Soporte Met\u00e1lico - Mi Matica Vivero Boutique","og_description":"Lengua de Suegra en Matera en U de Concreto Artesanal. Superresistente, ideal para interiores modernos. Env\u00edos a toda Colombia.","og_url":"https:\/\/mimatica.com\/en\/Tienda\/palma-z-en-matera-bomba-de-concreto-con-soporte-metalico\/","og_site_name":"Mi Matica Vivero Boutique","article_publisher":"https:\/\/www.facebook.com\/mimatica.vivero","article_modified_time":"2025-10-20T19:28:59+00:00","og_image":[{"width":2048,"height":2560,"url":"https:\/\/mimatica.com\/wp-content\/uploads\/2025\/10\/palma-zz-en-matera-bomba-de-concreto-con-soporte-metalico-scaled.webp","type":"image\/webp"}],"twitter_card":"summary_large_image","twitter_misc":{"Est. reading time":"4 minutes"},"schema":{"@context":"https:\/\/schema.org","@graph":[{"@type":"WebPage","@id":"https:\/\/mimatica.com\/Tienda\/palma-z-en-matera-bomba-de-concreto-con-soporte-metalico\/","url":"https:\/\/mimatica.com\/Tienda\/palma-z-en-matera-bomba-de-concreto-con-soporte-metalico\/","name":"Palma Z en Matera Bomba de Concreto con Soporte Met\u00e1lico - Mi Matica Vivero Boutique","isPartOf":{"@id":"https:\/\/mimatica.com\/#website"},"primaryImageOfPage":{"@id":"https:\/\/mimatica.com\/Tienda\/palma-z-en-matera-bomba-de-concreto-con-soporte-metalico\/#primaryimage"},"image":{"@id":"https:\/\/mimatica.com\/Tienda\/palma-z-en-matera-bomba-de-concreto-con-soporte-metalico\/#primaryimage"},"thumbnailUrl":"https:\/\/mimatica.com\/wp-content\/uploads\/2025\/10\/palma-zz-en-matera-bomba-de-concreto-con-soporte-metalico-scaled.webp","datePublished":"2025-10-20T19:01:44+00:00","dateModified":"2025-10-20T19:28:59+00:00","description":"Lengua de Suegra en Matera en U de Concreto Artesanal. Superresistente, ideal para interiores modernos. Env\u00edos a toda Colombia.","breadcrumb":{"@id":"https:\/\/mimatica.com\/Tienda\/palma-z-en-matera-bomba-de-concreto-con-soporte-metalico\/#breadcrumb"},"inLanguage":"en-US","potentialAction":[{"@type":"ReadAction","target":["https:\/\/mimatica.com\/Tienda\/palma-z-en-matera-bomba-de-concreto-con-soporte-metalico\/"]}]},{"@type":"ImageObject","inLanguage":"en-US","@id":"https:\/\/mimatica.com\/Tienda\/palma-z-en-matera-bomba-de-concreto-con-soporte-metalico\/#primaryimage","url":"https:\/\/mimatica.com\/wp-content\/uploads\/2025\/10\/palma-zz-en-matera-bomba-de-concreto-con-soporte-metalico-scaled.webp","contentUrl":"https:\/\/mimatica.com\/wp-content\/uploads\/2025\/10\/palma-zz-en-matera-bomba-de-concreto-con-soporte-metalico-scaled.webp","width":2048,"height":2560,"caption":"palma z en matera bomba de concreto con soporte metalico"},{"@type":"BreadcrumbList","@id":"https:\/\/mimatica.com\/Tienda\/palma-z-en-matera-bomba-de-concreto-con-soporte-metalico\/#breadcrumb","itemListElement":[{"@type":"ListItem","position":1,"name":"Portada","item":"https:\/\/mimatica.com\/"},{"@type":"ListItem","position":2,"name":"Tienda","item":"https:\/\/mimatica.com\/tienda\/"},{"@type":"ListItem","position":3,"name":"Palma Z en Matera Bomba de Concreto con Soporte Met\u00e1lico"}]},{"@type":"WebSite","@id":"https:\/\/mimatica.com\/#website","url":"https:\/\/mimatica.com\/","name":"Mi Matica Vivero Boutique","description":"Plantas naturales, orqu\u00eddeas y materas artesanales.","publisher":{"@id":"https:\/\/mimatica.com\/#organization"},"potentialAction":[{"@type":"SearchAction","target":{"@type":"EntryPoint","urlTemplate":"https:\/\/mimatica.com\/?s={search_term_string}"},"query-input":{"@type":"PropertyValueSpecification","valueRequired":true,"valueName":"search_term_string"}}],"inLanguage":"en-US"},{"@type":"Organization","@id":"https:\/\/mimatica.com\/#organization","name":"Mi Matica Vivero Boutique","url":"https:\/\/mimatica.com\/","logo":{"@type":"ImageObject","inLanguage":"en-US","@id":"https:\/\/mimatica.com\/#\/schema\/logo\/image\/","url":"https:\/\/mimatica.com\/wp-content\/uploads\/2020\/11\/Logo_Mi-Matica-e1662941170182.png","contentUrl":"https:\/\/mimatica.com\/wp-content\/uploads\/2020\/11\/Logo_Mi-Matica-e1662941170182.png","width":120,"height":61,"caption":"Mi Matica Vivero Boutique"},"image":{"@id":"https:\/\/mimatica.com\/#\/schema\/logo\/image\/"},"sameAs":["https:\/\/www.facebook.com\/mimatica.vivero","https:\/\/www.instagram.com\/mimatica.vivero\/","https:\/\/pinterest.com\/mimaticavivero\/"]}]}},"jetpack_sharing_enabled":true,"_links":{"self":[{"href":"https:\/\/mimatica.com\/en\/wp-json\/wp\/v2\/product\/11069","targetHints":{"allow":["GET"]}}],"collection":[{"href":"https:\/\/mimatica.com\/en\/wp-json\/wp\/v2\/product"}],"about":[{"href":"https:\/\/mimatica.com\/en\/wp-json\/wp\/v2\/types\/product"}],"replies":[{"embeddable":true,"href":"https:\/\/mimatica.com\/en\/wp-json\/wp\/v2\/comments?post=11069"}],"version-history":[{"count":8,"href":"https:\/\/mimatica.com\/en\/wp-json\/wp\/v2\/product\/11069\/revisions"}],"predecessor-version":[{"id":11082,"href":"https:\/\/mimatica.com\/en\/wp-json\/wp\/v2\/product\/11069\/revisions\/11082"}],"wp:featuredmedia":[{"embeddable":true,"href":"https:\/\/mimatica.com\/en\/wp-json\/wp\/v2\/media\/11072"}],"wp:attachment":[{"href":"https:\/\/mimatica.com\/en\/wp-json\/wp\/v2\/media?parent=11069"}],"wp:term":[{"taxonomy":"product_brand","embeddable":true,"href":"https:\/\/mimatica.com\/en\/wp-json\/wp\/v2\/product_brand?post=11069"},{"taxonomy":"product_cat","embeddable":true,"href":"https:\/\/mimatica.com\/en\/wp-json\/wp\/v2\/product_cat?post=11069"},{"taxonomy":"product_tag","embeddable":true,"href":"https:\/\/mimatica.com\/en\/wp-json\/wp\/v2\/product_tag?post=11069"}],"curies":[{"name":"wp","href":"https:\/\/api.w.org\/{rel}","templated":true}]}}