{"id":11098,"date":"2025-10-20T16:38:15","date_gmt":"2025-10-20T21:38:15","guid":{"rendered":"https:\/\/mimatica.com\/?post_type=product&#038;p=11098"},"modified":"2025-10-20T18:17:09","modified_gmt":"2025-10-20T23:17:09","slug":"olivo-negro-en-matera-bolo-de-concreto-artesanal","status":"publish","type":"product","link":"https:\/\/mimatica.com\/en\/Tienda\/olivo-negro-en-matera-bolo-de-concreto-artesanal\/","title":{"rendered":"Olivo Negro en Matera Bolo de Concreto Artesanal"},"content":{"rendered":"<div data-elementor-type=\"wp-post\" data-elementor-id=\"11098\" class=\"elementor elementor-11098\">\n\t\t\t\t<div class=\"elementor-element elementor-element-bd67256 e-grid e-con-full e-transform e-con e-parent\" data-id=\"bd67256\" data-element_type=\"container\" data-e-type=\"container\" data-settings=\"{&quot;background_background&quot;:&quot;classic&quot;,&quot;animation_mobile&quot;:&quot;fadeInUp&quot;,&quot;_transform_scaleX_effect&quot;:{&quot;unit&quot;:&quot;px&quot;,&quot;size&quot;:&quot;&quot;,&quot;sizes&quot;:[]},&quot;_transform_scaleX_effect_tablet&quot;:{&quot;unit&quot;:&quot;px&quot;,&quot;size&quot;:&quot;&quot;,&quot;sizes&quot;:[]},&quot;_transform_scaleX_effect_mobile&quot;:{&quot;unit&quot;:&quot;px&quot;,&quot;size&quot;:&quot;&quot;,&quot;sizes&quot;:[]},&quot;_transform_scaleY_effect&quot;:{&quot;unit&quot;:&quot;px&quot;,&quot;size&quot;:&quot;&quot;,&quot;sizes&quot;:[]},&quot;_transform_scaleY_effect_tablet&quot;:{&quot;unit&quot;:&quot;px&quot;,&quot;size&quot;:&quot;&quot;,&quot;sizes&quot;:[]},&quot;_transform_scaleY_effect_mobile&quot;:{&quot;unit&quot;:&quot;px&quot;,&quot;size&quot;:&quot;&quot;,&quot;sizes&quot;:[]}}\">\n\t\t\t\t<div class=\"elementor-element elementor-element-c6f1f69 elementor-widget elementor-widget-image\" data-id=\"c6f1f69\" data-element_type=\"widget\" data-e-type=\"widget\" data-widget_type=\"image.default\">\n\t\t\t\t<div class=\"elementor-widget-container\">\n\t\t\t\t\t\t\t\t\t\t\t\t\t\t\t<img decoding=\"async\" width=\"200\" height=\"200\" src=\"https:\/\/mimatica.com\/wp-content\/uploads\/2025\/04\/mi-matica-pet-friendly.png\" class=\"attachment-full size-full wp-image-9450\" alt=\"\" \/>\t\t\t\t\t\t\t\t\t\t\t\t\t\t\t<\/div>\n\t\t\t\t<\/div>\n\t\t\t\t<div class=\"elementor-element elementor-element-82d7d54 elementor-widget elementor-widget-image\" data-id=\"82d7d54\" data-element_type=\"widget\" data-e-type=\"widget\" data-widget_type=\"image.default\">\n\t\t\t\t<div class=\"elementor-widget-container\">\n\t\t\t\t\t\t\t\t\t\t\t\t\t\t\t<img decoding=\"async\" width=\"200\" height=\"200\" src=\"https:\/\/mimatica.com\/wp-content\/uploads\/2025\/04\/mi-matica-facil-cuidado.png\" class=\"attachment-full size-full wp-image-9467\" alt=\"\" \/>\t\t\t\t\t\t\t\t\t\t\t\t\t\t\t<\/div>\n\t\t\t\t<\/div>\n\t\t\t\t<div class=\"elementor-element elementor-element-94dde02 elementor-widget elementor-widget-image\" data-id=\"94dde02\" data-element_type=\"widget\" data-e-type=\"widget\" data-widget_type=\"image.default\">\n\t\t\t\t<div class=\"elementor-widget-container\">\n\t\t\t\t\t\t\t\t\t\t\t\t\t\t\t<img fetchpriority=\"high\" decoding=\"async\" width=\"800\" height=\"800\" src=\"https:\/\/mimatica.com\/wp-content\/uploads\/2025\/04\/mi-matica-sol-directo-suave.png\" class=\"attachment-full size-full wp-image-9451\" alt=\"\" \/>\t\t\t\t\t\t\t\t\t\t\t\t\t\t\t<\/div>\n\t\t\t\t<\/div>\n\t\t\t\t<\/div>\n\t\t<div class=\"elementor-element elementor-element-6a144f3e e-flex e-con-boxed e-con e-parent\" data-id=\"6a144f3e\" data-element_type=\"container\" data-e-type=\"container\" data-settings=\"{&quot;animation_mobile&quot;:&quot;fadeInUp&quot;}\">\n\t\t\t\t\t<div class=\"e-con-inner\">\n\t\t\t\t<div class=\"elementor-element elementor-element-29706634 elementor-widget elementor-widget-text-editor\" data-id=\"29706634\" data-element_type=\"widget\" data-e-type=\"widget\" data-widget_type=\"text-editor.default\">\n\t\t\t\t<div class=\"elementor-widget-container\">\n\t\t\t\t\t\t\t\t\t<p data-start=\"364\" data-end=\"725\">El <strong data-start=\"367\" data-end=\"382\">Olivo Negro<\/strong> (Bucida buceras), tambi\u00e9n conocido como <strong data-start=\"423\" data-end=\"456\">Olivo de sombra o falso olivo<\/strong>, es una planta de porte imponente y hojas verdes brillantes que se distribuyen de forma equilibrada, generando una silueta frondosa y elegante. En interiores bien iluminados, se convierte en el protagonista del espacio por su estructura vertical y su belleza tropical.<\/p><p data-start=\"727\" data-end=\"1079\">En <strong data-start=\"730\" data-end=\"743\">Mi Matica<\/strong>, lo sembramos en una <strong data-start=\"765\" data-end=\"807\">matera tipo bolo de concreto artesanal<\/strong>, de forma redonda, textura delicada y acabado sobrio, ideal para resaltar su forma natural. Es una pieza decorativa funcional, que aporta vida y sofisticaci\u00f3n sin recargar. Perfecta para salas amplias, oficinas modernas o entradas donde la armon\u00eda natural hace presencia.<\/p><p data-start=\"1081\" data-end=\"1274\">Es una matica resistente y de crecimiento pausado, que adem\u00e1s de decorar, genera sombra, calma y presencia. Una opci\u00f3n ideal para quienes aman lo verde y buscan algo diferente a lo tradicional.<\/p><h3 data-start=\"1281\" data-end=\"1309\"><img decoding=\"async\" class=\"emoji\" role=\"img\" draggable=\"false\" src=\"https:\/\/s.w.org\/images\/core\/emoji\/16.0.1\/svg\/1f31e.svg\" alt=\"\ud83c\udf1e\" \/> Cuidados esenciales<\/h3><p data-start=\"1310\" data-end=\"1694\">\u00a0<\/p><p data-start=\"1310\" data-end=\"1694\"><img decoding=\"async\" class=\"emoji\" role=\"img\" draggable=\"false\" src=\"https:\/\/s.w.org\/images\/core\/emoji\/16.0.1\/svg\/2600.svg\" alt=\"\u2600\ufe0f\" \/> <strong data-start=\"1313\" data-end=\"1321\">Luz:<\/strong> Necesita mucha luz natural indirecta o sol filtrado. Ideal cerca de ventanas amplias o terrazas techadas.<br data-start=\"1427\" data-end=\"1430\" \/><br \/><\/p><p data-start=\"1310\" data-end=\"1694\"><img decoding=\"async\" class=\"emoji\" role=\"img\" draggable=\"false\" src=\"https:\/\/s.w.org\/images\/core\/emoji\/16.0.1\/svg\/1f4a7.svg\" alt=\"\ud83d\udca7\" \/> <strong data-start=\"1433\" data-end=\"1443\">Riego:<\/strong> Cada <strong data-start=\"1449\" data-end=\"1463\">6 a 8 d\u00edas<\/strong>, asegur\u00e1ndote de regar alrededor del tallo y dejar secar la capa superior del sustrato.<br data-start=\"1551\" data-end=\"1554\" \/><br \/><\/p><p data-start=\"1310\" data-end=\"1694\"><img decoding=\"async\" class=\"emoji\" role=\"img\" draggable=\"false\" src=\"https:\/\/s.w.org\/images\/core\/emoji\/16.0.1\/svg\/1f32b.svg\" alt=\"\ud83c\udf2b\ufe0f\" \/> <strong data-start=\"1558\" data-end=\"1570\">Humedad:<\/strong> Le va bien en ambientes c\u00e1lidos como Bucaramanga. Agradece roc\u00edo fino en d\u00edas secos.<br data-start=\"1655\" data-end=\"1658\" \/><br \/><\/p><p data-start=\"1310\" data-end=\"1694\"><img decoding=\"async\" class=\"emoji\" role=\"img\" draggable=\"false\" src=\"https:\/\/s.w.org\/images\/core\/emoji\/16.0.1\/svg\/1f6a8.svg\" alt=\"\ud83d\udea8\" \/> <strong data-start=\"1661\" data-end=\"1692\">Signos comunes de malestar:<\/strong><\/p><ul data-start=\"1695\" data-end=\"1897\"><li data-start=\"1695\" data-end=\"1751\"><p data-start=\"1697\" data-end=\"1751\"><strong data-start=\"1697\" data-end=\"1717\">Hojas amarillas:<\/strong> exceso de riego o falta de luz.<\/p><\/li><li data-start=\"1752\" data-end=\"1817\"><p data-start=\"1754\" data-end=\"1817\"><strong data-start=\"1754\" data-end=\"1774\">Hojas marchitas:<\/strong> d\u00e9ficit h\u00eddrico o exceso de sol directo.<\/p><\/li><li data-start=\"1818\" data-end=\"1897\"><p data-start=\"1820\" data-end=\"1897\"><strong data-start=\"1820\" data-end=\"1842\">Crecimiento lento:<\/strong> requiere cambio de ubicaci\u00f3n o fertilizaci\u00f3n moderada.<\/p><\/li><\/ul><p data-start=\"1904\" data-end=\"1938\"><img decoding=\"async\" class=\"emoji\" role=\"img\" draggable=\"false\" src=\"https:\/\/s.w.org\/images\/core\/emoji\/16.0.1\/svg\/1f4e6.svg\" alt=\"\ud83d\udce6\" \/> <strong data-start=\"1907\" data-end=\"1936\">Disponibilidad y garant\u00eda<\/strong><\/p><ul data-start=\"1939\" data-end=\"2147\"><li data-start=\"1939\" data-end=\"1998\"><p data-start=\"1941\" data-end=\"1998\">Entregas en <strong data-start=\"1953\" data-end=\"1996\">Bucaramanga, C\u00facuta y env\u00edos nacionales<\/strong><\/p><\/li><li data-start=\"1999\" data-end=\"2052\"><p data-start=\"2001\" data-end=\"2052\"><strong data-start=\"2001\" data-end=\"2023\">Garant\u00eda de 7 d\u00edas<\/strong> por bienestar de la planta<\/p><\/li><li data-start=\"2053\" data-end=\"2105\"><p data-start=\"2055\" data-end=\"2105\">Empaque seguro, con protecci\u00f3n y gu\u00eda de cuidado<\/p><\/li><li data-start=\"2106\" data-end=\"2147\"><p data-start=\"2108\" data-end=\"2147\">Acompa\u00f1amiento postventa v\u00eda WhatsApp<\/p><\/li><\/ul><p data-start=\"2149\" data-end=\"2313\"><img decoding=\"async\" class=\"emoji\" role=\"img\" draggable=\"false\" src=\"https:\/\/s.w.org\/images\/core\/emoji\/16.0.1\/svg\/1f381.svg\" alt=\"\ud83c\udf81\" \/> <strong data-start=\"2152\" data-end=\"2172\">\u00bfEs para regalo?<\/strong><br data-start=\"2172\" data-end=\"2175\" \/>Incluye <strong data-start=\"2183\" data-end=\"2208\">mensaje personalizado<\/strong> sin costo adicional.<br data-start=\"2229\" data-end=\"2232\" \/>En Mi Matica creemos que regalar una matica es regalar vida, intenci\u00f3n y armon\u00eda.<\/p><p data-start=\"2320\" data-end=\"2470\">\u00a0<\/p><p data-start=\"2320\" data-end=\"2470\"><img decoding=\"async\" class=\"emoji\" role=\"img\" draggable=\"false\" src=\"https:\/\/s.w.org\/images\/core\/emoji\/16.0.1\/svg\/1f30d.svg\" alt=\"\ud83c\udf0d\" \/> <strong data-start=\"2323\" data-end=\"2343\">M\u00e1s informaci\u00f3n:<\/strong><br data-start=\"2343\" data-end=\"2346\" \/>Descubre m\u00e1s plantas para interiores:<br data-start=\"2383\" data-end=\"2386\" \/><img decoding=\"async\" class=\"emoji\" role=\"img\" draggable=\"false\" src=\"https:\/\/s.w.org\/images\/core\/emoji\/16.0.1\/svg\/1f449.svg\" alt=\"\ud83d\udc49\" \/> <a class=\"decorated-link\" href=\"https:\/\/mimatica.com\/en\/product-category\/plantas-de-interior\/\" target=\"_new\" rel=\"noopener\" data-start=\"2389\" data-end=\"2470\">Plantas de Interior<\/a><\/p>\t\t\t\t\t\t\t\t<\/div>\n\t\t\t\t<\/div>\n\t\t\t\t\t<\/div>\n\t\t\t\t<\/div>\n\t\t<div class=\"elementor-element elementor-element-e60112e e-flex e-con-boxed e-con e-parent\" data-id=\"e60112e\" data-element_type=\"container\" data-e-type=\"container\">\n\t\t\t\t\t<div class=\"e-con-inner\">\n\t\t\t\t\t<\/div>\n\t\t\t\t<\/div>\n\t\t\t\t<\/div>","protected":false},"excerpt":{"rendered":"<p data-start=\"2679\" data-end=\"2953\">Olivo Negro en <strong data-start=\"2694\" data-end=\"2731\">matera bolo de concreto artesanal<\/strong>, una planta con porte elegante, follaje brillante y estructura que impone.<br data-start=\"2806\" data-end=\"2809\" \/>Ideal para decorar espacios amplios con un toque sobrio y natural.<\/p>","protected":false},"featured_media":11122,"comment_status":"open","ping_status":"closed","template":"","meta":[],"product_brand":[],"product_cat":[231,148],"product_tag":[175,177,171,151,169,173,183],"class_list":{"0":"post-11098","1":"product","2":"type-product","3":"status-publish","4":"has-post-thumbnail","6":"product_cat-plantas-de-exterior","7":"product_cat-plantas-de-interior","8":"product_tag-decoracion-natural","9":"product_tag-faciles-de-cuidar","10":"product_tag-matera-de-concreto-artesanal","11":"product_tag-pet-friendly","12":"product_tag-planta-de-piso-grande","13":"product_tag-planta-decorativa-interior","14":"product_tag-sol-directo-suave","15":"product_shipping_class-materas-grandes","18":"instock","19":"shipping-taxable","20":"purchasable","21":"product-type-simple"},"yoast_head":"<!-- This site is optimized with the Yoast SEO plugin v27.3 - https:\/\/yoast.com\/product\/yoast-seo-wordpress\/ -->\n<title>Olivo Negro en Matera Bolo de Concreto Artesanal - Mi Matica Vivero Boutique<\/title>\n<meta name=\"description\" content=\"Olivo Negro en matera bolo de concreto. Elegancia tropical y dise\u00f1o sobrio. Ideal para regalar o decorar con presencia y equilibrio natural.\" \/>\n<meta name=\"robots\" content=\"index, follow, max-snippet:-1, max-image-preview:large, max-video-preview:-1\" \/>\n<link rel=\"canonical\" href=\"https:\/\/mimatica.com\/en\/Tienda\/olivo-negro-en-matera-bolo-de-concreto-artesanal\/\" \/>\n<meta property=\"og:locale\" content=\"en_US\" \/>\n<meta property=\"og:type\" content=\"article\" \/>\n<meta property=\"og:title\" content=\"Olivo Negro en Matera Bolo de Concreto Artesanal - Mi Matica Vivero Boutique\" \/>\n<meta property=\"og:description\" content=\"Olivo Negro en matera bolo de concreto. Elegancia tropical y dise\u00f1o sobrio. Ideal para regalar o decorar con presencia y equilibrio natural.\" \/>\n<meta property=\"og:url\" content=\"https:\/\/mimatica.com\/en\/Tienda\/olivo-negro-en-matera-bolo-de-concreto-artesanal\/\" \/>\n<meta property=\"og:site_name\" content=\"Mi Matica Vivero Boutique\" \/>\n<meta property=\"article:publisher\" content=\"https:\/\/www.facebook.com\/mimatica.vivero\" \/>\n<meta property=\"article:modified_time\" content=\"2025-10-20T23:17:09+00:00\" \/>\n<meta property=\"og:image\" content=\"https:\/\/mimatica.com\/wp-content\/uploads\/2025\/10\/olivo-negro-en-matera-bolo-de-concreto-artesanal-.webp\" \/>\n\t<meta property=\"og:image:width\" content=\"1080\" \/>\n\t<meta property=\"og:image:height\" content=\"1350\" \/>\n\t<meta property=\"og:image:type\" content=\"image\/webp\" \/>\n<meta name=\"twitter:card\" content=\"summary_large_image\" \/>\n<meta name=\"twitter:label1\" content=\"Est. reading time\" \/>\n\t<meta name=\"twitter:data1\" content=\"4 minutes\" \/>\n<script type=\"application\/ld+json\" class=\"yoast-schema-graph\">{\"@context\":\"https:\\\/\\\/schema.org\",\"@graph\":[{\"@type\":\"WebPage\",\"@id\":\"https:\\\/\\\/mimatica.com\\\/Tienda\\\/olivo-negro-en-matera-bolo-de-concreto-artesanal\\\/\",\"url\":\"https:\\\/\\\/mimatica.com\\\/Tienda\\\/olivo-negro-en-matera-bolo-de-concreto-artesanal\\\/\",\"name\":\"Olivo Negro en Matera Bolo de Concreto Artesanal - Mi Matica Vivero Boutique\",\"isPartOf\":{\"@id\":\"https:\\\/\\\/mimatica.com\\\/#website\"},\"primaryImageOfPage\":{\"@id\":\"https:\\\/\\\/mimatica.com\\\/Tienda\\\/olivo-negro-en-matera-bolo-de-concreto-artesanal\\\/#primaryimage\"},\"image\":{\"@id\":\"https:\\\/\\\/mimatica.com\\\/Tienda\\\/olivo-negro-en-matera-bolo-de-concreto-artesanal\\\/#primaryimage\"},\"thumbnailUrl\":\"https:\\\/\\\/mimatica.com\\\/wp-content\\\/uploads\\\/2025\\\/10\\\/olivo-negro-en-matera-bolo-de-concreto-artesanal-.webp\",\"datePublished\":\"2025-10-20T21:38:15+00:00\",\"dateModified\":\"2025-10-20T23:17:09+00:00\",\"description\":\"Olivo Negro en matera bolo de concreto. Elegancia tropical y dise\u00f1o sobrio. Ideal para regalar o decorar con presencia y equilibrio natural.\",\"breadcrumb\":{\"@id\":\"https:\\\/\\\/mimatica.com\\\/Tienda\\\/olivo-negro-en-matera-bolo-de-concreto-artesanal\\\/#breadcrumb\"},\"inLanguage\":\"en-US\",\"potentialAction\":[{\"@type\":\"ReadAction\",\"target\":[\"https:\\\/\\\/mimatica.com\\\/Tienda\\\/olivo-negro-en-matera-bolo-de-concreto-artesanal\\\/\"]}]},{\"@type\":\"ImageObject\",\"inLanguage\":\"en-US\",\"@id\":\"https:\\\/\\\/mimatica.com\\\/Tienda\\\/olivo-negro-en-matera-bolo-de-concreto-artesanal\\\/#primaryimage\",\"url\":\"https:\\\/\\\/mimatica.com\\\/wp-content\\\/uploads\\\/2025\\\/10\\\/olivo-negro-en-matera-bolo-de-concreto-artesanal-.webp\",\"contentUrl\":\"https:\\\/\\\/mimatica.com\\\/wp-content\\\/uploads\\\/2025\\\/10\\\/olivo-negro-en-matera-bolo-de-concreto-artesanal-.webp\",\"width\":1080,\"height\":1350},{\"@type\":\"BreadcrumbList\",\"@id\":\"https:\\\/\\\/mimatica.com\\\/Tienda\\\/olivo-negro-en-matera-bolo-de-concreto-artesanal\\\/#breadcrumb\",\"itemListElement\":[{\"@type\":\"ListItem\",\"position\":1,\"name\":\"Portada\",\"item\":\"https:\\\/\\\/mimatica.com\\\/\"},{\"@type\":\"ListItem\",\"position\":2,\"name\":\"Tienda\",\"item\":\"https:\\\/\\\/mimatica.com\\\/tienda\\\/\"},{\"@type\":\"ListItem\",\"position\":3,\"name\":\"Olivo Negro en Matera Bolo de Concreto Artesanal\"}]},{\"@type\":\"WebSite\",\"@id\":\"https:\\\/\\\/mimatica.com\\\/#website\",\"url\":\"https:\\\/\\\/mimatica.com\\\/\",\"name\":\"Mi Matica Vivero Boutique\",\"description\":\"Plantas naturales, orqu\u00eddeas y materas artesanales.\",\"publisher\":{\"@id\":\"https:\\\/\\\/mimatica.com\\\/#organization\"},\"potentialAction\":[{\"@type\":\"SearchAction\",\"target\":{\"@type\":\"EntryPoint\",\"urlTemplate\":\"https:\\\/\\\/mimatica.com\\\/?s={search_term_string}\"},\"query-input\":{\"@type\":\"PropertyValueSpecification\",\"valueRequired\":true,\"valueName\":\"search_term_string\"}}],\"inLanguage\":\"en-US\"},{\"@type\":\"Organization\",\"@id\":\"https:\\\/\\\/mimatica.com\\\/#organization\",\"name\":\"Mi Matica Vivero Boutique\",\"url\":\"https:\\\/\\\/mimatica.com\\\/\",\"logo\":{\"@type\":\"ImageObject\",\"inLanguage\":\"en-US\",\"@id\":\"https:\\\/\\\/mimatica.com\\\/#\\\/schema\\\/logo\\\/image\\\/\",\"url\":\"https:\\\/\\\/mimatica.com\\\/wp-content\\\/uploads\\\/2020\\\/11\\\/Logo_Mi-Matica-e1662941170182.png\",\"contentUrl\":\"https:\\\/\\\/mimatica.com\\\/wp-content\\\/uploads\\\/2020\\\/11\\\/Logo_Mi-Matica-e1662941170182.png\",\"width\":120,\"height\":61,\"caption\":\"Mi Matica Vivero Boutique\"},\"image\":{\"@id\":\"https:\\\/\\\/mimatica.com\\\/#\\\/schema\\\/logo\\\/image\\\/\"},\"sameAs\":[\"https:\\\/\\\/www.facebook.com\\\/mimatica.vivero\",\"https:\\\/\\\/www.instagram.com\\\/mimatica.vivero\\\/\",\"https:\\\/\\\/pinterest.com\\\/mimaticavivero\\\/\"]}]}<\/script>\n<!-- \/ Yoast SEO plugin. -->","yoast_head_json":{"title":"Olivo Negro en Matera Bolo de Concreto Artesanal - Mi Matica Vivero Boutique","description":"Olivo Negro en matera bolo de concreto. Elegancia tropical y dise\u00f1o sobrio. Ideal para regalar o decorar con presencia y equilibrio natural.","robots":{"index":"index","follow":"follow","max-snippet":"max-snippet:-1","max-image-preview":"max-image-preview:large","max-video-preview":"max-video-preview:-1"},"canonical":"https:\/\/mimatica.com\/en\/Tienda\/olivo-negro-en-matera-bolo-de-concreto-artesanal\/","og_locale":"en_US","og_type":"article","og_title":"Olivo Negro en Matera Bolo de Concreto Artesanal - Mi Matica Vivero Boutique","og_description":"Olivo Negro en matera bolo de concreto. Elegancia tropical y dise\u00f1o sobrio. Ideal para regalar o decorar con presencia y equilibrio natural.","og_url":"https:\/\/mimatica.com\/en\/Tienda\/olivo-negro-en-matera-bolo-de-concreto-artesanal\/","og_site_name":"Mi Matica Vivero Boutique","article_publisher":"https:\/\/www.facebook.com\/mimatica.vivero","article_modified_time":"2025-10-20T23:17:09+00:00","og_image":[{"width":1080,"height":1350,"url":"https:\/\/mimatica.com\/wp-content\/uploads\/2025\/10\/olivo-negro-en-matera-bolo-de-concreto-artesanal-.webp","type":"image\/webp"}],"twitter_card":"summary_large_image","twitter_misc":{"Est. reading time":"4 minutes"},"schema":{"@context":"https:\/\/schema.org","@graph":[{"@type":"WebPage","@id":"https:\/\/mimatica.com\/Tienda\/olivo-negro-en-matera-bolo-de-concreto-artesanal\/","url":"https:\/\/mimatica.com\/Tienda\/olivo-negro-en-matera-bolo-de-concreto-artesanal\/","name":"Olivo Negro en Matera Bolo de Concreto Artesanal - Mi Matica Vivero Boutique","isPartOf":{"@id":"https:\/\/mimatica.com\/#website"},"primaryImageOfPage":{"@id":"https:\/\/mimatica.com\/Tienda\/olivo-negro-en-matera-bolo-de-concreto-artesanal\/#primaryimage"},"image":{"@id":"https:\/\/mimatica.com\/Tienda\/olivo-negro-en-matera-bolo-de-concreto-artesanal\/#primaryimage"},"thumbnailUrl":"https:\/\/mimatica.com\/wp-content\/uploads\/2025\/10\/olivo-negro-en-matera-bolo-de-concreto-artesanal-.webp","datePublished":"2025-10-20T21:38:15+00:00","dateModified":"2025-10-20T23:17:09+00:00","description":"Olivo Negro en matera bolo de concreto. Elegancia tropical y dise\u00f1o sobrio. Ideal para regalar o decorar con presencia y equilibrio natural.","breadcrumb":{"@id":"https:\/\/mimatica.com\/Tienda\/olivo-negro-en-matera-bolo-de-concreto-artesanal\/#breadcrumb"},"inLanguage":"en-US","potentialAction":[{"@type":"ReadAction","target":["https:\/\/mimatica.com\/Tienda\/olivo-negro-en-matera-bolo-de-concreto-artesanal\/"]}]},{"@type":"ImageObject","inLanguage":"en-US","@id":"https:\/\/mimatica.com\/Tienda\/olivo-negro-en-matera-bolo-de-concreto-artesanal\/#primaryimage","url":"https:\/\/mimatica.com\/wp-content\/uploads\/2025\/10\/olivo-negro-en-matera-bolo-de-concreto-artesanal-.webp","contentUrl":"https:\/\/mimatica.com\/wp-content\/uploads\/2025\/10\/olivo-negro-en-matera-bolo-de-concreto-artesanal-.webp","width":1080,"height":1350},{"@type":"BreadcrumbList","@id":"https:\/\/mimatica.com\/Tienda\/olivo-negro-en-matera-bolo-de-concreto-artesanal\/#breadcrumb","itemListElement":[{"@type":"ListItem","position":1,"name":"Portada","item":"https:\/\/mimatica.com\/"},{"@type":"ListItem","position":2,"name":"Tienda","item":"https:\/\/mimatica.com\/tienda\/"},{"@type":"ListItem","position":3,"name":"Olivo Negro en Matera Bolo de Concreto Artesanal"}]},{"@type":"WebSite","@id":"https:\/\/mimatica.com\/#website","url":"https:\/\/mimatica.com\/","name":"Mi Matica Vivero Boutique","description":"Plantas naturales, orqu\u00eddeas y materas artesanales.","publisher":{"@id":"https:\/\/mimatica.com\/#organization"},"potentialAction":[{"@type":"SearchAction","target":{"@type":"EntryPoint","urlTemplate":"https:\/\/mimatica.com\/?s={search_term_string}"},"query-input":{"@type":"PropertyValueSpecification","valueRequired":true,"valueName":"search_term_string"}}],"inLanguage":"en-US"},{"@type":"Organization","@id":"https:\/\/mimatica.com\/#organization","name":"Mi Matica Vivero Boutique","url":"https:\/\/mimatica.com\/","logo":{"@type":"ImageObject","inLanguage":"en-US","@id":"https:\/\/mimatica.com\/#\/schema\/logo\/image\/","url":"https:\/\/mimatica.com\/wp-content\/uploads\/2020\/11\/Logo_Mi-Matica-e1662941170182.png","contentUrl":"https:\/\/mimatica.com\/wp-content\/uploads\/2020\/11\/Logo_Mi-Matica-e1662941170182.png","width":120,"height":61,"caption":"Mi Matica Vivero Boutique"},"image":{"@id":"https:\/\/mimatica.com\/#\/schema\/logo\/image\/"},"sameAs":["https:\/\/www.facebook.com\/mimatica.vivero","https:\/\/www.instagram.com\/mimatica.vivero\/","https:\/\/pinterest.com\/mimaticavivero\/"]}]}},"jetpack_sharing_enabled":true,"_links":{"self":[{"href":"https:\/\/mimatica.com\/en\/wp-json\/wp\/v2\/product\/11098","targetHints":{"allow":["GET"]}}],"collection":[{"href":"https:\/\/mimatica.com\/en\/wp-json\/wp\/v2\/product"}],"about":[{"href":"https:\/\/mimatica.com\/en\/wp-json\/wp\/v2\/types\/product"}],"replies":[{"embeddable":true,"href":"https:\/\/mimatica.com\/en\/wp-json\/wp\/v2\/comments?post=11098"}],"version-history":[{"count":9,"href":"https:\/\/mimatica.com\/en\/wp-json\/wp\/v2\/product\/11098\/revisions"}],"predecessor-version":[{"id":11120,"href":"https:\/\/mimatica.com\/en\/wp-json\/wp\/v2\/product\/11098\/revisions\/11120"}],"wp:featuredmedia":[{"embeddable":true,"href":"https:\/\/mimatica.com\/en\/wp-json\/wp\/v2\/media\/11122"}],"wp:attachment":[{"href":"https:\/\/mimatica.com\/en\/wp-json\/wp\/v2\/media?parent=11098"}],"wp:term":[{"taxonomy":"product_brand","embeddable":true,"href":"https:\/\/mimatica.com\/en\/wp-json\/wp\/v2\/product_brand?post=11098"},{"taxonomy":"product_cat","embeddable":true,"href":"https:\/\/mimatica.com\/en\/wp-json\/wp\/v2\/product_cat?post=11098"},{"taxonomy":"product_tag","embeddable":true,"href":"https:\/\/mimatica.com\/en\/wp-json\/wp\/v2\/product_tag?post=11098"}],"curies":[{"name":"wp","href":"https:\/\/api.w.org\/{rel}","templated":true}]}}