{"id":11125,"date":"2025-10-24T08:21:57","date_gmt":"2025-10-24T13:21:57","guid":{"rendered":"https:\/\/mimatica.com\/?post_type=product&#038;p=11125"},"modified":"2025-10-24T10:10:16","modified_gmt":"2025-10-24T15:10:16","slug":"monstera-en-matera-bomba-de-concreto-con-soporte-metalico","status":"publish","type":"product","link":"https:\/\/mimatica.com\/en\/Tienda\/monstera-en-matera-bomba-de-concreto-con-soporte-metalico\/","title":{"rendered":"Monstera en Matera Bomba de Concreto con Soporte Met\u00e1lico"},"content":{"rendered":"<div data-elementor-type=\"wp-post\" data-elementor-id=\"11125\" class=\"elementor elementor-11125\">\n\t\t\t\t<div class=\"elementor-element elementor-element-bd67256 e-grid e-con-full e-transform e-con e-parent\" data-id=\"bd67256\" data-element_type=\"container\" data-e-type=\"container\" data-settings=\"{&quot;background_background&quot;:&quot;classic&quot;,&quot;animation_mobile&quot;:&quot;fadeInUp&quot;,&quot;_transform_scaleX_effect&quot;:{&quot;unit&quot;:&quot;px&quot;,&quot;size&quot;:&quot;&quot;,&quot;sizes&quot;:[]},&quot;_transform_scaleX_effect_tablet&quot;:{&quot;unit&quot;:&quot;px&quot;,&quot;size&quot;:&quot;&quot;,&quot;sizes&quot;:[]},&quot;_transform_scaleX_effect_mobile&quot;:{&quot;unit&quot;:&quot;px&quot;,&quot;size&quot;:&quot;&quot;,&quot;sizes&quot;:[]},&quot;_transform_scaleY_effect&quot;:{&quot;unit&quot;:&quot;px&quot;,&quot;size&quot;:&quot;&quot;,&quot;sizes&quot;:[]},&quot;_transform_scaleY_effect_tablet&quot;:{&quot;unit&quot;:&quot;px&quot;,&quot;size&quot;:&quot;&quot;,&quot;sizes&quot;:[]},&quot;_transform_scaleY_effect_mobile&quot;:{&quot;unit&quot;:&quot;px&quot;,&quot;size&quot;:&quot;&quot;,&quot;sizes&quot;:[]}}\">\n\t\t\t\t<div class=\"elementor-element elementor-element-82d7d54 elementor-widget elementor-widget-image\" data-id=\"82d7d54\" data-element_type=\"widget\" data-e-type=\"widget\" data-widget_type=\"image.default\">\n\t\t\t\t<div class=\"elementor-widget-container\">\n\t\t\t\t\t\t\t\t\t\t\t\t\t\t\t<img decoding=\"async\" width=\"200\" height=\"200\" src=\"https:\/\/mimatica.com\/wp-content\/uploads\/2025\/04\/mi-matica-facil-cuidado.png\" class=\"attachment-full size-full wp-image-9467\" alt=\"\" \/>\t\t\t\t\t\t\t\t\t\t\t\t\t\t\t<\/div>\n\t\t\t\t<\/div>\n\t\t\t\t<div class=\"elementor-element elementor-element-94dde02 elementor-widget elementor-widget-image\" data-id=\"94dde02\" data-element_type=\"widget\" data-e-type=\"widget\" data-widget_type=\"image.default\">\n\t\t\t\t<div class=\"elementor-widget-container\">\n\t\t\t\t\t\t\t\t\t\t\t\t\t\t\t<img fetchpriority=\"high\" decoding=\"async\" width=\"800\" height=\"800\" src=\"https:\/\/mimatica.com\/wp-content\/uploads\/2025\/04\/mi-matica-luz-indirecta.png\" class=\"attachment-full size-full wp-image-9449\" alt=\"\" \/>\t\t\t\t\t\t\t\t\t\t\t\t\t\t\t<\/div>\n\t\t\t\t<\/div>\n\t\t\t\t<\/div>\n\t\t<div class=\"elementor-element elementor-element-6a144f3e e-flex e-con-boxed e-con e-parent\" data-id=\"6a144f3e\" data-element_type=\"container\" data-e-type=\"container\" data-settings=\"{&quot;animation_mobile&quot;:&quot;fadeInUp&quot;}\">\n\t\t\t\t\t<div class=\"e-con-inner\">\n\t\t\t\t<div class=\"elementor-element elementor-element-29706634 elementor-widget elementor-widget-text-editor\" data-id=\"29706634\" data-element_type=\"widget\" data-e-type=\"widget\" data-widget_type=\"text-editor.default\">\n\t\t\t\t<div class=\"elementor-widget-container\">\n\t\t\t\t\t\t\t\t\t<p data-start=\"318\" data-end=\"390\">Un \u00edcono verde que transforma cualquier espacio con elegancia tropical<\/p>\n<p data-start=\"392\" data-end=\"647\">La <strong data-start=\"395\" data-end=\"417\">Monstera deliciosa<\/strong>, tambi\u00e9n conocida como &#8220;costilla de Ad\u00e1n&#8221;, es una de las plantas m\u00e1s admiradas por su forma escultural, sus grandes hojas con cortes naturales y su presencia imponente. Es una matica que respira jungla, frescura y dise\u00f1o natural.<\/p>\n<p data-start=\"649\" data-end=\"969\">En <strong data-start=\"652\" data-end=\"665\">Mi Matica<\/strong>, la combinamos con una <strong data-start=\"689\" data-end=\"727\">matera bomba de concreto artesanal<\/strong> y un <strong data-start=\"733\" data-end=\"759\">soporte met\u00e1lico negro<\/strong>, ideal para resaltar su altura y elegancia. Este conjunto crea un impacto visual moderno, sobrio y lleno de car\u00e1cter. Perfecto para salas amplias, estudios, oficinas creativas o entradas con buena luz natural.<\/p>\n<p data-start=\"971\" data-end=\"1173\">Una planta que no pasa desapercibida: conecta con la tierra, oxigena el ambiente y decora con personalidad. Adem\u00e1s, es resistente y agradecida: solo necesita el lugar adecuado y un poco de cari\u00f1o verde.<\/p>\n<h3 data-start=\"1180\" data-end=\"1208\"><img decoding=\"async\" draggable=\"false\" role=\"img\" class=\"emoji\" alt=\"\ud83c\udf1e\" src=\"https:\/\/s.w.org\/images\/core\/emoji\/16.0.1\/svg\/1f31e.svg\"> Cuidados esenciales<\/h3>\n<p data-start=\"1209\" data-end=\"1617\"><br><\/p><p data-start=\"1209\" data-end=\"1617\"><img decoding=\"async\" draggable=\"false\" role=\"img\" class=\"emoji\" alt=\"\u2600\ufe0f\" src=\"https:\/\/s.w.org\/images\/core\/emoji\/16.0.1\/svg\/2600.svg\"> <strong data-start=\"1212\" data-end=\"1220\">Luz:<\/strong> Le encanta la luz natural abundante, pero siempre indirecta. Evita el sol directo, que puede quemar sus hojas.<br data-start=\"1331\" data-end=\"1334\"><br><\/p><p data-start=\"1209\" data-end=\"1617\"><img decoding=\"async\" draggable=\"false\" role=\"img\" class=\"emoji\" alt=\"\ud83d\udca7\" src=\"https:\/\/s.w.org\/images\/core\/emoji\/16.0.1\/svg\/1f4a7.svg\"> <strong data-start=\"1337\" data-end=\"1347\">Riego:<\/strong> Cada <strong data-start=\"1353\" data-end=\"1367\">5 a 7 d\u00edas<\/strong>, dejando secar los primeros cent\u00edmetros del sustrato antes de volver a regar.<br data-start=\"1445\" data-end=\"1448\"><br><\/p><p data-start=\"1209\" data-end=\"1617\"><img decoding=\"async\" draggable=\"false\" role=\"img\" class=\"emoji\" alt=\"\ud83c\udf2b\ufe0f\" src=\"https:\/\/s.w.org\/images\/core\/emoji\/16.0.1\/svg\/1f32b.svg\"> <strong data-start=\"1452\" data-end=\"1464\">Humedad:<\/strong> Ama ambientes h\u00famedos. Roc\u00eda sus hojas con agua filtrada 2 o 3 veces por semana, especialmente en climas c\u00e1lidos.<br data-start=\"1578\" data-end=\"1581\"><br><\/p><p data-start=\"1209\" data-end=\"1617\"><img decoding=\"async\" draggable=\"false\" role=\"img\" class=\"emoji\" alt=\"\ud83d\udea8\" src=\"https:\/\/s.w.org\/images\/core\/emoji\/16.0.1\/svg\/1f6a8.svg\"> <strong data-start=\"1584\" data-end=\"1615\">Signos comunes de malestar:<\/strong><\/p>\n<ul data-start=\"1618\" data-end=\"1799\">\n<li data-start=\"1618\" data-end=\"1677\">\n<p data-start=\"1620\" data-end=\"1677\"><strong data-start=\"1620\" data-end=\"1640\">Hojas amarillas:<\/strong> exceso de agua o falta de drenaje.<\/p>\n<\/li>\n<li data-start=\"1678\" data-end=\"1737\">\n<p data-start=\"1680\" data-end=\"1737\"><strong data-start=\"1680\" data-end=\"1707\">Hojas con puntas secas:<\/strong> falta de humedad ambiental.<\/p>\n<\/li>\n<li data-start=\"1738\" data-end=\"1799\">\n<p data-start=\"1740\" data-end=\"1799\"><strong data-start=\"1740\" data-end=\"1781\">Poco crecimiento o sin perforaciones:<\/strong> necesita m\u00e1s luz.<\/p>\n<\/li>\n<\/ul>\n<p data-start=\"1806\" data-end=\"1840\"><img decoding=\"async\" draggable=\"false\" role=\"img\" class=\"emoji\" alt=\"\ud83d\udce6\" src=\"https:\/\/s.w.org\/images\/core\/emoji\/16.0.1\/svg\/1f4e6.svg\"> <strong data-start=\"1809\" data-end=\"1838\">Disponibilidad y garant\u00eda<\/strong><\/p>\n<ul data-start=\"1841\" data-end=\"2060\">\n<li data-start=\"1841\" data-end=\"1900\">\n<p data-start=\"1843\" data-end=\"1900\">Entregas en <strong data-start=\"1855\" data-end=\"1898\">Bucaramanga, C\u00facuta y env\u00edos nacionales<\/strong><\/p>\n<\/li>\n<li data-start=\"1901\" data-end=\"1954\">\n<p data-start=\"1903\" data-end=\"1954\"><strong data-start=\"1903\" data-end=\"1925\">Garant\u00eda de 7 d\u00edas<\/strong> por bienestar de la planta<\/p>\n<\/li>\n<li data-start=\"1955\" data-end=\"2018\">\n<p data-start=\"1957\" data-end=\"2018\">Empaque seguro, con protecci\u00f3n y recomendaciones de cuidado<\/p>\n<\/li>\n<li data-start=\"2019\" data-end=\"2060\">\n<p data-start=\"2021\" data-end=\"2060\">Acompa\u00f1amiento postventa v\u00eda WhatsApp<\/p>\n<\/li>\n<\/ul>\n<p data-start=\"2062\" data-end=\"2226\"><img decoding=\"async\" draggable=\"false\" role=\"img\" class=\"emoji\" alt=\"\ud83c\udf81\" src=\"https:\/\/s.w.org\/images\/core\/emoji\/16.0.1\/svg\/1f381.svg\"> <strong data-start=\"2065\" data-end=\"2085\">\u00bfEs para regalo?<\/strong><br data-start=\"2085\" data-end=\"2088\">Incluye <strong data-start=\"2096\" data-end=\"2121\">mensaje personalizado<\/strong> sin costo adicional.<br data-start=\"2142\" data-end=\"2145\">En Mi Matica creemos que regalar una matica es regalar vida, intenci\u00f3n y armon\u00eda.<\/p>\n\n<p data-start=\"2233\" data-end=\"2383\"><br><\/p><p data-start=\"2233\" data-end=\"2383\"><img decoding=\"async\" draggable=\"false\" role=\"img\" class=\"emoji\" alt=\"\ud83c\udf0d\" src=\"https:\/\/s.w.org\/images\/core\/emoji\/16.0.1\/svg\/1f30d.svg\"> <strong data-start=\"2236\" data-end=\"2256\">M\u00e1s informaci\u00f3n:<\/strong><br data-start=\"2256\" data-end=\"2259\">Descubre m\u00e1s plantas para interiores:<br data-start=\"2296\" data-end=\"2299\"><img decoding=\"async\" draggable=\"false\" role=\"img\" class=\"emoji\" alt=\"\ud83d\udc49\" src=\"https:\/\/s.w.org\/images\/core\/emoji\/16.0.1\/svg\/1f449.svg\"> <a class=\"decorated-link\" href=\"https:\/\/mimatica.com\/en\/product-category\/plantas-de-interior\/\" target=\"_new\" rel=\"noopener\" data-start=\"2302\" data-end=\"2383\">Plantas de Interior<\/a><\/p>\t\t\t\t\t\t\t\t<\/div>\n\t\t\t\t<\/div>\n\t\t\t\t\t<\/div>\n\t\t\t\t<\/div>\n\t\t<div class=\"elementor-element elementor-element-e60112e e-flex e-con-boxed e-con e-parent\" data-id=\"e60112e\" data-element_type=\"container\" data-e-type=\"container\">\n\t\t\t\t\t<div class=\"e-con-inner\">\n\t\t\t\t\t<\/div>\n\t\t\t\t<\/div>\n\t\t\t\t<\/div>","protected":false},"excerpt":{"rendered":"<p data-start=\"272\" data-end=\"484\">Monstera deliciosa en matera bomba de concreto con soporte met\u00e1lico.<br data-start=\"2661\" data-end=\"2664\" \/>Una matica de hojas grandes y esp\u00edritu tropical, ideal para transformar cualquier rinc\u00f3n con estilo y frescura.<\/p>\n<p data-start=\"272\" data-end=\"484\"><br data-start=\"2775\" data-end=\"2778\" \/>\u2728 Requiere buena luz indirecta y humedad ambiental.<br data-start=\"2829\" data-end=\"2832\" \/>Altura aproximada: 100 \u2013 130 cm.<\/p>\n<p data-start=\"675\" data-end=\"754\">\ud83d\udcde <a href=\"https:\/\/wa.me\/3016593885\">Te escribimos despu\u00e9s de la compra<\/a> para confirmar los detalles de entrega \ud83d\udc9a<\/p>","protected":false},"featured_media":11126,"comment_status":"open","ping_status":"closed","template":"","meta":[],"product_brand":[],"product_cat":[148],"product_tag":[175,177,187,171,169,173],"class_list":{"0":"post-11125","1":"product","2":"type-product","3":"status-publish","4":"has-post-thumbnail","6":"product_cat-plantas-de-interior","7":"product_tag-decoracion-natural","8":"product_tag-faciles-de-cuidar","9":"product_tag-luz-indirecta","10":"product_tag-matera-de-concreto-artesanal","11":"product_tag-planta-de-piso-grande","12":"product_tag-planta-decorativa-interior","13":"product_shipping_class-materas-grandes","16":"instock","17":"shipping-taxable","18":"purchasable","19":"product-type-simple"},"yoast_head":"<!-- This site is optimized with the Yoast SEO plugin v27.3 - https:\/\/yoast.com\/product\/yoast-seo-wordpress\/ -->\n<title>Monstera en Matera Bomba de Concreto con Soporte Met\u00e1lico - Mi Matica Vivero Boutique<\/title>\n<meta name=\"description\" content=\"Monstera en matera bomba de concreto con soporte met\u00e1lico. Una planta imponente, elegante y tropical para regalar o decorar con mucho estilo.\" \/>\n<meta name=\"robots\" content=\"index, follow, max-snippet:-1, max-image-preview:large, max-video-preview:-1\" \/>\n<link rel=\"canonical\" href=\"https:\/\/mimatica.com\/en\/Tienda\/monstera-en-matera-bomba-de-concreto-con-soporte-metalico\/\" \/>\n<meta property=\"og:locale\" content=\"en_US\" \/>\n<meta property=\"og:type\" content=\"article\" \/>\n<meta property=\"og:title\" content=\"Monstera en Matera Bomba de Concreto con Soporte Met\u00e1lico - Mi Matica Vivero Boutique\" \/>\n<meta property=\"og:description\" content=\"Monstera en matera bomba de concreto con soporte met\u00e1lico. Una planta imponente, elegante y tropical para regalar o decorar con mucho estilo.\" \/>\n<meta property=\"og:url\" content=\"https:\/\/mimatica.com\/en\/Tienda\/monstera-en-matera-bomba-de-concreto-con-soporte-metalico\/\" \/>\n<meta property=\"og:site_name\" content=\"Mi Matica Vivero Boutique\" \/>\n<meta property=\"article:publisher\" content=\"https:\/\/www.facebook.com\/mimatica.vivero\" \/>\n<meta property=\"article:modified_time\" content=\"2025-10-24T15:10:16+00:00\" \/>\n<meta property=\"og:image\" content=\"https:\/\/mimatica.com\/wp-content\/uploads\/2025\/10\/monstera-en-matera-bomba-de-concreto-con-soporte-metalico.webp\" \/>\n\t<meta property=\"og:image:width\" content=\"1080\" \/>\n\t<meta property=\"og:image:height\" content=\"1350\" \/>\n\t<meta property=\"og:image:type\" content=\"image\/webp\" \/>\n<meta name=\"twitter:card\" content=\"summary_large_image\" \/>\n<meta name=\"twitter:label1\" content=\"Est. reading time\" \/>\n\t<meta name=\"twitter:data1\" content=\"4 minutes\" \/>\n<script type=\"application\/ld+json\" class=\"yoast-schema-graph\">{\"@context\":\"https:\\\/\\\/schema.org\",\"@graph\":[{\"@type\":\"WebPage\",\"@id\":\"https:\\\/\\\/mimatica.com\\\/Tienda\\\/monstera-en-matera-bomba-de-concreto-con-soporte-metalico\\\/\",\"url\":\"https:\\\/\\\/mimatica.com\\\/Tienda\\\/monstera-en-matera-bomba-de-concreto-con-soporte-metalico\\\/\",\"name\":\"Monstera en Matera Bomba de Concreto con Soporte Met\u00e1lico - Mi Matica Vivero Boutique\",\"isPartOf\":{\"@id\":\"https:\\\/\\\/mimatica.com\\\/#website\"},\"primaryImageOfPage\":{\"@id\":\"https:\\\/\\\/mimatica.com\\\/Tienda\\\/monstera-en-matera-bomba-de-concreto-con-soporte-metalico\\\/#primaryimage\"},\"image\":{\"@id\":\"https:\\\/\\\/mimatica.com\\\/Tienda\\\/monstera-en-matera-bomba-de-concreto-con-soporte-metalico\\\/#primaryimage\"},\"thumbnailUrl\":\"https:\\\/\\\/mimatica.com\\\/wp-content\\\/uploads\\\/2025\\\/10\\\/monstera-en-matera-bomba-de-concreto-con-soporte-metalico.webp\",\"datePublished\":\"2025-10-24T13:21:57+00:00\",\"dateModified\":\"2025-10-24T15:10:16+00:00\",\"description\":\"Monstera en matera bomba de concreto con soporte met\u00e1lico. Una planta imponente, elegante y tropical para regalar o decorar con mucho estilo.\",\"breadcrumb\":{\"@id\":\"https:\\\/\\\/mimatica.com\\\/Tienda\\\/monstera-en-matera-bomba-de-concreto-con-soporte-metalico\\\/#breadcrumb\"},\"inLanguage\":\"en-US\",\"potentialAction\":[{\"@type\":\"ReadAction\",\"target\":[\"https:\\\/\\\/mimatica.com\\\/Tienda\\\/monstera-en-matera-bomba-de-concreto-con-soporte-metalico\\\/\"]}]},{\"@type\":\"ImageObject\",\"inLanguage\":\"en-US\",\"@id\":\"https:\\\/\\\/mimatica.com\\\/Tienda\\\/monstera-en-matera-bomba-de-concreto-con-soporte-metalico\\\/#primaryimage\",\"url\":\"https:\\\/\\\/mimatica.com\\\/wp-content\\\/uploads\\\/2025\\\/10\\\/monstera-en-matera-bomba-de-concreto-con-soporte-metalico.webp\",\"contentUrl\":\"https:\\\/\\\/mimatica.com\\\/wp-content\\\/uploads\\\/2025\\\/10\\\/monstera-en-matera-bomba-de-concreto-con-soporte-metalico.webp\",\"width\":1080,\"height\":1350,\"caption\":\"Monstera en Matera Bomba de Concreto con Soporte Met\u00e1lico\"},{\"@type\":\"BreadcrumbList\",\"@id\":\"https:\\\/\\\/mimatica.com\\\/Tienda\\\/monstera-en-matera-bomba-de-concreto-con-soporte-metalico\\\/#breadcrumb\",\"itemListElement\":[{\"@type\":\"ListItem\",\"position\":1,\"name\":\"Portada\",\"item\":\"https:\\\/\\\/mimatica.com\\\/\"},{\"@type\":\"ListItem\",\"position\":2,\"name\":\"Tienda\",\"item\":\"https:\\\/\\\/mimatica.com\\\/tienda\\\/\"},{\"@type\":\"ListItem\",\"position\":3,\"name\":\"Monstera en Matera Bomba de Concreto con Soporte Met\u00e1lico\"}]},{\"@type\":\"WebSite\",\"@id\":\"https:\\\/\\\/mimatica.com\\\/#website\",\"url\":\"https:\\\/\\\/mimatica.com\\\/\",\"name\":\"Mi Matica Vivero Boutique\",\"description\":\"Plantas naturales, orqu\u00eddeas y materas artesanales.\",\"publisher\":{\"@id\":\"https:\\\/\\\/mimatica.com\\\/#organization\"},\"potentialAction\":[{\"@type\":\"SearchAction\",\"target\":{\"@type\":\"EntryPoint\",\"urlTemplate\":\"https:\\\/\\\/mimatica.com\\\/?s={search_term_string}\"},\"query-input\":{\"@type\":\"PropertyValueSpecification\",\"valueRequired\":true,\"valueName\":\"search_term_string\"}}],\"inLanguage\":\"en-US\"},{\"@type\":\"Organization\",\"@id\":\"https:\\\/\\\/mimatica.com\\\/#organization\",\"name\":\"Mi Matica Vivero Boutique\",\"url\":\"https:\\\/\\\/mimatica.com\\\/\",\"logo\":{\"@type\":\"ImageObject\",\"inLanguage\":\"en-US\",\"@id\":\"https:\\\/\\\/mimatica.com\\\/#\\\/schema\\\/logo\\\/image\\\/\",\"url\":\"https:\\\/\\\/mimatica.com\\\/wp-content\\\/uploads\\\/2020\\\/11\\\/Logo_Mi-Matica-e1662941170182.png\",\"contentUrl\":\"https:\\\/\\\/mimatica.com\\\/wp-content\\\/uploads\\\/2020\\\/11\\\/Logo_Mi-Matica-e1662941170182.png\",\"width\":120,\"height\":61,\"caption\":\"Mi Matica Vivero Boutique\"},\"image\":{\"@id\":\"https:\\\/\\\/mimatica.com\\\/#\\\/schema\\\/logo\\\/image\\\/\"},\"sameAs\":[\"https:\\\/\\\/www.facebook.com\\\/mimatica.vivero\",\"https:\\\/\\\/www.instagram.com\\\/mimatica.vivero\\\/\",\"https:\\\/\\\/pinterest.com\\\/mimaticavivero\\\/\"]}]}<\/script>\n<!-- \/ Yoast SEO plugin. -->","yoast_head_json":{"title":"Monstera en Matera Bomba de Concreto con Soporte Met\u00e1lico - Mi Matica Vivero Boutique","description":"Monstera en matera bomba de concreto con soporte met\u00e1lico. Una planta imponente, elegante y tropical para regalar o decorar con mucho estilo.","robots":{"index":"index","follow":"follow","max-snippet":"max-snippet:-1","max-image-preview":"max-image-preview:large","max-video-preview":"max-video-preview:-1"},"canonical":"https:\/\/mimatica.com\/en\/Tienda\/monstera-en-matera-bomba-de-concreto-con-soporte-metalico\/","og_locale":"en_US","og_type":"article","og_title":"Monstera en Matera Bomba de Concreto con Soporte Met\u00e1lico - Mi Matica Vivero Boutique","og_description":"Monstera en matera bomba de concreto con soporte met\u00e1lico. Una planta imponente, elegante y tropical para regalar o decorar con mucho estilo.","og_url":"https:\/\/mimatica.com\/en\/Tienda\/monstera-en-matera-bomba-de-concreto-con-soporte-metalico\/","og_site_name":"Mi Matica Vivero Boutique","article_publisher":"https:\/\/www.facebook.com\/mimatica.vivero","article_modified_time":"2025-10-24T15:10:16+00:00","og_image":[{"width":1080,"height":1350,"url":"https:\/\/mimatica.com\/wp-content\/uploads\/2025\/10\/monstera-en-matera-bomba-de-concreto-con-soporte-metalico.webp","type":"image\/webp"}],"twitter_card":"summary_large_image","twitter_misc":{"Est. reading time":"4 minutes"},"schema":{"@context":"https:\/\/schema.org","@graph":[{"@type":"WebPage","@id":"https:\/\/mimatica.com\/Tienda\/monstera-en-matera-bomba-de-concreto-con-soporte-metalico\/","url":"https:\/\/mimatica.com\/Tienda\/monstera-en-matera-bomba-de-concreto-con-soporte-metalico\/","name":"Monstera en Matera Bomba de Concreto con Soporte Met\u00e1lico - Mi Matica Vivero Boutique","isPartOf":{"@id":"https:\/\/mimatica.com\/#website"},"primaryImageOfPage":{"@id":"https:\/\/mimatica.com\/Tienda\/monstera-en-matera-bomba-de-concreto-con-soporte-metalico\/#primaryimage"},"image":{"@id":"https:\/\/mimatica.com\/Tienda\/monstera-en-matera-bomba-de-concreto-con-soporte-metalico\/#primaryimage"},"thumbnailUrl":"https:\/\/mimatica.com\/wp-content\/uploads\/2025\/10\/monstera-en-matera-bomba-de-concreto-con-soporte-metalico.webp","datePublished":"2025-10-24T13:21:57+00:00","dateModified":"2025-10-24T15:10:16+00:00","description":"Monstera en matera bomba de concreto con soporte met\u00e1lico. Una planta imponente, elegante y tropical para regalar o decorar con mucho estilo.","breadcrumb":{"@id":"https:\/\/mimatica.com\/Tienda\/monstera-en-matera-bomba-de-concreto-con-soporte-metalico\/#breadcrumb"},"inLanguage":"en-US","potentialAction":[{"@type":"ReadAction","target":["https:\/\/mimatica.com\/Tienda\/monstera-en-matera-bomba-de-concreto-con-soporte-metalico\/"]}]},{"@type":"ImageObject","inLanguage":"en-US","@id":"https:\/\/mimatica.com\/Tienda\/monstera-en-matera-bomba-de-concreto-con-soporte-metalico\/#primaryimage","url":"https:\/\/mimatica.com\/wp-content\/uploads\/2025\/10\/monstera-en-matera-bomba-de-concreto-con-soporte-metalico.webp","contentUrl":"https:\/\/mimatica.com\/wp-content\/uploads\/2025\/10\/monstera-en-matera-bomba-de-concreto-con-soporte-metalico.webp","width":1080,"height":1350,"caption":"Monstera en Matera Bomba de Concreto con Soporte Met\u00e1lico"},{"@type":"BreadcrumbList","@id":"https:\/\/mimatica.com\/Tienda\/monstera-en-matera-bomba-de-concreto-con-soporte-metalico\/#breadcrumb","itemListElement":[{"@type":"ListItem","position":1,"name":"Portada","item":"https:\/\/mimatica.com\/"},{"@type":"ListItem","position":2,"name":"Tienda","item":"https:\/\/mimatica.com\/tienda\/"},{"@type":"ListItem","position":3,"name":"Monstera en Matera Bomba de Concreto con Soporte Met\u00e1lico"}]},{"@type":"WebSite","@id":"https:\/\/mimatica.com\/#website","url":"https:\/\/mimatica.com\/","name":"Mi Matica Vivero Boutique","description":"Plantas naturales, orqu\u00eddeas y materas artesanales.","publisher":{"@id":"https:\/\/mimatica.com\/#organization"},"potentialAction":[{"@type":"SearchAction","target":{"@type":"EntryPoint","urlTemplate":"https:\/\/mimatica.com\/?s={search_term_string}"},"query-input":{"@type":"PropertyValueSpecification","valueRequired":true,"valueName":"search_term_string"}}],"inLanguage":"en-US"},{"@type":"Organization","@id":"https:\/\/mimatica.com\/#organization","name":"Mi Matica Vivero Boutique","url":"https:\/\/mimatica.com\/","logo":{"@type":"ImageObject","inLanguage":"en-US","@id":"https:\/\/mimatica.com\/#\/schema\/logo\/image\/","url":"https:\/\/mimatica.com\/wp-content\/uploads\/2020\/11\/Logo_Mi-Matica-e1662941170182.png","contentUrl":"https:\/\/mimatica.com\/wp-content\/uploads\/2020\/11\/Logo_Mi-Matica-e1662941170182.png","width":120,"height":61,"caption":"Mi Matica Vivero Boutique"},"image":{"@id":"https:\/\/mimatica.com\/#\/schema\/logo\/image\/"},"sameAs":["https:\/\/www.facebook.com\/mimatica.vivero","https:\/\/www.instagram.com\/mimatica.vivero\/","https:\/\/pinterest.com\/mimaticavivero\/"]}]}},"jetpack_sharing_enabled":true,"_links":{"self":[{"href":"https:\/\/mimatica.com\/en\/wp-json\/wp\/v2\/product\/11125","targetHints":{"allow":["GET"]}}],"collection":[{"href":"https:\/\/mimatica.com\/en\/wp-json\/wp\/v2\/product"}],"about":[{"href":"https:\/\/mimatica.com\/en\/wp-json\/wp\/v2\/types\/product"}],"replies":[{"embeddable":true,"href":"https:\/\/mimatica.com\/en\/wp-json\/wp\/v2\/comments?post=11125"}],"version-history":[{"count":6,"href":"https:\/\/mimatica.com\/en\/wp-json\/wp\/v2\/product\/11125\/revisions"}],"predecessor-version":[{"id":11151,"href":"https:\/\/mimatica.com\/en\/wp-json\/wp\/v2\/product\/11125\/revisions\/11151"}],"wp:featuredmedia":[{"embeddable":true,"href":"https:\/\/mimatica.com\/en\/wp-json\/wp\/v2\/media\/11126"}],"wp:attachment":[{"href":"https:\/\/mimatica.com\/en\/wp-json\/wp\/v2\/media?parent=11125"}],"wp:term":[{"taxonomy":"product_brand","embeddable":true,"href":"https:\/\/mimatica.com\/en\/wp-json\/wp\/v2\/product_brand?post=11125"},{"taxonomy":"product_cat","embeddable":true,"href":"https:\/\/mimatica.com\/en\/wp-json\/wp\/v2\/product_cat?post=11125"},{"taxonomy":"product_tag","embeddable":true,"href":"https:\/\/mimatica.com\/en\/wp-json\/wp\/v2\/product_tag?post=11125"}],"curies":[{"name":"wp","href":"https:\/\/api.w.org\/{rel}","templated":true}]}}