{"id":11824,"date":"2025-11-10T09:05:54","date_gmt":"2025-11-10T14:05:54","guid":{"rendered":"https:\/\/mimatica.com\/?post_type=product&#038;p=11824"},"modified":"2025-11-10T09:45:52","modified_gmt":"2025-11-10T14:45:52","slug":"filodendro-principe-de-naranja-philodendron-prince-of-orange","status":"publish","type":"product","link":"https:\/\/mimatica.com\/en\/Tienda\/filodendro-principe-de-naranja-philodendron-prince-of-orange\/","title":{"rendered":"Filodendro Pr\u00edncipe de Naranja (Philodendron Prince of Orange)"},"content":{"rendered":"<div data-elementor-type=\"wp-post\" data-elementor-id=\"11824\" class=\"elementor elementor-11824\">\n\t\t\t\t<div class=\"elementor-element elementor-element-33cc9df e-flex e-con-boxed e-con e-parent\" data-id=\"33cc9df\" data-element_type=\"container\" data-e-type=\"container\">\n\t\t\t\t\t<div class=\"e-con-inner\">\n\t\t\t\t<div class=\"elementor-element elementor-element-6342aa86 elementor-widget elementor-widget-text-editor\" data-id=\"6342aa86\" data-element_type=\"widget\" data-e-type=\"widget\" data-widget_type=\"text-editor.default\">\n\t\t\t\t<div class=\"elementor-widget-container\">\n\t\t\t\t\t\t\t\t\t<p data-start=\"430\" data-end=\"494\">Un amanecer hecho planta, lleno de energ\u00eda y color tropical <img decoding=\"async\" class=\"emoji\" role=\"img\" draggable=\"false\" src=\"https:\/\/s.w.org\/images\/core\/emoji\/16.0.1\/svg\/1f31e.svg\" alt=\"\ud83c\udf1e\" \/><\/p><p data-start=\"430\" data-end=\"494\">\u00a0<\/p><p data-start=\"496\" data-end=\"780\">El <strong data-start=\"499\" data-end=\"565\">Filodendro Pr\u00edncipe de Naranja (Philodendron Prince of Orange)<\/strong> es una de las joyas m\u00e1s llamativas del mundo tropical.<br data-start=\"620\" data-end=\"623\" \/>Sus hojas emergen en tonos anaranjados intensos que poco a poco se tornan doradas y verdes, creando un espect\u00e1culo visual que recuerda la luz del amanecer.<\/p><p data-start=\"496\" data-end=\"780\">\u00a0<\/p><p data-start=\"782\" data-end=\"1108\">En <strong data-start=\"785\" data-end=\"798\">Mi Matica<\/strong>, cultivamos cada ejemplar con dedicaci\u00f3n y equilibrio, para que sus hojas crezcan firmes, brillantes y llenas de vitalidad.<br data-start=\"922\" data-end=\"925\" \/>Es una planta que transmite <strong data-start=\"953\" data-end=\"986\">alegr\u00eda, renovaci\u00f3n y armon\u00eda<\/strong>, ideal para espacios modernos, oficinas o rincones donde se busque un toque de naturaleza viva con car\u00e1cter decorativo.<\/p><p data-start=\"782\" data-end=\"1108\">\u00a0<\/p><p data-start=\"1110\" data-end=\"1340\">De porte compacto y hojas grandes con textura satinada, el Filodendro Pr\u00edncipe de Naranja aporta <strong data-start=\"1207\" data-end=\"1246\">frescura, color y equilibrio visual<\/strong>, convirti\u00e9ndose en una pieza protagonista que ilumina el entorno con su presencia tropical.<\/p><p data-start=\"1342\" data-end=\"1482\">Adem\u00e1s, es una especie resistente y adaptable al clima c\u00e1lido, perfecta para quienes quieren una planta vibrante y de f\u00e1cil mantenimiento.<\/p><h3 data-start=\"1489\" data-end=\"1519\"><img decoding=\"async\" class=\"emoji\" role=\"img\" draggable=\"false\" src=\"https:\/\/s.w.org\/images\/core\/emoji\/16.0.1\/svg\/1f31e.svg\" alt=\"\ud83c\udf1e\" \/> <strong data-start=\"1496\" data-end=\"1519\">Cuidados esenciales<\/strong><\/h3><div><strong data-start=\"1496\" data-end=\"1519\">\u00a0<\/strong><\/div><p data-start=\"1521\" data-end=\"2250\"><img decoding=\"async\" class=\"emoji\" role=\"img\" draggable=\"false\" src=\"https:\/\/s.w.org\/images\/core\/emoji\/16.0.1\/svg\/2600.svg\" alt=\"\u2600\ufe0f\" \/> <strong data-start=\"1524\" data-end=\"1532\">Luz:<\/strong> Prefiere luz natural abundante e indirecta. Puede adaptarse a espacios con luz media, pero sus tonos se intensifican bajo buena iluminaci\u00f3n.<br data-start=\"1673\" data-end=\"1676\" \/><img decoding=\"async\" class=\"emoji\" role=\"img\" draggable=\"false\" src=\"https:\/\/s.w.org\/images\/core\/emoji\/16.0.1\/svg\/1f4a7.svg\" alt=\"\ud83d\udca7\" \/> <strong data-start=\"1679\" data-end=\"1689\">Riego:<\/strong> Cada 7 a 9 d\u00edas. Deja secar ligeramente la capa superior del sustrato antes de regar nuevamente. Evita el exceso de agua para prevenir pudriciones.<br data-start=\"1837\" data-end=\"1840\" \/><img decoding=\"async\" class=\"emoji\" role=\"img\" draggable=\"false\" src=\"https:\/\/s.w.org\/images\/core\/emoji\/16.0.1\/svg\/1f32b.svg\" alt=\"\ud83c\udf2b\ufe0f\" \/> <strong data-start=\"1844\" data-end=\"1856\">Humedad:<\/strong> Se adapta bien a interiores, aunque agradece la humedad ambiental. Puedes rociar sus hojas ocasionalmente o limpiarlas con un pa\u00f1o h\u00famedo.<br data-start=\"1995\" data-end=\"1998\" \/><img decoding=\"async\" class=\"emoji\" role=\"img\" draggable=\"false\" src=\"https:\/\/s.w.org\/images\/core\/emoji\/16.0.1\/svg\/1f331.svg\" alt=\"\ud83c\udf31\" \/> <strong data-start=\"2001\" data-end=\"2014\">Vitaminas:<\/strong> Aplicar Humus de Lombriz u Hormona de Crecimiento cada mes.<\/p><p data-start=\"1521\" data-end=\"2250\"><br data-start=\"2068\" data-end=\"2071\" \/><img decoding=\"async\" class=\"emoji\" role=\"img\" draggable=\"false\" src=\"https:\/\/s.w.org\/images\/core\/emoji\/16.0.1\/svg\/1f6a8.svg\" alt=\"\ud83d\udea8\" \/> <strong data-start=\"2074\" data-end=\"2105\">Signos comunes de malestar:<\/strong><br data-start=\"2105\" data-end=\"2108\" \/>\u2013 Hojas ca\u00eddas o blandas: exceso de agua.<br data-start=\"2149\" data-end=\"2152\" \/>\u2013 Hojas p\u00e1lidas o sin color: falta de luz.<br data-start=\"2194\" data-end=\"2197\" \/>\u2013 Bordes secos: aire muy seco o riego insuficiente.<\/p><h3 data-start=\"2257\" data-end=\"2295\"><img decoding=\"async\" class=\"emoji\" role=\"img\" draggable=\"false\" src=\"https:\/\/s.w.org\/images\/core\/emoji\/16.0.1\/svg\/1f4e6.svg\" alt=\"\ud83d\udce6\" \/> <strong data-start=\"2264\" data-end=\"2293\">Disponibilidad y garant\u00eda<\/strong><\/h3><p data-start=\"2296\" data-end=\"2520\">Entregas en <strong data-start=\"2308\" data-end=\"2323\">Bucaramanga<\/strong> y env\u00edos nacionales.<br data-start=\"2344\" data-end=\"2347\" \/>Garant\u00eda de <strong data-start=\"2359\" data-end=\"2369\">7 d\u00edas<\/strong> por bienestar de la planta.<br data-start=\"2397\" data-end=\"2400\" \/>Empaque seguro, con protecci\u00f3n y gu\u00eda de cuidado.<br data-start=\"2449\" data-end=\"2452\" \/>Acompa\u00f1amiento postventa v\u00eda <a class=\"decorated-link\" href=\"https:\/\/wa.me\/3016593885\" target=\"_new\" rel=\"noopener\" data-start=\"2481\" data-end=\"2517\">WhatsApp<\/a>.<\/p><h3 data-start=\"2527\" data-end=\"2556\"><img decoding=\"async\" class=\"emoji\" role=\"img\" draggable=\"false\" src=\"https:\/\/s.w.org\/images\/core\/emoji\/16.0.1\/svg\/1f381.svg\" alt=\"\ud83c\udf81\" \/> <strong data-start=\"2534\" data-end=\"2554\">\u00bfEs para regalo?<\/strong><\/h3><p data-start=\"2557\" data-end=\"2787\">Incluye mensaje personalizado sin costo adicional.<br data-start=\"2607\" data-end=\"2610\" \/><img decoding=\"async\" class=\"emoji\" role=\"img\" draggable=\"false\" src=\"https:\/\/s.w.org\/images\/core\/emoji\/16.0.1\/svg\/1f49a.svg\" alt=\"\ud83d\udc9a\" \/> <em data-start=\"2613\" data-end=\"2696\">En Mi Matica creemos que regalar una matica es regalar vida, intenci\u00f3n y armon\u00eda.<\/em><br data-start=\"2696\" data-end=\"2699\" \/>Cada una llega lista para florecer donde m\u00e1s se necesita: en el coraz\u00f3n o en el hogar.<\/p><h3 data-start=\"2794\" data-end=\"2823\"><img decoding=\"async\" class=\"emoji\" role=\"img\" draggable=\"false\" src=\"https:\/\/s.w.org\/images\/core\/emoji\/16.0.1\/svg\/1f30d.svg\" alt=\"\ud83c\udf0d\" \/> <strong data-start=\"2801\" data-end=\"2821\">M\u00e1s informaci\u00f3n:<\/strong><\/h3><p data-start=\"2824\" data-end=\"3026\">Descubre m\u00e1s sobre los <strong data-start=\"2847\" data-end=\"2930\"><a class=\"decorated-link\" href=\"https:\/\/mimatica.com\/en\/blog\/\" target=\"_new\" rel=\"noopener\" data-start=\"2849\" data-end=\"2928\">Philodendron y sus cuidados en interiores c\u00e1lidos<\/a><\/strong> o explora nuestra colecci\u00f3n <img decoding=\"async\" class=\"emoji\" role=\"img\" draggable=\"false\" src=\"https:\/\/s.w.org\/images\/core\/emoji\/16.0.1\/svg\/1f449.svg\" alt=\"\ud83d\udc49\" \/> <a class=\"decorated-link\" href=\"https:\/\/mimatica.com\/en\/tienda\/\" target=\"_new\" rel=\"noopener\" data-start=\"2962\" data-end=\"3023\">Plantas de Interior Mi Matica<\/a>.<\/p>\t\t\t\t\t\t\t\t<\/div>\n\t\t\t\t<\/div>\n\t\t\t\t\t<\/div>\n\t\t\t\t<\/div>\n\t\t\t\t<\/div>","protected":false},"excerpt":{"rendered":"<p data-start=\"3013\" data-end=\"3184\">\ud83c\udf4a <strong data-start=\"3067\" data-end=\"3101\">Filodendro Pr\u00edncipe de Naranja<\/strong>, una planta tropical de tonos vibrantes que llena tus espacios de color, energ\u00eda y alegr\u00eda. Perfecta para interiores c\u00e1lidos y f\u00e1cil de cuidar. \ud83c\udf3f<\/p>\n<p data-start=\"3186\" data-end=\"3358\">\ud83d\udcde Despu\u00e9s de tu compra,\u00a0<a href=\"http:\/\/wa.me\/573016593885\">te escribimos para que elijas la matica m\u00e1s bonita posible<\/a>. \u00a1Queremos que encuentres la que m\u00e1s te guste y te enamore por completo! \ud83d\udc9a<\/p>\n<p data-start=\"1416\" data-end=\"1563\">","protected":false},"featured_media":11837,"comment_status":"open","ping_status":"closed","template":"","meta":[],"product_brand":[],"product_cat":[148],"product_tag":[175,177,145,150],"class_list":{"0":"post-11824","1":"product","2":"type-product","3":"status-publish","4":"has-post-thumbnail","6":"product_cat-plantas-de-interior","7":"product_tag-decoracion-natural","8":"product_tag-faciles-de-cuidar","9":"product_tag-plantas-de-interior","10":"product_tag-plantas-para-regalo","11":"product_shipping_class-materas-pequenas","14":"instock","15":"purchasable","16":"product-type-simple"},"yoast_head":"<!-- This site is optimized with the Yoast SEO plugin v27.3 - https:\/\/yoast.com\/product\/yoast-seo-wordpress\/ -->\n<title>Filodendro Pr\u00edncipe de Naranja | Mi Matica<\/title>\n<meta name=\"description\" content=\"Filodendro Pr\u00edncipe de Naranja, planta tropical de tonos anaranjados y verdes que llena tu hogar de energ\u00eda y color. Ideal para interiores c\u00e1lidos. \ud83c\udf4a\ud83d\udc9a\" \/>\n<meta name=\"robots\" content=\"index, follow, max-snippet:-1, max-image-preview:large, max-video-preview:-1\" \/>\n<link rel=\"canonical\" href=\"https:\/\/mimatica.com\/en\/Tienda\/filodendro-principe-de-naranja-philodendron-prince-of-orange\/\" \/>\n<meta property=\"og:locale\" content=\"en_US\" \/>\n<meta property=\"og:type\" content=\"article\" \/>\n<meta property=\"og:title\" content=\"Filodendro Pr\u00edncipe de Naranja | Mi Matica\" \/>\n<meta property=\"og:description\" content=\"Filodendro Pr\u00edncipe de Naranja, planta tropical de tonos anaranjados y verdes que llena tu hogar de energ\u00eda y color. Ideal para interiores c\u00e1lidos. \ud83c\udf4a\ud83d\udc9a\" \/>\n<meta property=\"og:url\" content=\"https:\/\/mimatica.com\/en\/Tienda\/filodendro-principe-de-naranja-philodendron-prince-of-orange\/\" \/>\n<meta property=\"og:site_name\" content=\"Mi Matica Vivero Boutique\" \/>\n<meta property=\"article:publisher\" content=\"https:\/\/www.facebook.com\/mimatica.vivero\" \/>\n<meta property=\"article:modified_time\" content=\"2025-11-10T14:45:52+00:00\" \/>\n<meta property=\"og:image\" content=\"https:\/\/mimatica.com\/wp-content\/uploads\/2025\/11\/filodendro-principe-de-naranja-philodendron-prince-of-orangee.webp\" \/>\n\t<meta property=\"og:image:width\" content=\"1080\" \/>\n\t<meta property=\"og:image:height\" content=\"1350\" \/>\n\t<meta property=\"og:image:type\" content=\"image\/webp\" \/>\n<meta name=\"twitter:card\" content=\"summary_large_image\" \/>\n<meta name=\"twitter:label1\" content=\"Est. reading time\" \/>\n\t<meta name=\"twitter:data1\" content=\"5 minutes\" \/>\n<script type=\"application\/ld+json\" class=\"yoast-schema-graph\">{\"@context\":\"https:\\\/\\\/schema.org\",\"@graph\":[{\"@type\":\"WebPage\",\"@id\":\"https:\\\/\\\/mimatica.com\\\/Tienda\\\/filodendro-principe-de-naranja-philodendron-prince-of-orange\\\/\",\"url\":\"https:\\\/\\\/mimatica.com\\\/Tienda\\\/filodendro-principe-de-naranja-philodendron-prince-of-orange\\\/\",\"name\":\"Filodendro Pr\u00edncipe de Naranja | Mi Matica\",\"isPartOf\":{\"@id\":\"https:\\\/\\\/mimatica.com\\\/#website\"},\"primaryImageOfPage\":{\"@id\":\"https:\\\/\\\/mimatica.com\\\/Tienda\\\/filodendro-principe-de-naranja-philodendron-prince-of-orange\\\/#primaryimage\"},\"image\":{\"@id\":\"https:\\\/\\\/mimatica.com\\\/Tienda\\\/filodendro-principe-de-naranja-philodendron-prince-of-orange\\\/#primaryimage\"},\"thumbnailUrl\":\"https:\\\/\\\/mimatica.com\\\/wp-content\\\/uploads\\\/2025\\\/11\\\/filodendro-principe-de-naranja-philodendron-prince-of-orangee.webp\",\"datePublished\":\"2025-11-10T14:05:54+00:00\",\"dateModified\":\"2025-11-10T14:45:52+00:00\",\"description\":\"Filodendro Pr\u00edncipe de Naranja, planta tropical de tonos anaranjados y verdes que llena tu hogar de energ\u00eda y color. Ideal para interiores c\u00e1lidos. \ud83c\udf4a\ud83d\udc9a\",\"breadcrumb\":{\"@id\":\"https:\\\/\\\/mimatica.com\\\/Tienda\\\/filodendro-principe-de-naranja-philodendron-prince-of-orange\\\/#breadcrumb\"},\"inLanguage\":\"en-US\",\"potentialAction\":[{\"@type\":\"ReadAction\",\"target\":[\"https:\\\/\\\/mimatica.com\\\/Tienda\\\/filodendro-principe-de-naranja-philodendron-prince-of-orange\\\/\"]}]},{\"@type\":\"ImageObject\",\"inLanguage\":\"en-US\",\"@id\":\"https:\\\/\\\/mimatica.com\\\/Tienda\\\/filodendro-principe-de-naranja-philodendron-prince-of-orange\\\/#primaryimage\",\"url\":\"https:\\\/\\\/mimatica.com\\\/wp-content\\\/uploads\\\/2025\\\/11\\\/filodendro-principe-de-naranja-philodendron-prince-of-orangee.webp\",\"contentUrl\":\"https:\\\/\\\/mimatica.com\\\/wp-content\\\/uploads\\\/2025\\\/11\\\/filodendro-principe-de-naranja-philodendron-prince-of-orangee.webp\",\"width\":1080,\"height\":1350,\"caption\":\"Filodendro Pr\u00edncipe de Naranja (Philodendron Prince of Orange)\"},{\"@type\":\"BreadcrumbList\",\"@id\":\"https:\\\/\\\/mimatica.com\\\/Tienda\\\/filodendro-principe-de-naranja-philodendron-prince-of-orange\\\/#breadcrumb\",\"itemListElement\":[{\"@type\":\"ListItem\",\"position\":1,\"name\":\"Portada\",\"item\":\"https:\\\/\\\/mimatica.com\\\/\"},{\"@type\":\"ListItem\",\"position\":2,\"name\":\"Tienda\",\"item\":\"https:\\\/\\\/mimatica.com\\\/tienda\\\/\"},{\"@type\":\"ListItem\",\"position\":3,\"name\":\"Filodendro Pr\u00edncipe de Naranja (Philodendron Prince of Orange)\"}]},{\"@type\":\"WebSite\",\"@id\":\"https:\\\/\\\/mimatica.com\\\/#website\",\"url\":\"https:\\\/\\\/mimatica.com\\\/\",\"name\":\"Mi Matica Vivero Boutique\",\"description\":\"Plantas naturales, orqu\u00eddeas y materas artesanales.\",\"publisher\":{\"@id\":\"https:\\\/\\\/mimatica.com\\\/#organization\"},\"potentialAction\":[{\"@type\":\"SearchAction\",\"target\":{\"@type\":\"EntryPoint\",\"urlTemplate\":\"https:\\\/\\\/mimatica.com\\\/?s={search_term_string}\"},\"query-input\":{\"@type\":\"PropertyValueSpecification\",\"valueRequired\":true,\"valueName\":\"search_term_string\"}}],\"inLanguage\":\"en-US\"},{\"@type\":\"Organization\",\"@id\":\"https:\\\/\\\/mimatica.com\\\/#organization\",\"name\":\"Mi Matica Vivero Boutique\",\"url\":\"https:\\\/\\\/mimatica.com\\\/\",\"logo\":{\"@type\":\"ImageObject\",\"inLanguage\":\"en-US\",\"@id\":\"https:\\\/\\\/mimatica.com\\\/#\\\/schema\\\/logo\\\/image\\\/\",\"url\":\"https:\\\/\\\/mimatica.com\\\/wp-content\\\/uploads\\\/2020\\\/11\\\/Logo_Mi-Matica-e1662941170182.png\",\"contentUrl\":\"https:\\\/\\\/mimatica.com\\\/wp-content\\\/uploads\\\/2020\\\/11\\\/Logo_Mi-Matica-e1662941170182.png\",\"width\":120,\"height\":61,\"caption\":\"Mi Matica Vivero Boutique\"},\"image\":{\"@id\":\"https:\\\/\\\/mimatica.com\\\/#\\\/schema\\\/logo\\\/image\\\/\"},\"sameAs\":[\"https:\\\/\\\/www.facebook.com\\\/mimatica.vivero\",\"https:\\\/\\\/www.instagram.com\\\/mimatica.vivero\\\/\",\"https:\\\/\\\/pinterest.com\\\/mimaticavivero\\\/\"]}]}<\/script>\n<!-- \/ Yoast SEO plugin. -->","yoast_head_json":{"title":"Filodendro Pr\u00edncipe de Naranja | Mi Matica","description":"Filodendro Pr\u00edncipe de Naranja, planta tropical de tonos anaranjados y verdes que llena tu hogar de energ\u00eda y color. Ideal para interiores c\u00e1lidos. \ud83c\udf4a\ud83d\udc9a","robots":{"index":"index","follow":"follow","max-snippet":"max-snippet:-1","max-image-preview":"max-image-preview:large","max-video-preview":"max-video-preview:-1"},"canonical":"https:\/\/mimatica.com\/en\/Tienda\/filodendro-principe-de-naranja-philodendron-prince-of-orange\/","og_locale":"en_US","og_type":"article","og_title":"Filodendro Pr\u00edncipe de Naranja | Mi Matica","og_description":"Filodendro Pr\u00edncipe de Naranja, planta tropical de tonos anaranjados y verdes que llena tu hogar de energ\u00eda y color. Ideal para interiores c\u00e1lidos. \ud83c\udf4a\ud83d\udc9a","og_url":"https:\/\/mimatica.com\/en\/Tienda\/filodendro-principe-de-naranja-philodendron-prince-of-orange\/","og_site_name":"Mi Matica Vivero Boutique","article_publisher":"https:\/\/www.facebook.com\/mimatica.vivero","article_modified_time":"2025-11-10T14:45:52+00:00","og_image":[{"width":1080,"height":1350,"url":"https:\/\/mimatica.com\/wp-content\/uploads\/2025\/11\/filodendro-principe-de-naranja-philodendron-prince-of-orangee.webp","type":"image\/webp"}],"twitter_card":"summary_large_image","twitter_misc":{"Est. reading time":"5 minutes"},"schema":{"@context":"https:\/\/schema.org","@graph":[{"@type":"WebPage","@id":"https:\/\/mimatica.com\/Tienda\/filodendro-principe-de-naranja-philodendron-prince-of-orange\/","url":"https:\/\/mimatica.com\/Tienda\/filodendro-principe-de-naranja-philodendron-prince-of-orange\/","name":"Filodendro Pr\u00edncipe de Naranja | Mi Matica","isPartOf":{"@id":"https:\/\/mimatica.com\/#website"},"primaryImageOfPage":{"@id":"https:\/\/mimatica.com\/Tienda\/filodendro-principe-de-naranja-philodendron-prince-of-orange\/#primaryimage"},"image":{"@id":"https:\/\/mimatica.com\/Tienda\/filodendro-principe-de-naranja-philodendron-prince-of-orange\/#primaryimage"},"thumbnailUrl":"https:\/\/mimatica.com\/wp-content\/uploads\/2025\/11\/filodendro-principe-de-naranja-philodendron-prince-of-orangee.webp","datePublished":"2025-11-10T14:05:54+00:00","dateModified":"2025-11-10T14:45:52+00:00","description":"Filodendro Pr\u00edncipe de Naranja, planta tropical de tonos anaranjados y verdes que llena tu hogar de energ\u00eda y color. Ideal para interiores c\u00e1lidos. \ud83c\udf4a\ud83d\udc9a","breadcrumb":{"@id":"https:\/\/mimatica.com\/Tienda\/filodendro-principe-de-naranja-philodendron-prince-of-orange\/#breadcrumb"},"inLanguage":"en-US","potentialAction":[{"@type":"ReadAction","target":["https:\/\/mimatica.com\/Tienda\/filodendro-principe-de-naranja-philodendron-prince-of-orange\/"]}]},{"@type":"ImageObject","inLanguage":"en-US","@id":"https:\/\/mimatica.com\/Tienda\/filodendro-principe-de-naranja-philodendron-prince-of-orange\/#primaryimage","url":"https:\/\/mimatica.com\/wp-content\/uploads\/2025\/11\/filodendro-principe-de-naranja-philodendron-prince-of-orangee.webp","contentUrl":"https:\/\/mimatica.com\/wp-content\/uploads\/2025\/11\/filodendro-principe-de-naranja-philodendron-prince-of-orangee.webp","width":1080,"height":1350,"caption":"Filodendro Pr\u00edncipe de Naranja (Philodendron Prince of Orange)"},{"@type":"BreadcrumbList","@id":"https:\/\/mimatica.com\/Tienda\/filodendro-principe-de-naranja-philodendron-prince-of-orange\/#breadcrumb","itemListElement":[{"@type":"ListItem","position":1,"name":"Portada","item":"https:\/\/mimatica.com\/"},{"@type":"ListItem","position":2,"name":"Tienda","item":"https:\/\/mimatica.com\/tienda\/"},{"@type":"ListItem","position":3,"name":"Filodendro Pr\u00edncipe de Naranja (Philodendron Prince of Orange)"}]},{"@type":"WebSite","@id":"https:\/\/mimatica.com\/#website","url":"https:\/\/mimatica.com\/","name":"Mi Matica Vivero Boutique","description":"Plantas naturales, orqu\u00eddeas y materas artesanales.","publisher":{"@id":"https:\/\/mimatica.com\/#organization"},"potentialAction":[{"@type":"SearchAction","target":{"@type":"EntryPoint","urlTemplate":"https:\/\/mimatica.com\/?s={search_term_string}"},"query-input":{"@type":"PropertyValueSpecification","valueRequired":true,"valueName":"search_term_string"}}],"inLanguage":"en-US"},{"@type":"Organization","@id":"https:\/\/mimatica.com\/#organization","name":"Mi Matica Vivero Boutique","url":"https:\/\/mimatica.com\/","logo":{"@type":"ImageObject","inLanguage":"en-US","@id":"https:\/\/mimatica.com\/#\/schema\/logo\/image\/","url":"https:\/\/mimatica.com\/wp-content\/uploads\/2020\/11\/Logo_Mi-Matica-e1662941170182.png","contentUrl":"https:\/\/mimatica.com\/wp-content\/uploads\/2020\/11\/Logo_Mi-Matica-e1662941170182.png","width":120,"height":61,"caption":"Mi Matica Vivero Boutique"},"image":{"@id":"https:\/\/mimatica.com\/#\/schema\/logo\/image\/"},"sameAs":["https:\/\/www.facebook.com\/mimatica.vivero","https:\/\/www.instagram.com\/mimatica.vivero\/","https:\/\/pinterest.com\/mimaticavivero\/"]}]}},"jetpack_sharing_enabled":true,"_links":{"self":[{"href":"https:\/\/mimatica.com\/en\/wp-json\/wp\/v2\/product\/11824","targetHints":{"allow":["GET"]}}],"collection":[{"href":"https:\/\/mimatica.com\/en\/wp-json\/wp\/v2\/product"}],"about":[{"href":"https:\/\/mimatica.com\/en\/wp-json\/wp\/v2\/types\/product"}],"replies":[{"embeddable":true,"href":"https:\/\/mimatica.com\/en\/wp-json\/wp\/v2\/comments?post=11824"}],"version-history":[{"count":10,"href":"https:\/\/mimatica.com\/en\/wp-json\/wp\/v2\/product\/11824\/revisions"}],"predecessor-version":[{"id":11839,"href":"https:\/\/mimatica.com\/en\/wp-json\/wp\/v2\/product\/11824\/revisions\/11839"}],"wp:featuredmedia":[{"embeddable":true,"href":"https:\/\/mimatica.com\/en\/wp-json\/wp\/v2\/media\/11837"}],"wp:attachment":[{"href":"https:\/\/mimatica.com\/en\/wp-json\/wp\/v2\/media?parent=11824"}],"wp:term":[{"taxonomy":"product_brand","embeddable":true,"href":"https:\/\/mimatica.com\/en\/wp-json\/wp\/v2\/product_brand?post=11824"},{"taxonomy":"product_cat","embeddable":true,"href":"https:\/\/mimatica.com\/en\/wp-json\/wp\/v2\/product_cat?post=11824"},{"taxonomy":"product_tag","embeddable":true,"href":"https:\/\/mimatica.com\/en\/wp-json\/wp\/v2\/product_tag?post=11824"}],"curies":[{"name":"wp","href":"https:\/\/api.w.org\/{rel}","templated":true}]}}