{"id":12017,"date":"2025-11-15T10:04:12","date_gmt":"2025-11-15T15:04:12","guid":{"rendered":"https:\/\/mimatica.com\/?post_type=product&#038;p=12017"},"modified":"2025-11-15T10:08:02","modified_gmt":"2025-11-15T15:08:02","slug":"bonsai-de-guayacan","status":"publish","type":"product","link":"https:\/\/mimatica.com\/en\/Tienda\/bonsai-de-guayacan\/","title":{"rendered":"Bons\u00e1i de Guayac\u00e1n"},"content":{"rendered":"<div data-elementor-type=\"wp-post\" data-elementor-id=\"12017\" class=\"elementor elementor-12017\">\n\t\t\t\t<div class=\"elementor-element elementor-element-33cc9df e-flex e-con-boxed e-con e-parent\" data-id=\"33cc9df\" data-element_type=\"container\" data-e-type=\"container\">\n\t\t\t\t\t<div class=\"e-con-inner\">\n\t\t\t\t<div class=\"elementor-element elementor-element-6342aa86 elementor-widget elementor-widget-text-editor\" data-id=\"6342aa86\" data-element_type=\"widget\" data-e-type=\"widget\" data-widget_type=\"text-editor.default\">\n\t\t\t\t<div class=\"elementor-widget-container\">\n\t\t\t\t\t\t\t\t\t<p data-start=\"384\" data-end=\"445\">Un s\u00edmbolo de fuerza, historia y conexi\u00f3n con la tierra \ud83c\udf3f\u2728<\/p><p data-start=\"447\" data-end=\"823\">\u00a0<\/p><p data-start=\"447\" data-end=\"823\">El <strong data-start=\"450\" data-end=\"472\">Bons\u00e1i de Guayac\u00e1n<\/strong> es una de las piezas m\u00e1s especiales dentro del mundo del arte bons\u00e1i.<br data-start=\"542\" data-end=\"545\" \/>Proviene de un \u00e1rbol majestuoso y sagrado en muchas culturas latinoamericanas, conocido por su madera resistente y su floraci\u00f3n vibrante.<\/p><p data-start=\"447\" data-end=\"823\">\u00a0<\/p><p data-start=\"447\" data-end=\"823\">Convertido en bons\u00e1i, el Guayac\u00e1n se transforma en una obra viva que encarna paciencia, disciplina y belleza natural en su forma m\u00e1s pura.<\/p><p data-start=\"825\" data-end=\"1223\">En <strong data-start=\"828\" data-end=\"841\">Mi Matica<\/strong>, trabajamos cada ejemplar con respeto por su crecimiento y estructura, cuidando que su tronco conserve esa apariencia robusta y ancestral que lo caracteriza.<br data-start=\"999\" data-end=\"1002\" \/>Sus hojas peque\u00f1as, su porte sereno y su silueta equilibrada lo convierten en un elemento decorativo lleno de energ\u00eda natural, perfecto para <strong data-start=\"1143\" data-end=\"1222\">oficinas, estudios, salas o espacios donde se busca armon\u00eda y contemplaci\u00f3n<\/strong>.<\/p><p data-start=\"1225\" data-end=\"1355\">\u00a0<\/p><p data-start=\"1225\" data-end=\"1355\">El Guayac\u00e1n simboliza:<br data-start=\"1247\" data-end=\"1250\" \/>\u2728 Fortaleza interior<br data-start=\"1270\" data-end=\"1273\" \/>\u2728 Resiliencia<br data-start=\"1286\" data-end=\"1289\" \/>\u2728 Prosperidad y buena energ\u00eda<br data-start=\"1318\" data-end=\"1321\" \/>\u2728 Armon\u00eda entre mente y esp\u00edritu<\/p><p data-start=\"1357\" data-end=\"1536\">Es un bons\u00e1i ideal para quienes aman las plantas con historia, profundidad y car\u00e1cter. Una pieza viva que se convierte en compa\u00f1era silenciosa y elegante en el hogar o el trabajo.<\/p><h3 data-start=\"1543\" data-end=\"1573\">\ud83c\udf1e <strong data-start=\"1550\" data-end=\"1573\">Cuidados esenciales<\/strong><\/h3><p data-start=\"1575\" data-end=\"2159\">\u00a0<\/p><p data-start=\"1575\" data-end=\"2159\">\u2600\ufe0f <strong data-start=\"1578\" data-end=\"1586\">Luz:<\/strong> Prefiere luz natural abundante e indirecta. Puede recibir sol suave al inicio de la ma\u00f1ana o al final de la tarde.<br data-start=\"1701\" data-end=\"1704\" \/>\ud83d\udca7 <strong data-start=\"1707\" data-end=\"1717\">Riego:<\/strong> Cada 4 a 6 d\u00edas. Mant\u00e9n el sustrato ligeramente h\u00famedo, evitando encharcamientos. Siempre revisa el sustrato antes de regar.<br data-start=\"1842\" data-end=\"1845\" \/>\ud83c\udf2b\ufe0f <strong data-start=\"1849\" data-end=\"1861\">Humedad:<\/strong> Disfruta de ambientes ventilados. Puedes rociar suavemente sus hojas en clima muy seco.<br data-start=\"1949\" data-end=\"1952\" \/>\ud83c\udf31 <strong data-start=\"1955\" data-end=\"1964\">Poda:<\/strong> Realiza podas de mantenimiento para conservar la forma y fortalecer su estructura.<br data-start=\"2047\" data-end=\"2050\" \/>\ud83c\udf3f <strong data-start=\"2053\" data-end=\"2068\">Trasplante:<\/strong> Cada 1 a 2 a\u00f1os para renovar sustrato y permitir el crecimiento saludable de sus ra\u00edces.<\/p><p data-start=\"2161\" data-end=\"2430\">\ud83c\udf31 <strong data-start=\"2164\" data-end=\"2191\">Vitaminas para bons\u00e1is:<\/strong><br data-start=\"2191\" data-end=\"2194\" \/>Aplica <strong data-start=\"2201\" data-end=\"2283\"><a class=\"decorated-link\" href=\"https:\/\/mimatica.com\/en\/Tienda\/fertilizante-primavera-bonsai\/\" target=\"_new\" rel=\"noopener\" data-start=\"2203\" data-end=\"2281\">Primavera Bons\u00e1i<\/a><\/strong> cada <strong data-start=\"2289\" data-end=\"2305\">15 a 30 d\u00edas<\/strong>, siguiendo las indicaciones, para fortalecer ra\u00edces, mejorar la salud del follaje y mantener su forma compacta y vigorosa.<\/p><p data-start=\"2432\" data-end=\"2640\">\u00a0<\/p><p data-start=\"2432\" data-end=\"2640\">\ud83d\udea8 <strong data-start=\"2435\" data-end=\"2466\">Signos comunes de malestar:<\/strong><br data-start=\"2466\" data-end=\"2469\" \/>\u2013 Hojas amarillas: exceso de agua o falta de luz.<br data-start=\"2518\" data-end=\"2521\" \/>\u2013 Puntas secas: aire demasiado seco o riego irregular.<br data-start=\"2575\" data-end=\"2578\" \/>\u2013 P\u00e9rdida de vigor: falta de fertilizaci\u00f3n o sustrato viejo.<\/p><h3 data-start=\"2647\" data-end=\"2685\">\ud83d\udce6 <strong data-start=\"2654\" data-end=\"2683\">Disponibilidad y garant\u00eda<\/strong><\/h3><p data-start=\"2686\" data-end=\"2898\">Entregas en <strong data-start=\"2698\" data-end=\"2713\">Bucaramanga<\/strong> y env\u00edos nacionales.<br data-start=\"2734\" data-end=\"2737\" \/>Garant\u00eda de <strong data-start=\"2749\" data-end=\"2759\">7 d\u00edas<\/strong> por bienestar del bons\u00e1i.<br data-start=\"2785\" data-end=\"2788\" \/>Empaque seguro con protecci\u00f3n especial.<br data-start=\"2827\" data-end=\"2830\" \/>Acompa\u00f1amiento postventa v\u00eda <a class=\"decorated-link\" href=\"https:\/\/wa.me\/3016593885\" target=\"_new\" rel=\"noopener\" data-start=\"2859\" data-end=\"2895\">WhatsApp<\/a>.<\/p><h3 data-start=\"2905\" data-end=\"2934\">\ud83c\udf81 <strong data-start=\"2912\" data-end=\"2932\">\u00bfEs para regalo?<\/strong><\/h3><p data-start=\"2935\" data-end=\"3168\">Incluye mensaje personalizado sin costo adicional.<br data-start=\"2985\" data-end=\"2988\" \/>\ud83d\udc9a <em data-start=\"2991\" data-end=\"3074\">En Mi Matica creemos que regalar una matica es regalar vida, intenci\u00f3n y armon\u00eda.<\/em><br data-start=\"3074\" data-end=\"3077\" \/>Cada bons\u00e1i llega listo para florecer donde m\u00e1s se necesita: en el coraz\u00f3n o en el hogar.<\/p><h3 data-start=\"3175\" data-end=\"3204\">\ud83c\udf0d <strong data-start=\"3182\" data-end=\"3202\">M\u00e1s informaci\u00f3n:<\/strong><\/h3><p data-start=\"3205\" data-end=\"3385\">Conoce tips sobre <strong data-start=\"3223\" data-end=\"3261\">cuidado de bons\u00e1is en clima c\u00e1lido<\/strong> \ud83d\udc49 <a class=\"decorated-link\" href=\"https:\/\/mimatica.com\/en\/blog\/\" target=\"_new\" rel=\"noopener\" data-start=\"3265\" data-end=\"3309\">Blog Mi Matica<\/a><br data-start=\"3309\" data-end=\"3312\" \/>Explora m\u00e1s plantas \ud83d\udc49 <a class=\"decorated-link\" href=\"https:\/\/mimatica.com\/en\/tienda\/\" target=\"_new\" rel=\"noopener\" data-start=\"3335\" data-end=\"3383\">Tienda Mi Matica<\/a><\/p>\t\t\t\t\t\t\t\t<\/div>\n\t\t\t\t<\/div>\n\t\t\t\t\t<\/div>\n\t\t\t\t<\/div>\n\t\t\t\t<\/div>","protected":false},"excerpt":{"rendered":"<p data-start=\"3013\" data-end=\"3184\">\ud83c\udf33 <strong data-start=\"3426\" data-end=\"3448\">Bons\u00e1i de Guayac\u00e1n<\/strong>, s\u00edmbolo de fuerza y serenidad. Un \u00e1rbol sagrado transformado en obra viva, perfecto para decorar espacios con energ\u00eda, equilibrio y armon\u00eda natural.<\/p>\n<p data-start=\"3186\" data-end=\"3358\">\ud83d\udcde Despu\u00e9s de tu compra,\u00a0<a href=\"http:\/\/wa.me\/573016593885\">te escribimos para que elijas la matica m\u00e1s bonita posible<\/a>. \u00a1Queremos que encuentres la que m\u00e1s te guste y te enamore por completo! \ud83d\udc9a<\/p>\n<p data-start=\"1416\" data-end=\"1563\">","protected":false},"featured_media":12018,"comment_status":"open","ping_status":"closed","template":"","meta":[],"product_brand":[],"product_cat":[148],"product_tag":[175,177,145,150],"class_list":{"0":"post-12017","1":"product","2":"type-product","3":"status-publish","4":"has-post-thumbnail","6":"product_cat-plantas-de-interior","7":"product_tag-decoracion-natural","8":"product_tag-faciles-de-cuidar","9":"product_tag-plantas-de-interior","10":"product_tag-plantas-para-regalo","11":"product_shipping_class-materas-pequenas","14":"instock","15":"purchasable","16":"product-type-simple"},"yoast_head":"<!-- This site is optimized with the Yoast SEO plugin v27.3 - https:\/\/yoast.com\/product\/yoast-seo-wordpress\/ -->\n<title>Bons\u00e1i de Guayac\u00e1n | Mi Matica<\/title>\n<meta name=\"description\" content=\"Bons\u00e1i de Guayac\u00e1n, s\u00edmbolo de fuerza y armon\u00eda. Ideal para interiores c\u00e1lidos, elegante y lleno de energ\u00eda natural. \ud83c\udf3f\ud83d\udc9a\" \/>\n<meta name=\"robots\" content=\"index, follow, max-snippet:-1, max-image-preview:large, max-video-preview:-1\" \/>\n<link rel=\"canonical\" href=\"https:\/\/mimatica.com\/en\/Tienda\/bonsai-de-guayacan\/\" \/>\n<meta property=\"og:locale\" content=\"en_US\" \/>\n<meta property=\"og:type\" content=\"article\" \/>\n<meta property=\"og:title\" content=\"Bons\u00e1i de Guayac\u00e1n | Mi Matica\" \/>\n<meta property=\"og:description\" content=\"Bons\u00e1i de Guayac\u00e1n, s\u00edmbolo de fuerza y armon\u00eda. Ideal para interiores c\u00e1lidos, elegante y lleno de energ\u00eda natural. \ud83c\udf3f\ud83d\udc9a\" \/>\n<meta property=\"og:url\" content=\"https:\/\/mimatica.com\/en\/Tienda\/bonsai-de-guayacan\/\" \/>\n<meta property=\"og:site_name\" content=\"Mi Matica Vivero Boutique\" \/>\n<meta property=\"article:publisher\" content=\"https:\/\/www.facebook.com\/mimatica.vivero\" \/>\n<meta property=\"article:modified_time\" content=\"2025-11-15T15:08:02+00:00\" \/>\n<meta property=\"og:image\" content=\"https:\/\/mimatica.com\/wp-content\/uploads\/2025\/11\/bonsai-de-guayacan.webp\" \/>\n\t<meta property=\"og:image:width\" content=\"1080\" \/>\n\t<meta property=\"og:image:height\" content=\"1350\" \/>\n\t<meta property=\"og:image:type\" content=\"image\/webp\" \/>\n<meta name=\"twitter:card\" content=\"summary_large_image\" \/>\n<meta name=\"twitter:label1\" content=\"Est. reading time\" \/>\n\t<meta name=\"twitter:data1\" content=\"2 minutes\" \/>\n<script type=\"application\/ld+json\" class=\"yoast-schema-graph\">{\"@context\":\"https:\\\/\\\/schema.org\",\"@graph\":[{\"@type\":\"WebPage\",\"@id\":\"https:\\\/\\\/mimatica.com\\\/Tienda\\\/bonsai-de-guayacan\\\/\",\"url\":\"https:\\\/\\\/mimatica.com\\\/Tienda\\\/bonsai-de-guayacan\\\/\",\"name\":\"Bons\u00e1i de Guayac\u00e1n | Mi Matica\",\"isPartOf\":{\"@id\":\"https:\\\/\\\/mimatica.com\\\/#website\"},\"primaryImageOfPage\":{\"@id\":\"https:\\\/\\\/mimatica.com\\\/Tienda\\\/bonsai-de-guayacan\\\/#primaryimage\"},\"image\":{\"@id\":\"https:\\\/\\\/mimatica.com\\\/Tienda\\\/bonsai-de-guayacan\\\/#primaryimage\"},\"thumbnailUrl\":\"https:\\\/\\\/mimatica.com\\\/wp-content\\\/uploads\\\/2025\\\/11\\\/bonsai-de-guayacan.webp\",\"datePublished\":\"2025-11-15T15:04:12+00:00\",\"dateModified\":\"2025-11-15T15:08:02+00:00\",\"description\":\"Bons\u00e1i de Guayac\u00e1n, s\u00edmbolo de fuerza y armon\u00eda. Ideal para interiores c\u00e1lidos, elegante y lleno de energ\u00eda natural. \ud83c\udf3f\ud83d\udc9a\",\"breadcrumb\":{\"@id\":\"https:\\\/\\\/mimatica.com\\\/Tienda\\\/bonsai-de-guayacan\\\/#breadcrumb\"},\"inLanguage\":\"en-US\",\"potentialAction\":[{\"@type\":\"ReadAction\",\"target\":[\"https:\\\/\\\/mimatica.com\\\/Tienda\\\/bonsai-de-guayacan\\\/\"]}]},{\"@type\":\"ImageObject\",\"inLanguage\":\"en-US\",\"@id\":\"https:\\\/\\\/mimatica.com\\\/Tienda\\\/bonsai-de-guayacan\\\/#primaryimage\",\"url\":\"https:\\\/\\\/mimatica.com\\\/wp-content\\\/uploads\\\/2025\\\/11\\\/bonsai-de-guayacan.webp\",\"contentUrl\":\"https:\\\/\\\/mimatica.com\\\/wp-content\\\/uploads\\\/2025\\\/11\\\/bonsai-de-guayacan.webp\",\"width\":1080,\"height\":1350,\"caption\":\"Bons\u00e1i de Guayac\u00e1n\"},{\"@type\":\"BreadcrumbList\",\"@id\":\"https:\\\/\\\/mimatica.com\\\/Tienda\\\/bonsai-de-guayacan\\\/#breadcrumb\",\"itemListElement\":[{\"@type\":\"ListItem\",\"position\":1,\"name\":\"Portada\",\"item\":\"https:\\\/\\\/mimatica.com\\\/\"},{\"@type\":\"ListItem\",\"position\":2,\"name\":\"Tienda\",\"item\":\"https:\\\/\\\/mimatica.com\\\/tienda\\\/\"},{\"@type\":\"ListItem\",\"position\":3,\"name\":\"Bons\u00e1i de Guayac\u00e1n\"}]},{\"@type\":\"WebSite\",\"@id\":\"https:\\\/\\\/mimatica.com\\\/#website\",\"url\":\"https:\\\/\\\/mimatica.com\\\/\",\"name\":\"Mi Matica Vivero Boutique\",\"description\":\"Plantas naturales, orqu\u00eddeas y materas artesanales.\",\"publisher\":{\"@id\":\"https:\\\/\\\/mimatica.com\\\/#organization\"},\"potentialAction\":[{\"@type\":\"SearchAction\",\"target\":{\"@type\":\"EntryPoint\",\"urlTemplate\":\"https:\\\/\\\/mimatica.com\\\/?s={search_term_string}\"},\"query-input\":{\"@type\":\"PropertyValueSpecification\",\"valueRequired\":true,\"valueName\":\"search_term_string\"}}],\"inLanguage\":\"en-US\"},{\"@type\":\"Organization\",\"@id\":\"https:\\\/\\\/mimatica.com\\\/#organization\",\"name\":\"Mi Matica Vivero Boutique\",\"url\":\"https:\\\/\\\/mimatica.com\\\/\",\"logo\":{\"@type\":\"ImageObject\",\"inLanguage\":\"en-US\",\"@id\":\"https:\\\/\\\/mimatica.com\\\/#\\\/schema\\\/logo\\\/image\\\/\",\"url\":\"https:\\\/\\\/mimatica.com\\\/wp-content\\\/uploads\\\/2020\\\/11\\\/Logo_Mi-Matica-e1662941170182.png\",\"contentUrl\":\"https:\\\/\\\/mimatica.com\\\/wp-content\\\/uploads\\\/2020\\\/11\\\/Logo_Mi-Matica-e1662941170182.png\",\"width\":120,\"height\":61,\"caption\":\"Mi Matica Vivero Boutique\"},\"image\":{\"@id\":\"https:\\\/\\\/mimatica.com\\\/#\\\/schema\\\/logo\\\/image\\\/\"},\"sameAs\":[\"https:\\\/\\\/www.facebook.com\\\/mimatica.vivero\",\"https:\\\/\\\/www.instagram.com\\\/mimatica.vivero\\\/\",\"https:\\\/\\\/pinterest.com\\\/mimaticavivero\\\/\"]}]}<\/script>\n<!-- \/ Yoast SEO plugin. -->","yoast_head_json":{"title":"Bons\u00e1i de Guayac\u00e1n | Mi Matica","description":"Bons\u00e1i de Guayac\u00e1n, s\u00edmbolo de fuerza y armon\u00eda. Ideal para interiores c\u00e1lidos, elegante y lleno de energ\u00eda natural. \ud83c\udf3f\ud83d\udc9a","robots":{"index":"index","follow":"follow","max-snippet":"max-snippet:-1","max-image-preview":"max-image-preview:large","max-video-preview":"max-video-preview:-1"},"canonical":"https:\/\/mimatica.com\/en\/Tienda\/bonsai-de-guayacan\/","og_locale":"en_US","og_type":"article","og_title":"Bons\u00e1i de Guayac\u00e1n | Mi Matica","og_description":"Bons\u00e1i de Guayac\u00e1n, s\u00edmbolo de fuerza y armon\u00eda. Ideal para interiores c\u00e1lidos, elegante y lleno de energ\u00eda natural. \ud83c\udf3f\ud83d\udc9a","og_url":"https:\/\/mimatica.com\/en\/Tienda\/bonsai-de-guayacan\/","og_site_name":"Mi Matica Vivero Boutique","article_publisher":"https:\/\/www.facebook.com\/mimatica.vivero","article_modified_time":"2025-11-15T15:08:02+00:00","og_image":[{"width":1080,"height":1350,"url":"https:\/\/mimatica.com\/wp-content\/uploads\/2025\/11\/bonsai-de-guayacan.webp","type":"image\/webp"}],"twitter_card":"summary_large_image","twitter_misc":{"Est. reading time":"2 minutes"},"schema":{"@context":"https:\/\/schema.org","@graph":[{"@type":"WebPage","@id":"https:\/\/mimatica.com\/Tienda\/bonsai-de-guayacan\/","url":"https:\/\/mimatica.com\/Tienda\/bonsai-de-guayacan\/","name":"Bons\u00e1i de Guayac\u00e1n | Mi Matica","isPartOf":{"@id":"https:\/\/mimatica.com\/#website"},"primaryImageOfPage":{"@id":"https:\/\/mimatica.com\/Tienda\/bonsai-de-guayacan\/#primaryimage"},"image":{"@id":"https:\/\/mimatica.com\/Tienda\/bonsai-de-guayacan\/#primaryimage"},"thumbnailUrl":"https:\/\/mimatica.com\/wp-content\/uploads\/2025\/11\/bonsai-de-guayacan.webp","datePublished":"2025-11-15T15:04:12+00:00","dateModified":"2025-11-15T15:08:02+00:00","description":"Bons\u00e1i de Guayac\u00e1n, s\u00edmbolo de fuerza y armon\u00eda. Ideal para interiores c\u00e1lidos, elegante y lleno de energ\u00eda natural. \ud83c\udf3f\ud83d\udc9a","breadcrumb":{"@id":"https:\/\/mimatica.com\/Tienda\/bonsai-de-guayacan\/#breadcrumb"},"inLanguage":"en-US","potentialAction":[{"@type":"ReadAction","target":["https:\/\/mimatica.com\/Tienda\/bonsai-de-guayacan\/"]}]},{"@type":"ImageObject","inLanguage":"en-US","@id":"https:\/\/mimatica.com\/Tienda\/bonsai-de-guayacan\/#primaryimage","url":"https:\/\/mimatica.com\/wp-content\/uploads\/2025\/11\/bonsai-de-guayacan.webp","contentUrl":"https:\/\/mimatica.com\/wp-content\/uploads\/2025\/11\/bonsai-de-guayacan.webp","width":1080,"height":1350,"caption":"Bons\u00e1i de Guayac\u00e1n"},{"@type":"BreadcrumbList","@id":"https:\/\/mimatica.com\/Tienda\/bonsai-de-guayacan\/#breadcrumb","itemListElement":[{"@type":"ListItem","position":1,"name":"Portada","item":"https:\/\/mimatica.com\/"},{"@type":"ListItem","position":2,"name":"Tienda","item":"https:\/\/mimatica.com\/tienda\/"},{"@type":"ListItem","position":3,"name":"Bons\u00e1i de Guayac\u00e1n"}]},{"@type":"WebSite","@id":"https:\/\/mimatica.com\/#website","url":"https:\/\/mimatica.com\/","name":"Mi Matica Vivero Boutique","description":"Plantas naturales, orqu\u00eddeas y materas artesanales.","publisher":{"@id":"https:\/\/mimatica.com\/#organization"},"potentialAction":[{"@type":"SearchAction","target":{"@type":"EntryPoint","urlTemplate":"https:\/\/mimatica.com\/?s={search_term_string}"},"query-input":{"@type":"PropertyValueSpecification","valueRequired":true,"valueName":"search_term_string"}}],"inLanguage":"en-US"},{"@type":"Organization","@id":"https:\/\/mimatica.com\/#organization","name":"Mi Matica Vivero Boutique","url":"https:\/\/mimatica.com\/","logo":{"@type":"ImageObject","inLanguage":"en-US","@id":"https:\/\/mimatica.com\/#\/schema\/logo\/image\/","url":"https:\/\/mimatica.com\/wp-content\/uploads\/2020\/11\/Logo_Mi-Matica-e1662941170182.png","contentUrl":"https:\/\/mimatica.com\/wp-content\/uploads\/2020\/11\/Logo_Mi-Matica-e1662941170182.png","width":120,"height":61,"caption":"Mi Matica Vivero Boutique"},"image":{"@id":"https:\/\/mimatica.com\/#\/schema\/logo\/image\/"},"sameAs":["https:\/\/www.facebook.com\/mimatica.vivero","https:\/\/www.instagram.com\/mimatica.vivero\/","https:\/\/pinterest.com\/mimaticavivero\/"]}]}},"jetpack_sharing_enabled":true,"_links":{"self":[{"href":"https:\/\/mimatica.com\/en\/wp-json\/wp\/v2\/product\/12017","targetHints":{"allow":["GET"]}}],"collection":[{"href":"https:\/\/mimatica.com\/en\/wp-json\/wp\/v2\/product"}],"about":[{"href":"https:\/\/mimatica.com\/en\/wp-json\/wp\/v2\/types\/product"}],"replies":[{"embeddable":true,"href":"https:\/\/mimatica.com\/en\/wp-json\/wp\/v2\/comments?post=12017"}],"version-history":[{"count":5,"href":"https:\/\/mimatica.com\/en\/wp-json\/wp\/v2\/product\/12017\/revisions"}],"predecessor-version":[{"id":12024,"href":"https:\/\/mimatica.com\/en\/wp-json\/wp\/v2\/product\/12017\/revisions\/12024"}],"wp:featuredmedia":[{"embeddable":true,"href":"https:\/\/mimatica.com\/en\/wp-json\/wp\/v2\/media\/12018"}],"wp:attachment":[{"href":"https:\/\/mimatica.com\/en\/wp-json\/wp\/v2\/media?parent=12017"}],"wp:term":[{"taxonomy":"product_brand","embeddable":true,"href":"https:\/\/mimatica.com\/en\/wp-json\/wp\/v2\/product_brand?post=12017"},{"taxonomy":"product_cat","embeddable":true,"href":"https:\/\/mimatica.com\/en\/wp-json\/wp\/v2\/product_cat?post=12017"},{"taxonomy":"product_tag","embeddable":true,"href":"https:\/\/mimatica.com\/en\/wp-json\/wp\/v2\/product_tag?post=12017"}],"curies":[{"name":"wp","href":"https:\/\/api.w.org\/{rel}","templated":true}]}}