{"id":8167,"date":"2022-09-12T22:56:51","date_gmt":"2022-09-13T03:56:51","guid":{"rendered":"https:\/\/mimatica.com\/?post_type=product&#038;p=8167"},"modified":"2026-05-03T16:25:51","modified_gmt":"2026-05-03T21:25:51","slug":"orquidea-blanca_concreto","status":"publish","type":"product","link":"https:\/\/mimatica.com\/en\/Tienda\/orquidea-blanca_concreto\/","title":{"rendered":"Orqu\u00eddea Blanca con 2 Varas Florales en matera de Concreto"},"content":{"rendered":"<h2>Orqu\u00eddea Blanca con 2 Varas Florales en matera de Concreto<\/h2>\n<p><strong>La Orqu\u00eddea Blanca<\/strong>, con su elegancia atemporal y pureza serena, se erige como un s\u00edmbolo de belleza cl\u00e1sica y gracia eterna. Los p\u00e9talos impecables de un blanco puro evocan una sensaci\u00f3n de calma y sofisticaci\u00f3n, creando una presencia serena y refinada en cualquier entorno. Esta flor, con su aura tranquila, es mucho m\u00e1s que un simple adorno floral; es una expresi\u00f3n de pureza, amor y respeto.<\/p>\n<p><strong>Regalar una Orqu\u00eddea Blanca es compartir un gesto de aprecio y admiraci\u00f3n<\/strong>. Es un regalo que trasciende el tiempo y las tendencias, transmitiendo una elegancia intemporal. La Orqu\u00eddea Blanca se convierte en un s\u00edmbolo de buenos deseos, paz y armon\u00eda, ideal para expresar sentimientos de gratitud o para acompa\u00f1ar momentos de celebraci\u00f3n y amor. Deja que la serenidad y la belleza cl\u00e1sica de la Orqu\u00eddea Blanca iluminen y enriquezcan cada rinc\u00f3n de tu vida.<\/p>\n<h2>Caracter\u00edsticas de nuestras orqu\u00eddeas phalaenopsis<\/h2>\n<ul>\n<li><strong>Cada planta es \u00fanica<\/strong>; el tama\u00f1o y la forma cambian seg\u00fan la temporada, por lo que todas las medidas y tama\u00f1os de flor se muestran como un rango aproximado<\/li>\n<li>La orqu\u00eddea tiene una <strong>altura promedio de 60 cm a 80 cm de alto<\/strong>, desde la base de la matera de cultivo hasta la parte superior de la vara floral<\/li>\n<li>Llega en matera de cultivo, y <strong>se coloca dentro del portaorquideas<\/strong> de matero del color que escojas.<\/li>\n<li>El <strong>color real de las flores puede variar<\/strong> ligeramente de lo que se muestra en la imagen.<\/li>\n<li>Al momento de realizar el pago, <a href=\"http:\/\/wa.me\/573016593885\"><strong>nos comunicaremos contigo para darte a escoger <\/strong><\/a>la Orqu\u00eddea Blanca con 2 varas florales de tu preferencia.<\/li>\n<\/ul>\n<h2>Cuidado de las orqu\u00eddeas Phalaenopsis<\/h2>\n<p>Si desea saber como cuidar sus orqu\u00eddeas como un profesional, le invitamos a ver nuestro art\u00edculo sobre su cuidado<\/p>\n<p>\u27a1<span style=\"color: #339966;\"><em><strong> <a style=\"color: #339966;\" href=\"https:\/\/mimatica.com\/en\/como-cuidar-una-orquidea-phalaenopsis\/\">https:\/\/mimatica.com\/como-cuidar-una-orquidea-phalaenopsis\/<\/a><\/strong><\/em><\/span><\/p>\n<p>&nbsp;<\/p>\n<p><img fetchpriority=\"high\" decoding=\"async\" class=\"size-medium wp-image-8326 alignleft\" src=\"https:\/\/mimatica.com\/wp-content\/uploads\/2022\/09\/Orquideas-en-tronco-506x360.jpeg\" alt=\"Origen de las orqu\u00eddeas\" width=\"506\" height=\"360\" \/><\/p>\n<h2>Origen de la Orqu\u00eddea Phalaenopsis<\/h2>\n<p>El nombre \u201corqu\u00eddea\u201d proviene de la palabra griega\u00a0<em>orkhis,<\/em> y fue nombrado por un antiguo bot\u00e1nico griego llamado Theophrastos, quien pens\u00f3 que las ra\u00edces de la orqu\u00eddea se parec\u00edan a una parte de la anatom\u00eda masculina.<\/p>\n<p><strong>Las orqu\u00eddeas son ep\u00edfitas<\/strong> en su h\u00e1bitat nativo, crecen en \u00e1rboles y formaciones rocosas, en lugar de directamente en el suelo. Las especies de la familia de orqu\u00eddeas Orchidaceae se pueden encontrar en casi todos los h\u00e1bitats del mundo, adem\u00e1s de los glaciares, pero los tipos m\u00e1s diversos de orqu\u00eddeas se pueden encontrar en los tr\u00f3picos.<\/p>\n<p>Estas orqu\u00eddeas tropicales son conocidas por sus flores llamativas y brillantes que vienen en muchos colores diferentes. \u00a1Hay m\u00e1s de 25,000 especies de orqu\u00eddeas diferentes en todo el mundo, y m\u00e1s del triple de ese n\u00famero en cultivares e h\u00edbridos!<\/p>","protected":false},"excerpt":{"rendered":"<p><strong>La Orqu\u00eddea Blanca<\/strong>, con sus elegantes tallos y sus vibrantes flores, hace que cualquier espacio se sienta m\u00e1s elegante. Las orqu\u00eddeas blancas <strong>representan pureza de mente y esp\u00edritu<\/strong>, y son la muestra de amor m\u00e1s refinada que podr\u00e1s encontrar, por lo que son la <strong>elecci\u00f3n perfecta para celebrar una boda o un compromiso.<\/strong><\/p>\n<h2>Caracter\u00edsticas de nuestras orqu\u00eddeas phalaenopsis<\/h2>\n<ul>\n<li><strong>Cada planta es \u00fanica<\/strong>; el tama\u00f1o y la forma cambian seg\u00fan la temporada, por lo que todas las medidas y tama\u00f1os de flor se muestran como un rango aproximado<\/li>\n<li>La orqu\u00eddea tiene una <strong>altura promedio de 60 cm a 80 cm de alto<\/strong>, desde la base de la matera de cultivo hasta la parte superior de la vara floral<\/li>\n<li>Llega en matera de cultivo, y <strong>se coloca dentro del portaorquideas<\/strong> de matero del color que escojas.<\/li>\n<li>El <strong>color real de las flores puede variar<\/strong> ligeramente de lo que se muestra en la imagen.<\/li>\n<li>Al momento de realizar el pago, <strong>nos comunicaremos contigo para darte a escoger <\/strong>la Orqu\u00eddea Blanca con 2 varas florales de tu preferencia.<\/li>\n<\/ul>","protected":false},"featured_media":8879,"comment_status":"open","ping_status":"closed","template":"","meta":[],"product_brand":[],"product_cat":[138],"product_tag":[143,145,150],"class_list":{"0":"post-8167","1":"product","2":"type-product","3":"status-publish","4":"has-post-thumbnail","6":"product_cat-orquideas","7":"product_tag-orquideas","8":"product_tag-plantas-de-interior","9":"product_tag-plantas-para-regalo","10":"product_shipping_class-plantas-pequenas","13":"instock","14":"purchasable","15":"product-type-variable","16":"has-default-attributes"},"yoast_head":"<!-- This site is optimized with the Yoast SEO plugin v27.5 - https:\/\/yoast.com\/product\/yoast-seo-wordpress\/ -->\n<title>Orqu\u00eddea Blanca con 2 Varas Florales en matera de Concreto - Mi Matica Vivero Boutique<\/title>\n<meta name=\"robots\" content=\"index, follow, max-snippet:-1, max-image-preview:large, max-video-preview:-1\" \/>\n<link rel=\"canonical\" href=\"https:\/\/mimatica.com\/en\/Tienda\/orquidea-blanca_concreto\/\" \/>\n<meta property=\"og:locale\" content=\"en_US\" \/>\n<meta property=\"og:type\" content=\"article\" \/>\n<meta property=\"og:title\" content=\"Orqu\u00eddea Blanca con 2 Varas Florales en matera de Concreto - Mi Matica Vivero Boutique\" \/>\n<meta property=\"og:description\" content=\"La Orqu\u00eddea Blanca, con sus elegantes tallos y sus vibrantes flores, hace que cualquier espacio se sienta m\u00e1s elegante. Las orqu\u00eddeas blancas representan pureza de mente y esp\u00edritu, y son la muestra de amor m\u00e1s refinada que podr\u00e1s encontrar, por lo que son la elecci\u00f3n perfecta para celebrar una boda o un compromiso. Caracter\u00edsticas de nuestras orqu\u00eddeas phalaenopsis   Cada planta es \u00fanica; el tama\u00f1o y la forma cambian seg\u00fan la temporada, por lo que todas las medidas y tama\u00f1os de flor se muestran como un rango aproximado  La orqu\u00eddea tiene una altura promedio de 60 cm a 80 cm de alto, desde la base de la matera de cultivo hasta la parte superior de la vara floral  Llega en matera de cultivo, y se coloca dentro del portaorquideas de matero del color que escojas.  El color real de las flores puede variar ligeramente de lo que se muestra en la imagen.  Al momento de realizar el pago, nos comunicaremos contigo para darte a escoger la Orqu\u00eddea Blanca con 2 varas florales de tu preferencia.\" \/>\n<meta property=\"og:url\" content=\"https:\/\/mimatica.com\/en\/Tienda\/orquidea-blanca_concreto\/\" \/>\n<meta property=\"og:site_name\" content=\"Mi Matica Vivero Boutique\" \/>\n<meta property=\"article:publisher\" content=\"https:\/\/www.facebook.com\/mimatica.vivero\" \/>\n<meta property=\"article:modified_time\" content=\"2026-05-03T21:25:51+00:00\" \/>\n<meta property=\"og:image\" content=\"https:\/\/mimatica.com\/wp-content\/uploads\/2022\/09\/Orquidea_Phalaenopsis_blanca_centro_amarillo-2_varas-concreto_blanco-Mi_matica.webp\" \/>\n\t<meta property=\"og:image:width\" content=\"1350\" \/>\n\t<meta property=\"og:image:height\" content=\"1350\" \/>\n\t<meta property=\"og:image:type\" content=\"image\/webp\" \/>\n<meta name=\"twitter:card\" content=\"summary_large_image\" \/>\n<meta name=\"twitter:label1\" content=\"Est. reading time\" \/>\n\t<meta name=\"twitter:data1\" content=\"3 minutes\" \/>\n<script type=\"application\/ld+json\" class=\"yoast-schema-graph\">{\"@context\":\"https:\\\/\\\/schema.org\",\"@graph\":[{\"@type\":\"WebPage\",\"@id\":\"https:\\\/\\\/mimatica.com\\\/Tienda\\\/orquidea-blanca_concreto\\\/\",\"url\":\"https:\\\/\\\/mimatica.com\\\/Tienda\\\/orquidea-blanca_concreto\\\/\",\"name\":\"Orqu\u00eddea Blanca con 2 Varas Florales en matera de Concreto - Mi Matica Vivero Boutique\",\"isPartOf\":{\"@id\":\"https:\\\/\\\/mimatica.com\\\/#website\"},\"primaryImageOfPage\":{\"@id\":\"https:\\\/\\\/mimatica.com\\\/Tienda\\\/orquidea-blanca_concreto\\\/#primaryimage\"},\"image\":{\"@id\":\"https:\\\/\\\/mimatica.com\\\/Tienda\\\/orquidea-blanca_concreto\\\/#primaryimage\"},\"thumbnailUrl\":\"https:\\\/\\\/mimatica.com\\\/wp-content\\\/uploads\\\/2022\\\/09\\\/Orquidea_Phalaenopsis_blanca_centro_amarillo-2_varas-concreto_blanco-Mi_matica.webp\",\"datePublished\":\"2022-09-13T03:56:51+00:00\",\"dateModified\":\"2026-05-03T21:25:51+00:00\",\"breadcrumb\":{\"@id\":\"https:\\\/\\\/mimatica.com\\\/Tienda\\\/orquidea-blanca_concreto\\\/#breadcrumb\"},\"inLanguage\":\"en-US\",\"potentialAction\":[{\"@type\":\"ReadAction\",\"target\":[\"https:\\\/\\\/mimatica.com\\\/Tienda\\\/orquidea-blanca_concreto\\\/\"]}]},{\"@type\":\"ImageObject\",\"inLanguage\":\"en-US\",\"@id\":\"https:\\\/\\\/mimatica.com\\\/Tienda\\\/orquidea-blanca_concreto\\\/#primaryimage\",\"url\":\"https:\\\/\\\/mimatica.com\\\/wp-content\\\/uploads\\\/2022\\\/09\\\/Orquidea_Phalaenopsis_blanca_centro_amarillo-2_varas-concreto_blanco-Mi_matica.webp\",\"contentUrl\":\"https:\\\/\\\/mimatica.com\\\/wp-content\\\/uploads\\\/2022\\\/09\\\/Orquidea_Phalaenopsis_blanca_centro_amarillo-2_varas-concreto_blanco-Mi_matica.webp\",\"width\":1350,\"height\":1350,\"caption\":\"Orqu\u00eddea blanca 2 varas florales\"},{\"@type\":\"BreadcrumbList\",\"@id\":\"https:\\\/\\\/mimatica.com\\\/Tienda\\\/orquidea-blanca_concreto\\\/#breadcrumb\",\"itemListElement\":[{\"@type\":\"ListItem\",\"position\":1,\"name\":\"Portada\",\"item\":\"https:\\\/\\\/mimatica.com\\\/\"},{\"@type\":\"ListItem\",\"position\":2,\"name\":\"Tienda\",\"item\":\"https:\\\/\\\/mimatica.com\\\/tienda\\\/\"},{\"@type\":\"ListItem\",\"position\":3,\"name\":\"Orqu\u00eddea Blanca con 2 Varas Florales en matera de Concreto\"}]},{\"@type\":\"WebSite\",\"@id\":\"https:\\\/\\\/mimatica.com\\\/#website\",\"url\":\"https:\\\/\\\/mimatica.com\\\/\",\"name\":\"Mi Matica Vivero Boutique\",\"description\":\"Plantas naturales, orqu\u00eddeas y materas artesanales.\",\"publisher\":{\"@id\":\"https:\\\/\\\/mimatica.com\\\/#organization\"},\"potentialAction\":[{\"@type\":\"SearchAction\",\"target\":{\"@type\":\"EntryPoint\",\"urlTemplate\":\"https:\\\/\\\/mimatica.com\\\/?s={search_term_string}\"},\"query-input\":{\"@type\":\"PropertyValueSpecification\",\"valueRequired\":true,\"valueName\":\"search_term_string\"}}],\"inLanguage\":\"en-US\"},{\"@type\":\"Organization\",\"@id\":\"https:\\\/\\\/mimatica.com\\\/#organization\",\"name\":\"Mi Matica Vivero Boutique\",\"url\":\"https:\\\/\\\/mimatica.com\\\/\",\"logo\":{\"@type\":\"ImageObject\",\"inLanguage\":\"en-US\",\"@id\":\"https:\\\/\\\/mimatica.com\\\/#\\\/schema\\\/logo\\\/image\\\/\",\"url\":\"https:\\\/\\\/mimatica.com\\\/wp-content\\\/uploads\\\/2020\\\/11\\\/Logo_Mi-Matica-e1662941170182.png\",\"contentUrl\":\"https:\\\/\\\/mimatica.com\\\/wp-content\\\/uploads\\\/2020\\\/11\\\/Logo_Mi-Matica-e1662941170182.png\",\"width\":120,\"height\":61,\"caption\":\"Mi Matica Vivero Boutique\"},\"image\":{\"@id\":\"https:\\\/\\\/mimatica.com\\\/#\\\/schema\\\/logo\\\/image\\\/\"},\"sameAs\":[\"https:\\\/\\\/www.facebook.com\\\/mimatica.vivero\",\"https:\\\/\\\/www.instagram.com\\\/mimatica.vivero\\\/\",\"https:\\\/\\\/pinterest.com\\\/mimaticavivero\\\/\"]}]}<\/script>\n<!-- \/ Yoast SEO plugin. -->","yoast_head_json":{"title":"Orqu\u00eddea Blanca con 2 Varas Florales en matera de Concreto - Mi Matica Vivero Boutique","robots":{"index":"index","follow":"follow","max-snippet":"max-snippet:-1","max-image-preview":"max-image-preview:large","max-video-preview":"max-video-preview:-1"},"canonical":"https:\/\/mimatica.com\/en\/Tienda\/orquidea-blanca_concreto\/","og_locale":"en_US","og_type":"article","og_title":"Orqu\u00eddea Blanca con 2 Varas Florales en matera de Concreto - Mi Matica Vivero Boutique","og_description":"La Orqu\u00eddea Blanca, con sus elegantes tallos y sus vibrantes flores, hace que cualquier espacio se sienta m\u00e1s elegante. Las orqu\u00eddeas blancas representan pureza de mente y esp\u00edritu, y son la muestra de amor m\u00e1s refinada que podr\u00e1s encontrar, por lo que son la elecci\u00f3n perfecta para celebrar una boda o un compromiso. Caracter\u00edsticas de nuestras orqu\u00eddeas phalaenopsis   Cada planta es \u00fanica; el tama\u00f1o y la forma cambian seg\u00fan la temporada, por lo que todas las medidas y tama\u00f1os de flor se muestran como un rango aproximado  La orqu\u00eddea tiene una altura promedio de 60 cm a 80 cm de alto, desde la base de la matera de cultivo hasta la parte superior de la vara floral  Llega en matera de cultivo, y se coloca dentro del portaorquideas de matero del color que escojas.  El color real de las flores puede variar ligeramente de lo que se muestra en la imagen.  Al momento de realizar el pago, nos comunicaremos contigo para darte a escoger la Orqu\u00eddea Blanca con 2 varas florales de tu preferencia.","og_url":"https:\/\/mimatica.com\/en\/Tienda\/orquidea-blanca_concreto\/","og_site_name":"Mi Matica Vivero Boutique","article_publisher":"https:\/\/www.facebook.com\/mimatica.vivero","article_modified_time":"2026-05-03T21:25:51+00:00","og_image":[{"width":1350,"height":1350,"url":"https:\/\/mimatica.com\/wp-content\/uploads\/2022\/09\/Orquidea_Phalaenopsis_blanca_centro_amarillo-2_varas-concreto_blanco-Mi_matica.webp","type":"image\/webp"}],"twitter_card":"summary_large_image","twitter_misc":{"Est. reading time":"3 minutes"},"schema":{"@context":"https:\/\/schema.org","@graph":[{"@type":"WebPage","@id":"https:\/\/mimatica.com\/Tienda\/orquidea-blanca_concreto\/","url":"https:\/\/mimatica.com\/Tienda\/orquidea-blanca_concreto\/","name":"Orqu\u00eddea Blanca con 2 Varas Florales en matera de Concreto - Mi Matica Vivero Boutique","isPartOf":{"@id":"https:\/\/mimatica.com\/#website"},"primaryImageOfPage":{"@id":"https:\/\/mimatica.com\/Tienda\/orquidea-blanca_concreto\/#primaryimage"},"image":{"@id":"https:\/\/mimatica.com\/Tienda\/orquidea-blanca_concreto\/#primaryimage"},"thumbnailUrl":"https:\/\/mimatica.com\/wp-content\/uploads\/2022\/09\/Orquidea_Phalaenopsis_blanca_centro_amarillo-2_varas-concreto_blanco-Mi_matica.webp","datePublished":"2022-09-13T03:56:51+00:00","dateModified":"2026-05-03T21:25:51+00:00","breadcrumb":{"@id":"https:\/\/mimatica.com\/Tienda\/orquidea-blanca_concreto\/#breadcrumb"},"inLanguage":"en-US","potentialAction":[{"@type":"ReadAction","target":["https:\/\/mimatica.com\/Tienda\/orquidea-blanca_concreto\/"]}]},{"@type":"ImageObject","inLanguage":"en-US","@id":"https:\/\/mimatica.com\/Tienda\/orquidea-blanca_concreto\/#primaryimage","url":"https:\/\/mimatica.com\/wp-content\/uploads\/2022\/09\/Orquidea_Phalaenopsis_blanca_centro_amarillo-2_varas-concreto_blanco-Mi_matica.webp","contentUrl":"https:\/\/mimatica.com\/wp-content\/uploads\/2022\/09\/Orquidea_Phalaenopsis_blanca_centro_amarillo-2_varas-concreto_blanco-Mi_matica.webp","width":1350,"height":1350,"caption":"Orqu\u00eddea blanca 2 varas florales"},{"@type":"BreadcrumbList","@id":"https:\/\/mimatica.com\/Tienda\/orquidea-blanca_concreto\/#breadcrumb","itemListElement":[{"@type":"ListItem","position":1,"name":"Portada","item":"https:\/\/mimatica.com\/"},{"@type":"ListItem","position":2,"name":"Tienda","item":"https:\/\/mimatica.com\/tienda\/"},{"@type":"ListItem","position":3,"name":"Orqu\u00eddea Blanca con 2 Varas Florales en matera de Concreto"}]},{"@type":"WebSite","@id":"https:\/\/mimatica.com\/#website","url":"https:\/\/mimatica.com\/","name":"Mi Matica Vivero Boutique","description":"Plantas naturales, orqu\u00eddeas y materas artesanales.","publisher":{"@id":"https:\/\/mimatica.com\/#organization"},"potentialAction":[{"@type":"SearchAction","target":{"@type":"EntryPoint","urlTemplate":"https:\/\/mimatica.com\/?s={search_term_string}"},"query-input":{"@type":"PropertyValueSpecification","valueRequired":true,"valueName":"search_term_string"}}],"inLanguage":"en-US"},{"@type":"Organization","@id":"https:\/\/mimatica.com\/#organization","name":"Mi Matica Vivero Boutique","url":"https:\/\/mimatica.com\/","logo":{"@type":"ImageObject","inLanguage":"en-US","@id":"https:\/\/mimatica.com\/#\/schema\/logo\/image\/","url":"https:\/\/mimatica.com\/wp-content\/uploads\/2020\/11\/Logo_Mi-Matica-e1662941170182.png","contentUrl":"https:\/\/mimatica.com\/wp-content\/uploads\/2020\/11\/Logo_Mi-Matica-e1662941170182.png","width":120,"height":61,"caption":"Mi Matica Vivero Boutique"},"image":{"@id":"https:\/\/mimatica.com\/#\/schema\/logo\/image\/"},"sameAs":["https:\/\/www.facebook.com\/mimatica.vivero","https:\/\/www.instagram.com\/mimatica.vivero\/","https:\/\/pinterest.com\/mimaticavivero\/"]}]}},"jetpack_sharing_enabled":true,"_links":{"self":[{"href":"https:\/\/mimatica.com\/en\/wp-json\/wp\/v2\/product\/8167","targetHints":{"allow":["GET"]}}],"collection":[{"href":"https:\/\/mimatica.com\/en\/wp-json\/wp\/v2\/product"}],"about":[{"href":"https:\/\/mimatica.com\/en\/wp-json\/wp\/v2\/types\/product"}],"replies":[{"embeddable":true,"href":"https:\/\/mimatica.com\/en\/wp-json\/wp\/v2\/comments?post=8167"}],"version-history":[{"count":21,"href":"https:\/\/mimatica.com\/en\/wp-json\/wp\/v2\/product\/8167\/revisions"}],"predecessor-version":[{"id":9511,"href":"https:\/\/mimatica.com\/en\/wp-json\/wp\/v2\/product\/8167\/revisions\/9511"}],"wp:featuredmedia":[{"embeddable":true,"href":"https:\/\/mimatica.com\/en\/wp-json\/wp\/v2\/media\/8879"}],"wp:attachment":[{"href":"https:\/\/mimatica.com\/en\/wp-json\/wp\/v2\/media?parent=8167"}],"wp:term":[{"taxonomy":"product_brand","embeddable":true,"href":"https:\/\/mimatica.com\/en\/wp-json\/wp\/v2\/product_brand?post=8167"},{"taxonomy":"product_cat","embeddable":true,"href":"https:\/\/mimatica.com\/en\/wp-json\/wp\/v2\/product_cat?post=8167"},{"taxonomy":"product_tag","embeddable":true,"href":"https:\/\/mimatica.com\/en\/wp-json\/wp\/v2\/product_tag?post=8167"}],"curies":[{"name":"wp","href":"https:\/\/api.w.org\/{rel}","templated":true}]}}