{"id":8348,"date":"2022-09-14T15:04:22","date_gmt":"2022-09-14T20:04:22","guid":{"rendered":"https:\/\/mimatica.com\/?post_type=product&#038;p=8348"},"modified":"2026-03-23T17:37:08","modified_gmt":"2026-03-23T22:37:08","slug":"brilla-hojas-organico-para-plantas","status":"publish","type":"product","link":"https:\/\/mimatica.com\/en\/Tienda\/brilla-hojas-organico-para-plantas\/","title":{"rendered":"Brilla Hojas Org\u00e1nico para Plantas"},"content":{"rendered":"<p><strong>El<\/strong> <strong>Brilla Hojas Org\u00e1nico<\/strong> Confiabonos Ideal para dar brillo a sus plantas de interior, protegiendo la planta del polvo y manteniendo reluciente su follaje.<\/p>\n<p>&nbsp;<\/p>\n<h2>Composici\u00f3n<\/h2>\n<p>Producto natural a base de aceites esenciales y org\u00e1nicos especializados en limpiar, dar brillo natural y protecci\u00f3n adicional al follaje de sus plantas.<\/p>\n<h2>Beneficios<\/h2>\n<ul>\n<li>Limpia, hidrata, protege y nutre las hojas de las plantas<\/li>\n<li>\u00a0Al eliminar el polvo y part\u00edculas adicionales de las hojas, permite que la planta reciba un mayor ingreso de luz e hidrataci\u00f3n, favoreci\u00e9ndola en todos sus procesos biol\u00f3gicos.<\/li>\n<li>\u00a0Es un producto org\u00e1nico que no perjudica el medio ambiente.<\/li>\n<\/ul>\n<h2>Modo de uso<\/h2>\n<ul>\n<li>Aplique el Brilla hojas sobre el follaje de las plantas, atomizando uniformemente para lograr el brillo deseado.<\/li>\n<li>Para un mejor resultado se puede frotar un pa\u00f1o con la soluci\u00f3n sobre la superficie de las hojas.<\/li>\n<li>Evite su uso durante horas de alta radiaci\u00f3n solar y altas temperaturas.<\/li>\n<li>Repetir aplicaci\u00f3n cada 8 d\u00edas o cuantas veces crea necesario dependiendo del ambiente en que se encuentra la planta.<\/li>\n<\/ul>","protected":false},"excerpt":{"rendered":"<p>El <strong>Brilla Hojas Org\u00e1nico<\/strong> Confiabonos Ideal para dar brillo a sus plantas de interior, protegiendo la planta del polvo y manteniendo reluciente su follaje.<\/p>\n<h2>Beneficios<\/h2>\n<ul>\n<li>Limpia, hidrata, protege y nutre las hojas de las plantas<\/li>\n<li>\u00a0Al eliminar el polvo y part\u00edculas adicionales de las hojas, permite que la planta reciba un mayor ingreso de luz e hidrataci\u00f3n, favoreci\u00e9ndola en todos sus procesos biol\u00f3gicos.<\/li>\n<li>\u00a0Es un producto org\u00e1nico que no perjudica el medio ambiente.<\/li>\n<\/ul>","protected":false},"featured_media":10577,"comment_status":"open","ping_status":"closed","template":"","meta":[],"product_brand":[],"product_cat":[142],"product_tag":[147,143,145],"class_list":{"0":"post-8348","1":"product","2":"type-product","3":"status-publish","4":"has-post-thumbnail","6":"product_cat-sustratos-y-fertilizantes","7":"product_tag-cuidado-de-plantas","8":"product_tag-orquideas","9":"product_tag-plantas-de-interior","12":"instock","13":"shipping-taxable","14":"purchasable","15":"product-type-variable"},"yoast_head":"<!-- This site is optimized with the Yoast SEO plugin v27.3 - https:\/\/yoast.com\/product\/yoast-seo-wordpress\/ -->\n<title>Brilla Hojas Org\u00e1nico para Plantas - Mi Matica Vivero Boutique<\/title>\n<meta name=\"description\" content=\"Brilla Hojas org\u00e1nico ideal para cuidar el follaje de cualquiera de tus plantas. Hecho a base de pl\u00e1tano y aceites naturales, mantendr\u00e1 a tu planta sana. \ud83c\udf3f\" \/>\n<meta name=\"robots\" content=\"index, follow, max-snippet:-1, max-image-preview:large, max-video-preview:-1\" \/>\n<link rel=\"canonical\" href=\"https:\/\/mimatica.com\/en\/Tienda\/brilla-hojas-organico-para-plantas\/\" \/>\n<meta property=\"og:locale\" content=\"en_US\" \/>\n<meta property=\"og:type\" content=\"article\" \/>\n<meta property=\"og:title\" content=\"Brilla Hojas Org\u00e1nico para Plantas - Mi Matica Vivero Boutique\" \/>\n<meta property=\"og:description\" content=\"Brilla Hojas org\u00e1nico ideal para cuidar el follaje de cualquiera de tus plantas. Hecho a base de pl\u00e1tano y aceites naturales, mantendr\u00e1 a tu planta sana. \ud83c\udf3f\" \/>\n<meta property=\"og:url\" content=\"https:\/\/mimatica.com\/en\/Tienda\/brilla-hojas-organico-para-plantas\/\" \/>\n<meta property=\"og:site_name\" content=\"Mi Matica Vivero Boutique\" \/>\n<meta property=\"article:publisher\" content=\"https:\/\/www.facebook.com\/mimatica.vivero\" \/>\n<meta property=\"article:modified_time\" content=\"2026-03-23T22:37:08+00:00\" \/>\n<meta property=\"og:image\" content=\"https:\/\/mimatica.com\/wp-content\/uploads\/2022\/09\/brilla-hojas-organico-para-plantas.webp\" \/>\n\t<meta property=\"og:image:width\" content=\"1384\" \/>\n\t<meta property=\"og:image:height\" content=\"1730\" \/>\n\t<meta property=\"og:image:type\" content=\"image\/webp\" \/>\n<meta name=\"twitter:card\" content=\"summary_large_image\" \/>\n<meta name=\"twitter:label1\" content=\"Est. reading time\" \/>\n\t<meta name=\"twitter:data1\" content=\"1 minute\" \/>\n<script type=\"application\/ld+json\" class=\"yoast-schema-graph\">{\"@context\":\"https:\\\/\\\/schema.org\",\"@graph\":[{\"@type\":\"WebPage\",\"@id\":\"https:\\\/\\\/mimatica.com\\\/Tienda\\\/brilla-hojas-organico-para-plantas\\\/\",\"url\":\"https:\\\/\\\/mimatica.com\\\/Tienda\\\/brilla-hojas-organico-para-plantas\\\/\",\"name\":\"Brilla Hojas Org\u00e1nico para Plantas - Mi Matica Vivero Boutique\",\"isPartOf\":{\"@id\":\"https:\\\/\\\/mimatica.com\\\/#website\"},\"primaryImageOfPage\":{\"@id\":\"https:\\\/\\\/mimatica.com\\\/Tienda\\\/brilla-hojas-organico-para-plantas\\\/#primaryimage\"},\"image\":{\"@id\":\"https:\\\/\\\/mimatica.com\\\/Tienda\\\/brilla-hojas-organico-para-plantas\\\/#primaryimage\"},\"thumbnailUrl\":\"https:\\\/\\\/mimatica.com\\\/wp-content\\\/uploads\\\/2022\\\/09\\\/brilla-hojas-organico-para-plantas.webp\",\"datePublished\":\"2022-09-14T20:04:22+00:00\",\"dateModified\":\"2026-03-23T22:37:08+00:00\",\"description\":\"Brilla Hojas org\u00e1nico ideal para cuidar el follaje de cualquiera de tus plantas. Hecho a base de pl\u00e1tano y aceites naturales, mantendr\u00e1 a tu planta sana. \ud83c\udf3f\",\"breadcrumb\":{\"@id\":\"https:\\\/\\\/mimatica.com\\\/Tienda\\\/brilla-hojas-organico-para-plantas\\\/#breadcrumb\"},\"inLanguage\":\"en-US\",\"potentialAction\":[{\"@type\":\"ReadAction\",\"target\":[\"https:\\\/\\\/mimatica.com\\\/Tienda\\\/brilla-hojas-organico-para-plantas\\\/\"]}]},{\"@type\":\"ImageObject\",\"inLanguage\":\"en-US\",\"@id\":\"https:\\\/\\\/mimatica.com\\\/Tienda\\\/brilla-hojas-organico-para-plantas\\\/#primaryimage\",\"url\":\"https:\\\/\\\/mimatica.com\\\/wp-content\\\/uploads\\\/2022\\\/09\\\/brilla-hojas-organico-para-plantas.webp\",\"contentUrl\":\"https:\\\/\\\/mimatica.com\\\/wp-content\\\/uploads\\\/2022\\\/09\\\/brilla-hojas-organico-para-plantas.webp\",\"width\":1384,\"height\":1730,\"caption\":\"Brilla Hojas Org\u00e1nico para Plantas\"},{\"@type\":\"BreadcrumbList\",\"@id\":\"https:\\\/\\\/mimatica.com\\\/Tienda\\\/brilla-hojas-organico-para-plantas\\\/#breadcrumb\",\"itemListElement\":[{\"@type\":\"ListItem\",\"position\":1,\"name\":\"Portada\",\"item\":\"https:\\\/\\\/mimatica.com\\\/\"},{\"@type\":\"ListItem\",\"position\":2,\"name\":\"Tienda\",\"item\":\"https:\\\/\\\/mimatica.com\\\/tienda\\\/\"},{\"@type\":\"ListItem\",\"position\":3,\"name\":\"Brilla Hojas Org\u00e1nico para Plantas\"}]},{\"@type\":\"WebSite\",\"@id\":\"https:\\\/\\\/mimatica.com\\\/#website\",\"url\":\"https:\\\/\\\/mimatica.com\\\/\",\"name\":\"Mi Matica Vivero Boutique\",\"description\":\"Plantas naturales, orqu\u00eddeas y materas artesanales.\",\"publisher\":{\"@id\":\"https:\\\/\\\/mimatica.com\\\/#organization\"},\"potentialAction\":[{\"@type\":\"SearchAction\",\"target\":{\"@type\":\"EntryPoint\",\"urlTemplate\":\"https:\\\/\\\/mimatica.com\\\/?s={search_term_string}\"},\"query-input\":{\"@type\":\"PropertyValueSpecification\",\"valueRequired\":true,\"valueName\":\"search_term_string\"}}],\"inLanguage\":\"en-US\"},{\"@type\":\"Organization\",\"@id\":\"https:\\\/\\\/mimatica.com\\\/#organization\",\"name\":\"Mi Matica Vivero Boutique\",\"url\":\"https:\\\/\\\/mimatica.com\\\/\",\"logo\":{\"@type\":\"ImageObject\",\"inLanguage\":\"en-US\",\"@id\":\"https:\\\/\\\/mimatica.com\\\/#\\\/schema\\\/logo\\\/image\\\/\",\"url\":\"https:\\\/\\\/mimatica.com\\\/wp-content\\\/uploads\\\/2020\\\/11\\\/Logo_Mi-Matica-e1662941170182.png\",\"contentUrl\":\"https:\\\/\\\/mimatica.com\\\/wp-content\\\/uploads\\\/2020\\\/11\\\/Logo_Mi-Matica-e1662941170182.png\",\"width\":120,\"height\":61,\"caption\":\"Mi Matica Vivero Boutique\"},\"image\":{\"@id\":\"https:\\\/\\\/mimatica.com\\\/#\\\/schema\\\/logo\\\/image\\\/\"},\"sameAs\":[\"https:\\\/\\\/www.facebook.com\\\/mimatica.vivero\",\"https:\\\/\\\/www.instagram.com\\\/mimatica.vivero\\\/\",\"https:\\\/\\\/pinterest.com\\\/mimaticavivero\\\/\"]}]}<\/script>\n<!-- \/ Yoast SEO plugin. -->","yoast_head_json":{"title":"Brilla Hojas Org\u00e1nico para Plantas - Mi Matica Vivero Boutique","description":"Brilla Hojas org\u00e1nico ideal para cuidar el follaje de cualquiera de tus plantas. Hecho a base de pl\u00e1tano y aceites naturales, mantendr\u00e1 a tu planta sana. \ud83c\udf3f","robots":{"index":"index","follow":"follow","max-snippet":"max-snippet:-1","max-image-preview":"max-image-preview:large","max-video-preview":"max-video-preview:-1"},"canonical":"https:\/\/mimatica.com\/en\/Tienda\/brilla-hojas-organico-para-plantas\/","og_locale":"en_US","og_type":"article","og_title":"Brilla Hojas Org\u00e1nico para Plantas - Mi Matica Vivero Boutique","og_description":"Brilla Hojas org\u00e1nico ideal para cuidar el follaje de cualquiera de tus plantas. Hecho a base de pl\u00e1tano y aceites naturales, mantendr\u00e1 a tu planta sana. \ud83c\udf3f","og_url":"https:\/\/mimatica.com\/en\/Tienda\/brilla-hojas-organico-para-plantas\/","og_site_name":"Mi Matica Vivero Boutique","article_publisher":"https:\/\/www.facebook.com\/mimatica.vivero","article_modified_time":"2026-03-23T22:37:08+00:00","og_image":[{"width":1384,"height":1730,"url":"https:\/\/mimatica.com\/wp-content\/uploads\/2022\/09\/brilla-hojas-organico-para-plantas.webp","type":"image\/webp"}],"twitter_card":"summary_large_image","twitter_misc":{"Est. reading time":"1 minute"},"schema":{"@context":"https:\/\/schema.org","@graph":[{"@type":"WebPage","@id":"https:\/\/mimatica.com\/Tienda\/brilla-hojas-organico-para-plantas\/","url":"https:\/\/mimatica.com\/Tienda\/brilla-hojas-organico-para-plantas\/","name":"Brilla Hojas Org\u00e1nico para Plantas - Mi Matica Vivero Boutique","isPartOf":{"@id":"https:\/\/mimatica.com\/#website"},"primaryImageOfPage":{"@id":"https:\/\/mimatica.com\/Tienda\/brilla-hojas-organico-para-plantas\/#primaryimage"},"image":{"@id":"https:\/\/mimatica.com\/Tienda\/brilla-hojas-organico-para-plantas\/#primaryimage"},"thumbnailUrl":"https:\/\/mimatica.com\/wp-content\/uploads\/2022\/09\/brilla-hojas-organico-para-plantas.webp","datePublished":"2022-09-14T20:04:22+00:00","dateModified":"2026-03-23T22:37:08+00:00","description":"Brilla Hojas org\u00e1nico ideal para cuidar el follaje de cualquiera de tus plantas. Hecho a base de pl\u00e1tano y aceites naturales, mantendr\u00e1 a tu planta sana. \ud83c\udf3f","breadcrumb":{"@id":"https:\/\/mimatica.com\/Tienda\/brilla-hojas-organico-para-plantas\/#breadcrumb"},"inLanguage":"en-US","potentialAction":[{"@type":"ReadAction","target":["https:\/\/mimatica.com\/Tienda\/brilla-hojas-organico-para-plantas\/"]}]},{"@type":"ImageObject","inLanguage":"en-US","@id":"https:\/\/mimatica.com\/Tienda\/brilla-hojas-organico-para-plantas\/#primaryimage","url":"https:\/\/mimatica.com\/wp-content\/uploads\/2022\/09\/brilla-hojas-organico-para-plantas.webp","contentUrl":"https:\/\/mimatica.com\/wp-content\/uploads\/2022\/09\/brilla-hojas-organico-para-plantas.webp","width":1384,"height":1730,"caption":"Brilla Hojas Org\u00e1nico para Plantas"},{"@type":"BreadcrumbList","@id":"https:\/\/mimatica.com\/Tienda\/brilla-hojas-organico-para-plantas\/#breadcrumb","itemListElement":[{"@type":"ListItem","position":1,"name":"Portada","item":"https:\/\/mimatica.com\/"},{"@type":"ListItem","position":2,"name":"Tienda","item":"https:\/\/mimatica.com\/tienda\/"},{"@type":"ListItem","position":3,"name":"Brilla Hojas Org\u00e1nico para Plantas"}]},{"@type":"WebSite","@id":"https:\/\/mimatica.com\/#website","url":"https:\/\/mimatica.com\/","name":"Mi Matica Vivero Boutique","description":"Plantas naturales, orqu\u00eddeas y materas artesanales.","publisher":{"@id":"https:\/\/mimatica.com\/#organization"},"potentialAction":[{"@type":"SearchAction","target":{"@type":"EntryPoint","urlTemplate":"https:\/\/mimatica.com\/?s={search_term_string}"},"query-input":{"@type":"PropertyValueSpecification","valueRequired":true,"valueName":"search_term_string"}}],"inLanguage":"en-US"},{"@type":"Organization","@id":"https:\/\/mimatica.com\/#organization","name":"Mi Matica Vivero Boutique","url":"https:\/\/mimatica.com\/","logo":{"@type":"ImageObject","inLanguage":"en-US","@id":"https:\/\/mimatica.com\/#\/schema\/logo\/image\/","url":"https:\/\/mimatica.com\/wp-content\/uploads\/2020\/11\/Logo_Mi-Matica-e1662941170182.png","contentUrl":"https:\/\/mimatica.com\/wp-content\/uploads\/2020\/11\/Logo_Mi-Matica-e1662941170182.png","width":120,"height":61,"caption":"Mi Matica Vivero Boutique"},"image":{"@id":"https:\/\/mimatica.com\/#\/schema\/logo\/image\/"},"sameAs":["https:\/\/www.facebook.com\/mimatica.vivero","https:\/\/www.instagram.com\/mimatica.vivero\/","https:\/\/pinterest.com\/mimaticavivero\/"]}]}},"jetpack_sharing_enabled":true,"_links":{"self":[{"href":"https:\/\/mimatica.com\/en\/wp-json\/wp\/v2\/product\/8348","targetHints":{"allow":["GET"]}}],"collection":[{"href":"https:\/\/mimatica.com\/en\/wp-json\/wp\/v2\/product"}],"about":[{"href":"https:\/\/mimatica.com\/en\/wp-json\/wp\/v2\/types\/product"}],"replies":[{"embeddable":true,"href":"https:\/\/mimatica.com\/en\/wp-json\/wp\/v2\/comments?post=8348"}],"version-history":[{"count":5,"href":"https:\/\/mimatica.com\/en\/wp-json\/wp\/v2\/product\/8348\/revisions"}],"predecessor-version":[{"id":10578,"href":"https:\/\/mimatica.com\/en\/wp-json\/wp\/v2\/product\/8348\/revisions\/10578"}],"wp:featuredmedia":[{"embeddable":true,"href":"https:\/\/mimatica.com\/en\/wp-json\/wp\/v2\/media\/10577"}],"wp:attachment":[{"href":"https:\/\/mimatica.com\/en\/wp-json\/wp\/v2\/media?parent=8348"}],"wp:term":[{"taxonomy":"product_brand","embeddable":true,"href":"https:\/\/mimatica.com\/en\/wp-json\/wp\/v2\/product_brand?post=8348"},{"taxonomy":"product_cat","embeddable":true,"href":"https:\/\/mimatica.com\/en\/wp-json\/wp\/v2\/product_cat?post=8348"},{"taxonomy":"product_tag","embeddable":true,"href":"https:\/\/mimatica.com\/en\/wp-json\/wp\/v2\/product_tag?post=8348"}],"curies":[{"name":"wp","href":"https:\/\/api.w.org\/{rel}","templated":true}]}}