{"id":8612,"date":"2023-03-15T19:17:24","date_gmt":"2023-03-16T00:17:24","guid":{"rendered":"https:\/\/mimatica.com\/?post_type=product&#038;p=8612"},"modified":"2025-12-01T09:50:56","modified_gmt":"2025-12-01T14:50:56","slug":"kokedama-helecho-nido-crespo","status":"publish","type":"product","link":"https:\/\/mimatica.com\/en\/Tienda\/kokedama-helecho-nido-crespo\/","title":{"rendered":"Kokedama Helecho Nido Crespo"},"content":{"rendered":"<p>La <strong>Kokedama Helecho Nido Crespo<\/strong> es una hermosa pieza de arte hecha a mano que combina lo moderno y lo tradicional japon\u00e9s. Esta planta, que se presenta en una bola de musgo, es perfecta para cualquier rinc\u00f3n del hogar y a\u00f1ade un toque de estilo a cualquier habitaci\u00f3n. Adem\u00e1s, es una excelente opci\u00f3n de regalo gracias a su singularidad y resistencia.<\/p>\n<p>La <strong>Kokedama Helecho Nido Cresp<\/strong>o es una hermosa adici\u00f3n a cualquier hogar, ya que requiere muy poco mantenimiento.<\/p>\n<p>Perfecta para aquellos que no tienen tiempo para dedicar a las plantas, esta forma de planta es resistente y f\u00e1cil de cuidar. Asimismo, es una opci\u00f3n ideal para hogares con mascotas, pues es resistente a la mayor\u00eda de los insectos y no es t\u00f3xica para los animales.<\/p>\n<p>La<strong> planta Helecho Nido de Ave Crespo<\/strong> es una excelente opci\u00f3n para aquellos amantes de la naturaleza que buscan una planta resistente y f\u00e1cil de cuidar.<\/p>\n<p>Esta planta es originaria de Am\u00e9rica Central y del Sur, y se caracteriza por sus hojas verdes y suaves.<\/p>\n<h2>Caracter\u00edsticas de nuestra Kokedama Helecho Nido Crespo<\/h2>\n<ul>\n<li><strong>Cada planta es \u00fanica<\/strong>; el tama\u00f1o y la forma cambian seg\u00fan la temporada, por lo que todas las medidas y tama\u00f1os de planta y kokedama se muestran como un rango aproximado.<\/li>\n<li><strong>La<\/strong> <strong>Kokedama Helecho Nido Crespo<\/strong> tiene una <strong>altura promedio de 25 cm a 30 cm de alto<\/strong>, desde el plato de arcilla hasta la parte superior de la hoja.<\/li>\n<li><strong>Incluye un plato de arcilla<\/strong>.<\/li>\n<li>Al momento de realizar el pago, <strong>nos comunicaremos contigo para darte a escoger<\/strong> la Kokedama Helecho Nido Crespo<\/li>\n<\/ul>\n<h2>Cuidado de la Kokedama Helecho Nido Crespo<\/h2>\n<ol>\n<li><span data-offset-key=\"677a-20-0\">Colo<\/span><span data-offset-key=\"677a-21-0\">que<\/span><span data-offset-key=\"677a-22-0\"> la<\/span><span data-offset-key=\"677a-23-0\"> k<\/span><span data-offset-key=\"677a-24-0\">oked<\/span><span data-offset-key=\"677a-25-0\">ama<\/span><span data-offset-key=\"677a-26-0\"> en<\/span><span data-offset-key=\"677a-27-0\"> un<\/span><span data-offset-key=\"677a-28-0\"> recipiente<\/span><span data-offset-key=\"677a-30-0\">\u00a0con<\/span><span data-offset-key=\"677a-31-0\"> ag<\/span><span data-offset-key=\"677a-32-0\">ua<\/span><span data-offset-key=\"677a-33-0\"> y sumergir por 10 minutos hasta el comienzo de las hojas de la planta para que se<\/span><span data-offset-key=\"677a-36-0\">\u00a0hum<\/span><span data-offset-key=\"677a-37-0\">ed<\/span><span data-offset-key=\"677a-38-0\">ez<\/span><span data-offset-key=\"677a-39-0\">ca<\/span><span data-offset-key=\"677a-40-0\"> el<\/span><span data-offset-key=\"677a-41-0\"> su<\/span><span data-offset-key=\"677a-42-0\">str<\/span><span data-offset-key=\"677a-43-0\">ato<\/span><span data-offset-key=\"677a-44-0\">. Luego d<\/span><span data-offset-key=\"677a-55-0\">e<\/span><span data-offset-key=\"677a-56-0\">je<\/span><span data-offset-key=\"677a-57-0\"> rep<\/span><span data-offset-key=\"677a-58-0\">os<\/span><span data-offset-key=\"677a-59-0\">ar<\/span><span data-offset-key=\"677a-60-0\"> dur<\/span><span data-offset-key=\"677a-61-0\">ante<\/span><span data-offset-key=\"677a-62-0\"> un<\/span><span data-offset-key=\"677a-63-0\">os<\/span><span data-offset-key=\"677a-64-0\"> 15<\/span><span data-offset-key=\"677a-65-0\"> min<\/span><span data-offset-key=\"677a-66-0\">ut<\/span><span data-offset-key=\"677a-67-0\">os<\/span><span data-offset-key=\"677a-68-0\">.<\/span><\/li>\n<li><span data-offset-key=\"677a-84-0\">La planta debe regarse entre cada 5 y 8 d\u00edas <\/span><span data-offset-key=\"677a-90-0\">para<\/span><span data-offset-key=\"677a-91-0\"> mant<\/span><span data-offset-key=\"677a-92-0\">ener<\/span><span data-offset-key=\"677a-93-0\">la<\/span><span data-offset-key=\"677a-94-0\"> h<\/span><span data-offset-key=\"677a-95-0\">\u00fa<\/span><span data-offset-key=\"677a-96-0\">med<\/span><span data-offset-key=\"677a-97-0\">a<\/span><span data-offset-key=\"677a-98-0\">. Al momento de realizar la compra, le informaremos cuando fue su \u00faltimo riego.<\/span><\/li>\n<li><span data-offset-key=\"677a-103-0\">Colo<\/span><span data-offset-key=\"677a-104-0\">que<\/span><span data-offset-key=\"677a-105-0\"> la<\/span><span data-offset-key=\"677a-106-0\"> k<\/span><span data-offset-key=\"677a-107-0\">oked<\/span><span data-offset-key=\"677a-108-0\">ama<\/span><span data-offset-key=\"677a-109-0\"> en<\/span><span data-offset-key=\"677a-110-0\"> un<\/span><span data-offset-key=\"677a-111-0\"> l<\/span><span data-offset-key=\"677a-112-0\">ugar<\/span><span data-offset-key=\"677a-113-0\"> lumin<\/span><span data-offset-key=\"677a-114-0\">oso<\/span><span data-offset-key=\"677a-115-0\">,<\/span><span data-offset-key=\"677a-116-0\"> per<\/span><span data-offset-key=\"677a-117-0\">o<\/span><span data-offset-key=\"677a-118-0\"> no<\/span><span data-offset-key=\"677a-119-0\"> en<\/span><span data-offset-key=\"677a-120-0\"> pl<\/span><span data-offset-key=\"677a-121-0\">eno<\/span><span data-offset-key=\"677a-122-0\"> sol<\/span><span data-offset-key=\"677a-123-0\">.<\/span><\/li>\n<li><span data-offset-key=\"677a-128-0\">Lim<\/span><span data-offset-key=\"677a-129-0\">pie<\/span><span data-offset-key=\"677a-130-0\"> sus<\/span><span data-offset-key=\"677a-131-0\"> ho<\/span><span data-offset-key=\"677a-132-0\">jas<\/span><span data-offset-key=\"677a-133-0\"> con<\/span><span data-offset-key=\"677a-134-0\"> un<\/span><span data-offset-key=\"677a-135-0\"> pa<\/span><span data-offset-key=\"677a-136-0\">\u00f1o<\/span><span data-offset-key=\"677a-137-0\"> h<\/span><span data-offset-key=\"677a-138-0\">\u00fa<\/span><span data-offset-key=\"677a-139-0\">med<\/span><span data-offset-key=\"677a-140-0\">o<\/span><span data-offset-key=\"677a-141-0\"> o preferiblemente con un <a href=\"https:\/\/mimatica.com\/en\/Tienda\/brilla-hojas-organico\/\">Brilla Hojas Org\u00e1nico<\/a> para<\/span><span data-offset-key=\"677a-142-0\"> elim<\/span><span data-offset-key=\"677a-143-0\">inar<\/span><span data-offset-key=\"677a-144-0\"> el<\/span><span data-offset-key=\"677a-145-0\"> pol<\/span><span data-offset-key=\"677a-146-0\">vo<\/span><span data-offset-key=\"677a-147-0\">.<\/span><\/li>\n<li><span data-offset-key=\"677a-178-0\">Apl<\/span><span data-offset-key=\"677a-179-0\">ique<\/span><span data-offset-key=\"677a-180-0\"> un<\/span><span data-offset-key=\"677a-181-0\"> fertil<\/span><span data-offset-key=\"677a-182-0\">iz<\/span><span data-offset-key=\"677a-183-0\">ante<\/span><span data-offset-key=\"677a-184-0\"> l<\/span><span data-offset-key=\"677a-185-0\">\u00ed<\/span><span data-offset-key=\"677a-186-0\">qu<\/span><span data-offset-key=\"677a-187-0\">ido<\/span><span data-offset-key=\"677a-188-0\"> c<\/span><span data-offset-key=\"677a-189-0\">ada<\/span><span data-offset-key=\"677a-190-0\"> 3<\/span><span data-offset-key=\"677a-191-0\">&#8211;<\/span><span data-offset-key=\"677a-192-0\">4<\/span><span data-offset-key=\"677a-193-0\"> mes<\/span><span data-offset-key=\"677a-194-0\">es<\/span><span data-offset-key=\"677a-195-0\"> para<\/span><span data-offset-key=\"677a-196-0\"> estim<\/span><span data-offset-key=\"677a-197-0\">ular<\/span><span data-offset-key=\"677a-198-0\"> el<\/span><span data-offset-key=\"677a-199-0\"> cre<\/span><span data-offset-key=\"677a-200-0\">c<\/span><span data-offset-key=\"677a-201-0\">im<\/span><span data-offset-key=\"677a-202-0\">ient<\/span><span data-offset-key=\"677a-203-0\">o<\/span><span data-offset-key=\"677a-204-0\">.<\/span><\/li>\n<\/ol>\n<p><span data-offset-key=\"aj9h9-876-0\">T<\/span><span data-offset-key=\"aj9h9-877-0\">od<\/span><span data-offset-key=\"aj9h9-878-0\">as<\/span><span data-offset-key=\"aj9h9-879-0\"> nu<\/span><span data-offset-key=\"aj9h9-880-0\">est<\/span><span data-offset-key=\"aj9h9-881-0\">ras<\/span><span data-offset-key=\"aj9h9-882-0\"> K<\/span><span data-offset-key=\"aj9h9-883-0\">oked<\/span><span data-offset-key=\"aj9h9-884-0\">ama<\/span><span data-offset-key=\"aj9h9-892-0\">\u00a0son<\/span><span data-offset-key=\"aj9h9-893-0\"> c<\/span><span data-offset-key=\"aj9h9-894-0\">read<\/span><span data-offset-key=\"aj9h9-895-0\">as<\/span><span data-offset-key=\"aj9h9-896-0\"> con<\/span><span data-offset-key=\"aj9h9-897-0\"> much<\/span><span data-offset-key=\"aj9h9-898-0\">o<\/span><span data-offset-key=\"aj9h9-899-0\"> car<\/span><span data-offset-key=\"aj9h9-900-0\">i<\/span><span data-offset-key=\"aj9h9-901-0\">\u00f1o<\/span><span data-offset-key=\"aj9h9-902-0\"> y<\/span><span data-offset-key=\"aj9h9-903-0\"> cu<\/span><span data-offset-key=\"aj9h9-904-0\">id<\/span><span data-offset-key=\"aj9h9-905-0\">ado<\/span><span data-offset-key=\"aj9h9-906-0\"> por<\/span><a href=\"http:\/\/wa.me\/573016593885\"><span data-offset-key=\"aj9h9-907-0\"> nu<\/span><span data-offset-key=\"aj9h9-908-0\">est<\/span><span data-offset-key=\"aj9h9-909-0\">ros<\/span><span data-offset-key=\"aj9h9-910-0\"> art<\/span><span data-offset-key=\"aj9h9-911-0\">es<\/span><span data-offset-key=\"aj9h9-912-0\">anos<\/span><\/a><span data-offset-key=\"aj9h9-913-0\">.<\/span><span data-offset-key=\"aj9h9-914-0\"> Est<\/span><span data-offset-key=\"aj9h9-915-0\">am<\/span><span data-offset-key=\"aj9h9-916-0\">os<\/span><span data-offset-key=\"aj9h9-917-0\"> org<\/span><span data-offset-key=\"aj9h9-918-0\">ull<\/span><span data-offset-key=\"aj9h9-919-0\">os<\/span><span data-offset-key=\"aj9h9-920-0\">os<\/span><span data-offset-key=\"aj9h9-921-0\"> de<\/span><span data-offset-key=\"aj9h9-922-0\"> of<\/span><span data-offset-key=\"aj9h9-923-0\">re<\/span><span data-offset-key=\"aj9h9-924-0\">cer<\/span><span data-offset-key=\"aj9h9-925-0\">le<\/span><span data-offset-key=\"aj9h9-926-0\"> a<\/span><span data-offset-key=\"aj9h9-927-0\"> nu<\/span><span data-offset-key=\"aj9h9-928-0\">est<\/span><span data-offset-key=\"aj9h9-929-0\">ros<\/span><span data-offset-key=\"aj9h9-930-0\"> client<\/span><span data-offset-key=\"aj9h9-931-0\">es<\/span><span data-offset-key=\"aj9h9-932-0\"> product<\/span><span data-offset-key=\"aj9h9-933-0\">os<\/span><span data-offset-key=\"aj9h9-934-0\"> he<\/span><span data-offset-key=\"aj9h9-935-0\">ch<\/span><span data-offset-key=\"aj9h9-936-0\">os<\/span><span data-offset-key=\"aj9h9-937-0\"> a<\/span><span data-offset-key=\"aj9h9-938-0\"> man<\/span><span data-offset-key=\"aj9h9-939-0\">o<\/span><span data-offset-key=\"aj9h9-940-0\"> de<\/span><span data-offset-key=\"aj9h9-941-0\"> la<\/span><span data-offset-key=\"aj9h9-942-0\"> m<\/span><span data-offset-key=\"aj9h9-943-0\">\u00e1s<\/span><span data-offset-key=\"aj9h9-944-0\"> alt<\/span><span data-offset-key=\"aj9h9-945-0\">a<\/span><span data-offset-key=\"aj9h9-946-0\"> cal<\/span><span data-offset-key=\"aj9h9-947-0\">idad<\/span><span data-offset-key=\"aj9h9-948-0\">.<\/span><\/p>","protected":false},"excerpt":{"rendered":"<p>La <strong>Kokedama Helecho Nido Crespo<\/strong> combina a la perfecci\u00f3n el dise\u00f1o moderno con la tradici\u00f3n japonesa en una creativa pieza de arte hecha a mano. Perfecta para cualquier espacio del hogar, a\u00f1ade estilo y elegancia a cualquier habitaci\u00f3n. Adem\u00e1s, es una excelente opci\u00f3n de regalo gracias a su singularidad y resistencia.<\/p>\n<h2>Caracter\u00edsticas de nuestra Kokedama Helecho Nido Crespo<\/h2>\n<ul>\n<li><strong>Cada planta es \u00fanica<\/strong>; el tama\u00f1o y la forma cambian seg\u00fan la temporada, por lo que todas las medidas y tama\u00f1os de planta y kokedama se muestran como un rango aproximado.<\/li>\n<li><strong>La<\/strong> <strong>Kokedama Helecho Nido Crespo<\/strong> tiene una <strong>altura promedio de 25 cm a 30 cm de alto<\/strong>, desde el plato de arcilla hasta la parte superior de la hoja.<\/li>\n<li><strong>Incluye un plato de arcilla<\/strong>.<\/li>\n<li>Al momento de realizar el pago, <strong>nos comunicaremos contigo para darte a escoger<\/strong> la Kokedama Helecho Nido Crespo<\/li>\n<\/ul>","protected":false},"featured_media":8868,"comment_status":"open","ping_status":"closed","template":"","meta":[],"product_brand":[],"product_cat":[158],"product_tag":[149,151,145,150],"class_list":{"0":"post-8612","1":"product","2":"type-product","3":"status-publish","4":"has-post-thumbnail","6":"product_cat-kokedamas","7":"product_tag-kokedamas","8":"product_tag-pet-friendly","9":"product_tag-plantas-de-interior","10":"product_tag-plantas-para-regalo","11":"product_shipping_class-plantas-pequenas","14":"instock","15":"purchasable","16":"product-type-simple"},"yoast_head":"<!-- This site is optimized with the Yoast SEO plugin v27.3 - https:\/\/yoast.com\/product\/yoast-seo-wordpress\/ -->\n<title>Kokedama Helecho Nido Crespo - Mi Matica Vivero Boutique<\/title>\n<meta name=\"robots\" content=\"index, follow, max-snippet:-1, max-image-preview:large, max-video-preview:-1\" \/>\n<link rel=\"canonical\" href=\"https:\/\/mimatica.com\/en\/Tienda\/kokedama-helecho-nido-crespo\/\" \/>\n<meta property=\"og:locale\" content=\"en_US\" \/>\n<meta property=\"og:type\" content=\"article\" \/>\n<meta property=\"og:title\" content=\"Kokedama Helecho Nido Crespo - Mi Matica Vivero Boutique\" \/>\n<meta property=\"og:description\" content=\"La Kokedama Helecho Nido Crespo combina a la perfecci\u00f3n el dise\u00f1o moderno con la tradici\u00f3n japonesa en una creativa pieza de arte hecha a mano. Perfecta para cualquier espacio del hogar, a\u00f1ade estilo y elegancia a cualquier habitaci\u00f3n. Adem\u00e1s, es una excelente opci\u00f3n de regalo gracias a su singularidad y resistencia. Caracter\u00edsticas de nuestra Kokedama Helecho Nido Crespo   Cada planta es \u00fanica; el tama\u00f1o y la forma cambian seg\u00fan la temporada, por lo que todas las medidas y tama\u00f1os de planta y kokedama se muestran como un rango aproximado.  La Kokedama Helecho Nido Crespo tiene una altura promedio de 25 cm a 30 cm de alto, desde el plato de arcilla hasta la parte superior de la hoja.  Incluye un plato de arcilla.  Al momento de realizar el pago, nos comunicaremos contigo para darte a escoger la Kokedama Helecho Nido Crespo\" \/>\n<meta property=\"og:url\" content=\"https:\/\/mimatica.com\/en\/Tienda\/kokedama-helecho-nido-crespo\/\" \/>\n<meta property=\"og:site_name\" content=\"Mi Matica Vivero Boutique\" \/>\n<meta property=\"article:publisher\" content=\"https:\/\/www.facebook.com\/mimatica.vivero\" \/>\n<meta property=\"article:modified_time\" content=\"2025-12-01T14:50:56+00:00\" \/>\n<meta property=\"og:image\" content=\"https:\/\/mimatica.com\/wp-content\/uploads\/2023\/03\/Kokedama-Helecho_Nido_Crespo-Mi_Matica-1.webp\" \/>\n\t<meta property=\"og:image:width\" content=\"1350\" \/>\n\t<meta property=\"og:image:height\" content=\"1350\" \/>\n\t<meta property=\"og:image:type\" content=\"image\/webp\" \/>\n<meta name=\"twitter:card\" content=\"summary_large_image\" \/>\n<meta name=\"twitter:label1\" content=\"Est. reading time\" \/>\n\t<meta name=\"twitter:data1\" content=\"3 minutes\" \/>\n<script type=\"application\/ld+json\" class=\"yoast-schema-graph\">{\"@context\":\"https:\\\/\\\/schema.org\",\"@graph\":[{\"@type\":\"WebPage\",\"@id\":\"https:\\\/\\\/mimatica.com\\\/Tienda\\\/kokedama-helecho-nido-crespo\\\/\",\"url\":\"https:\\\/\\\/mimatica.com\\\/Tienda\\\/kokedama-helecho-nido-crespo\\\/\",\"name\":\"Kokedama Helecho Nido Crespo - Mi Matica Vivero Boutique\",\"isPartOf\":{\"@id\":\"https:\\\/\\\/mimatica.com\\\/#website\"},\"primaryImageOfPage\":{\"@id\":\"https:\\\/\\\/mimatica.com\\\/Tienda\\\/kokedama-helecho-nido-crespo\\\/#primaryimage\"},\"image\":{\"@id\":\"https:\\\/\\\/mimatica.com\\\/Tienda\\\/kokedama-helecho-nido-crespo\\\/#primaryimage\"},\"thumbnailUrl\":\"https:\\\/\\\/mimatica.com\\\/wp-content\\\/uploads\\\/2023\\\/03\\\/Kokedama-Helecho_Nido_Crespo-Mi_Matica-1.webp\",\"datePublished\":\"2023-03-16T00:17:24+00:00\",\"dateModified\":\"2025-12-01T14:50:56+00:00\",\"breadcrumb\":{\"@id\":\"https:\\\/\\\/mimatica.com\\\/Tienda\\\/kokedama-helecho-nido-crespo\\\/#breadcrumb\"},\"inLanguage\":\"en-US\",\"potentialAction\":[{\"@type\":\"ReadAction\",\"target\":[\"https:\\\/\\\/mimatica.com\\\/Tienda\\\/kokedama-helecho-nido-crespo\\\/\"]}]},{\"@type\":\"ImageObject\",\"inLanguage\":\"en-US\",\"@id\":\"https:\\\/\\\/mimatica.com\\\/Tienda\\\/kokedama-helecho-nido-crespo\\\/#primaryimage\",\"url\":\"https:\\\/\\\/mimatica.com\\\/wp-content\\\/uploads\\\/2023\\\/03\\\/Kokedama-Helecho_Nido_Crespo-Mi_Matica-1.webp\",\"contentUrl\":\"https:\\\/\\\/mimatica.com\\\/wp-content\\\/uploads\\\/2023\\\/03\\\/Kokedama-Helecho_Nido_Crespo-Mi_Matica-1.webp\",\"width\":1350,\"height\":1350,\"caption\":\"Kokedama Helecho Nido Crespo\"},{\"@type\":\"BreadcrumbList\",\"@id\":\"https:\\\/\\\/mimatica.com\\\/Tienda\\\/kokedama-helecho-nido-crespo\\\/#breadcrumb\",\"itemListElement\":[{\"@type\":\"ListItem\",\"position\":1,\"name\":\"Portada\",\"item\":\"https:\\\/\\\/mimatica.com\\\/\"},{\"@type\":\"ListItem\",\"position\":2,\"name\":\"Tienda\",\"item\":\"https:\\\/\\\/mimatica.com\\\/tienda\\\/\"},{\"@type\":\"ListItem\",\"position\":3,\"name\":\"Kokedama Helecho Nido Crespo\"}]},{\"@type\":\"WebSite\",\"@id\":\"https:\\\/\\\/mimatica.com\\\/#website\",\"url\":\"https:\\\/\\\/mimatica.com\\\/\",\"name\":\"Mi Matica Vivero Boutique\",\"description\":\"Plantas naturales, orqu\u00eddeas y materas artesanales.\",\"publisher\":{\"@id\":\"https:\\\/\\\/mimatica.com\\\/#organization\"},\"potentialAction\":[{\"@type\":\"SearchAction\",\"target\":{\"@type\":\"EntryPoint\",\"urlTemplate\":\"https:\\\/\\\/mimatica.com\\\/?s={search_term_string}\"},\"query-input\":{\"@type\":\"PropertyValueSpecification\",\"valueRequired\":true,\"valueName\":\"search_term_string\"}}],\"inLanguage\":\"en-US\"},{\"@type\":\"Organization\",\"@id\":\"https:\\\/\\\/mimatica.com\\\/#organization\",\"name\":\"Mi Matica Vivero Boutique\",\"url\":\"https:\\\/\\\/mimatica.com\\\/\",\"logo\":{\"@type\":\"ImageObject\",\"inLanguage\":\"en-US\",\"@id\":\"https:\\\/\\\/mimatica.com\\\/#\\\/schema\\\/logo\\\/image\\\/\",\"url\":\"https:\\\/\\\/mimatica.com\\\/wp-content\\\/uploads\\\/2020\\\/11\\\/Logo_Mi-Matica-e1662941170182.png\",\"contentUrl\":\"https:\\\/\\\/mimatica.com\\\/wp-content\\\/uploads\\\/2020\\\/11\\\/Logo_Mi-Matica-e1662941170182.png\",\"width\":120,\"height\":61,\"caption\":\"Mi Matica Vivero Boutique\"},\"image\":{\"@id\":\"https:\\\/\\\/mimatica.com\\\/#\\\/schema\\\/logo\\\/image\\\/\"},\"sameAs\":[\"https:\\\/\\\/www.facebook.com\\\/mimatica.vivero\",\"https:\\\/\\\/www.instagram.com\\\/mimatica.vivero\\\/\",\"https:\\\/\\\/pinterest.com\\\/mimaticavivero\\\/\"]}]}<\/script>\n<!-- \/ Yoast SEO plugin. -->","yoast_head_json":{"title":"Kokedama Helecho Nido Crespo - Mi Matica Vivero Boutique","robots":{"index":"index","follow":"follow","max-snippet":"max-snippet:-1","max-image-preview":"max-image-preview:large","max-video-preview":"max-video-preview:-1"},"canonical":"https:\/\/mimatica.com\/en\/Tienda\/kokedama-helecho-nido-crespo\/","og_locale":"en_US","og_type":"article","og_title":"Kokedama Helecho Nido Crespo - Mi Matica Vivero Boutique","og_description":"La Kokedama Helecho Nido Crespo combina a la perfecci\u00f3n el dise\u00f1o moderno con la tradici\u00f3n japonesa en una creativa pieza de arte hecha a mano. Perfecta para cualquier espacio del hogar, a\u00f1ade estilo y elegancia a cualquier habitaci\u00f3n. Adem\u00e1s, es una excelente opci\u00f3n de regalo gracias a su singularidad y resistencia. Caracter\u00edsticas de nuestra Kokedama Helecho Nido Crespo   Cada planta es \u00fanica; el tama\u00f1o y la forma cambian seg\u00fan la temporada, por lo que todas las medidas y tama\u00f1os de planta y kokedama se muestran como un rango aproximado.  La Kokedama Helecho Nido Crespo tiene una altura promedio de 25 cm a 30 cm de alto, desde el plato de arcilla hasta la parte superior de la hoja.  Incluye un plato de arcilla.  Al momento de realizar el pago, nos comunicaremos contigo para darte a escoger la Kokedama Helecho Nido Crespo","og_url":"https:\/\/mimatica.com\/en\/Tienda\/kokedama-helecho-nido-crespo\/","og_site_name":"Mi Matica Vivero Boutique","article_publisher":"https:\/\/www.facebook.com\/mimatica.vivero","article_modified_time":"2025-12-01T14:50:56+00:00","og_image":[{"width":1350,"height":1350,"url":"https:\/\/mimatica.com\/wp-content\/uploads\/2023\/03\/Kokedama-Helecho_Nido_Crespo-Mi_Matica-1.webp","type":"image\/webp"}],"twitter_card":"summary_large_image","twitter_misc":{"Est. reading time":"3 minutes"},"schema":{"@context":"https:\/\/schema.org","@graph":[{"@type":"WebPage","@id":"https:\/\/mimatica.com\/Tienda\/kokedama-helecho-nido-crespo\/","url":"https:\/\/mimatica.com\/Tienda\/kokedama-helecho-nido-crespo\/","name":"Kokedama Helecho Nido Crespo - Mi Matica Vivero Boutique","isPartOf":{"@id":"https:\/\/mimatica.com\/#website"},"primaryImageOfPage":{"@id":"https:\/\/mimatica.com\/Tienda\/kokedama-helecho-nido-crespo\/#primaryimage"},"image":{"@id":"https:\/\/mimatica.com\/Tienda\/kokedama-helecho-nido-crespo\/#primaryimage"},"thumbnailUrl":"https:\/\/mimatica.com\/wp-content\/uploads\/2023\/03\/Kokedama-Helecho_Nido_Crespo-Mi_Matica-1.webp","datePublished":"2023-03-16T00:17:24+00:00","dateModified":"2025-12-01T14:50:56+00:00","breadcrumb":{"@id":"https:\/\/mimatica.com\/Tienda\/kokedama-helecho-nido-crespo\/#breadcrumb"},"inLanguage":"en-US","potentialAction":[{"@type":"ReadAction","target":["https:\/\/mimatica.com\/Tienda\/kokedama-helecho-nido-crespo\/"]}]},{"@type":"ImageObject","inLanguage":"en-US","@id":"https:\/\/mimatica.com\/Tienda\/kokedama-helecho-nido-crespo\/#primaryimage","url":"https:\/\/mimatica.com\/wp-content\/uploads\/2023\/03\/Kokedama-Helecho_Nido_Crespo-Mi_Matica-1.webp","contentUrl":"https:\/\/mimatica.com\/wp-content\/uploads\/2023\/03\/Kokedama-Helecho_Nido_Crespo-Mi_Matica-1.webp","width":1350,"height":1350,"caption":"Kokedama Helecho Nido Crespo"},{"@type":"BreadcrumbList","@id":"https:\/\/mimatica.com\/Tienda\/kokedama-helecho-nido-crespo\/#breadcrumb","itemListElement":[{"@type":"ListItem","position":1,"name":"Portada","item":"https:\/\/mimatica.com\/"},{"@type":"ListItem","position":2,"name":"Tienda","item":"https:\/\/mimatica.com\/tienda\/"},{"@type":"ListItem","position":3,"name":"Kokedama Helecho Nido Crespo"}]},{"@type":"WebSite","@id":"https:\/\/mimatica.com\/#website","url":"https:\/\/mimatica.com\/","name":"Mi Matica Vivero Boutique","description":"Plantas naturales, orqu\u00eddeas y materas artesanales.","publisher":{"@id":"https:\/\/mimatica.com\/#organization"},"potentialAction":[{"@type":"SearchAction","target":{"@type":"EntryPoint","urlTemplate":"https:\/\/mimatica.com\/?s={search_term_string}"},"query-input":{"@type":"PropertyValueSpecification","valueRequired":true,"valueName":"search_term_string"}}],"inLanguage":"en-US"},{"@type":"Organization","@id":"https:\/\/mimatica.com\/#organization","name":"Mi Matica Vivero Boutique","url":"https:\/\/mimatica.com\/","logo":{"@type":"ImageObject","inLanguage":"en-US","@id":"https:\/\/mimatica.com\/#\/schema\/logo\/image\/","url":"https:\/\/mimatica.com\/wp-content\/uploads\/2020\/11\/Logo_Mi-Matica-e1662941170182.png","contentUrl":"https:\/\/mimatica.com\/wp-content\/uploads\/2020\/11\/Logo_Mi-Matica-e1662941170182.png","width":120,"height":61,"caption":"Mi Matica Vivero Boutique"},"image":{"@id":"https:\/\/mimatica.com\/#\/schema\/logo\/image\/"},"sameAs":["https:\/\/www.facebook.com\/mimatica.vivero","https:\/\/www.instagram.com\/mimatica.vivero\/","https:\/\/pinterest.com\/mimaticavivero\/"]}]}},"jetpack_sharing_enabled":true,"_links":{"self":[{"href":"https:\/\/mimatica.com\/en\/wp-json\/wp\/v2\/product\/8612","targetHints":{"allow":["GET"]}}],"collection":[{"href":"https:\/\/mimatica.com\/en\/wp-json\/wp\/v2\/product"}],"about":[{"href":"https:\/\/mimatica.com\/en\/wp-json\/wp\/v2\/types\/product"}],"replies":[{"embeddable":true,"href":"https:\/\/mimatica.com\/en\/wp-json\/wp\/v2\/comments?post=8612"}],"version-history":[{"count":1,"href":"https:\/\/mimatica.com\/en\/wp-json\/wp\/v2\/product\/8612\/revisions"}],"predecessor-version":[{"id":9525,"href":"https:\/\/mimatica.com\/en\/wp-json\/wp\/v2\/product\/8612\/revisions\/9525"}],"wp:featuredmedia":[{"embeddable":true,"href":"https:\/\/mimatica.com\/en\/wp-json\/wp\/v2\/media\/8868"}],"wp:attachment":[{"href":"https:\/\/mimatica.com\/en\/wp-json\/wp\/v2\/media?parent=8612"}],"wp:term":[{"taxonomy":"product_brand","embeddable":true,"href":"https:\/\/mimatica.com\/en\/wp-json\/wp\/v2\/product_brand?post=8612"},{"taxonomy":"product_cat","embeddable":true,"href":"https:\/\/mimatica.com\/en\/wp-json\/wp\/v2\/product_cat?post=8612"},{"taxonomy":"product_tag","embeddable":true,"href":"https:\/\/mimatica.com\/en\/wp-json\/wp\/v2\/product_tag?post=8612"}],"curies":[{"name":"wp","href":"https:\/\/api.w.org\/{rel}","templated":true}]}}