{"id":9372,"date":"2025-04-17T19:20:31","date_gmt":"2025-04-18T00:20:31","guid":{"rendered":"https:\/\/mimatica.com\/?post_type=product&#038;p=9372"},"modified":"2025-10-20T17:22:55","modified_gmt":"2025-10-20T22:22:55","slug":"palma-viajera-matera-bolo-concreto-artesanal","status":"publish","type":"product","link":"https:\/\/mimatica.com\/en\/Tienda\/palma-viajera-matera-bolo-concreto-artesanal\/","title":{"rendered":"Palma Viajera en Matera Bolo de Concreto Artesanal"},"content":{"rendered":"<div data-elementor-type=\"wp-post\" data-elementor-id=\"9372\" class=\"elementor elementor-9372\">\n\t\t\t\t<div class=\"elementor-element elementor-element-bd67256 e-grid e-con-full e-transform e-con e-parent\" data-id=\"bd67256\" data-element_type=\"container\" data-e-type=\"container\" data-settings=\"{&quot;background_background&quot;:&quot;classic&quot;,&quot;animation_mobile&quot;:&quot;fadeInUp&quot;,&quot;_transform_scaleX_effect&quot;:{&quot;unit&quot;:&quot;px&quot;,&quot;size&quot;:&quot;&quot;,&quot;sizes&quot;:[]},&quot;_transform_scaleX_effect_tablet&quot;:{&quot;unit&quot;:&quot;px&quot;,&quot;size&quot;:&quot;&quot;,&quot;sizes&quot;:[]},&quot;_transform_scaleX_effect_mobile&quot;:{&quot;unit&quot;:&quot;px&quot;,&quot;size&quot;:&quot;&quot;,&quot;sizes&quot;:[]},&quot;_transform_scaleY_effect&quot;:{&quot;unit&quot;:&quot;px&quot;,&quot;size&quot;:&quot;&quot;,&quot;sizes&quot;:[]},&quot;_transform_scaleY_effect_tablet&quot;:{&quot;unit&quot;:&quot;px&quot;,&quot;size&quot;:&quot;&quot;,&quot;sizes&quot;:[]},&quot;_transform_scaleY_effect_mobile&quot;:{&quot;unit&quot;:&quot;px&quot;,&quot;size&quot;:&quot;&quot;,&quot;sizes&quot;:[]}}\">\n\t\t\t\t<div class=\"elementor-element elementor-element-c6f1f69 elementor-widget elementor-widget-image\" data-id=\"c6f1f69\" data-element_type=\"widget\" data-e-type=\"widget\" data-widget_type=\"image.default\">\n\t\t\t\t<div class=\"elementor-widget-container\">\n\t\t\t\t\t\t\t\t\t\t\t\t\t\t\t<img decoding=\"async\" width=\"200\" height=\"200\" src=\"https:\/\/mimatica.com\/wp-content\/uploads\/2025\/04\/mi-matica-pet-friendly.png\" class=\"attachment-full size-full wp-image-9450\" alt=\"\" \/>\t\t\t\t\t\t\t\t\t\t\t\t\t\t\t<\/div>\n\t\t\t\t<\/div>\n\t\t\t\t<div class=\"elementor-element elementor-element-82d7d54 elementor-widget elementor-widget-image\" data-id=\"82d7d54\" data-element_type=\"widget\" data-e-type=\"widget\" data-widget_type=\"image.default\">\n\t\t\t\t<div class=\"elementor-widget-container\">\n\t\t\t\t\t\t\t\t\t\t\t\t\t\t\t<img decoding=\"async\" width=\"200\" height=\"200\" src=\"https:\/\/mimatica.com\/wp-content\/uploads\/2025\/04\/mi-matica-facil-cuidado.png\" class=\"attachment-full size-full wp-image-9467\" alt=\"\" \/>\t\t\t\t\t\t\t\t\t\t\t\t\t\t\t<\/div>\n\t\t\t\t<\/div>\n\t\t\t\t<div class=\"elementor-element elementor-element-94dde02 elementor-widget elementor-widget-image\" data-id=\"94dde02\" data-element_type=\"widget\" data-e-type=\"widget\" data-widget_type=\"image.default\">\n\t\t\t\t<div class=\"elementor-widget-container\">\n\t\t\t\t\t\t\t\t\t\t\t\t\t\t\t<img fetchpriority=\"high\" decoding=\"async\" width=\"800\" height=\"800\" src=\"https:\/\/mimatica.com\/wp-content\/uploads\/2025\/04\/mi-matica-sol-directo-suave.png\" class=\"attachment-full size-full wp-image-9451\" alt=\"\" \/>\t\t\t\t\t\t\t\t\t\t\t\t\t\t\t<\/div>\n\t\t\t\t<\/div>\n\t\t\t\t<\/div>\n\t\t<div class=\"elementor-element elementor-element-6a144f3e e-flex e-con-boxed e-con e-parent\" data-id=\"6a144f3e\" data-element_type=\"container\" data-e-type=\"container\" data-settings=\"{&quot;animation_mobile&quot;:&quot;fadeInUp&quot;}\">\n\t\t\t\t\t<div class=\"e-con-inner\">\n\t\t\t\t<div class=\"elementor-element elementor-element-29706634 elementor-widget elementor-widget-text-editor\" data-id=\"29706634\" data-element_type=\"widget\" data-e-type=\"widget\" data-widget_type=\"text-editor.default\">\n\t\t\t\t<div class=\"elementor-widget-container\">\n\t\t\t\t\t\t\t\t\t<p data-start=\"425\" data-end=\"759\">La <strong>Palma Viajera en Matera Bolo de Concreto Artesanal<\/strong> es una de las opciones m\u00e1s elegidas por quienes buscan elegancia natural y presencia viva en su hogar u oficina. Esta matica tropical, conocida por sus hojas alargadas que se abren como abanicos, es perfecta para aportar altura, estructura y equilibrio visual a cualquier espacio.<\/p><p data-start=\"425\" data-end=\"759\">En <strong>Mi Matica<\/strong>, combinamos esta planta con una matera bolo de concreto blanco, hecha a <strong>mano por artesanos colombianos<\/strong>. Cada combo es \u00fanico y refleja la intenci\u00f3n de transformar los espacios con amor, dise\u00f1o y naturaleza. Esta combinaci\u00f3n es <strong>ideal para decorar salas modernas, entradas amplias, oficinas luminosas<\/strong> o regalar a quienes aman el verde.<\/p><p data-start=\"425\" data-end=\"759\">El combo de Palma Viajera en Matera Bolo de Concreto Artesanal mide aproximadamente entre 90 y 140 cm de alto desde la base de la matera hasta la hoja m\u00e1s alta. La matera bolo tiene un dise\u00f1o redondeado, minimalista, con agujero de drenaje para mantener tus espacios limpios y seguros. Si deseas mejorar el drenaje, puedes agregar piedras volc\u00e1nicas en la base.<\/p><p data-start=\"425\" data-end=\"759\">Las medidas de la matera Bolo son de: 60 cm alto, 30 cm di\u00e1metro<\/p><hr data-start=\"1471\" data-end=\"1474\" \/><h3 data-start=\"1476\" data-end=\"1502\">\ud83c\udf1e Cuidados esenciales<\/h3><div>\u00a0<\/div><ul><li data-start=\"1504\" data-end=\"1678\">\u2600\ufe0f <strong data-start=\"1507\" data-end=\"1515\">Luz:<\/strong> Prefiere espacios con <strong data-start=\"1538\" data-end=\"1587\">luz natural muy abundante o sol directo suave<\/strong>, especialmente en las ma\u00f1anas. No se recomienda en lugares oscuros o con sombra constante.<\/li><li data-start=\"1680\" data-end=\"1771\">\ud83d\udca7 <strong data-start=\"1683\" data-end=\"1693\">Riego:<\/strong> Cada 5 a 7 d\u00edas, dejando secar la capa superficial del sustrato entre riegos.<\/li><li data-start=\"1773\" data-end=\"1846\">\ud83c\udf2b\ufe0f <strong data-start=\"1777\" data-end=\"1789\">Humedad:<\/strong> Tolera la humedad ambiental de interiores sin problemas.<\/li><\/ul><hr data-start=\"1848\" data-end=\"1851\" \/><h3 data-start=\"1853\" data-end=\"1886\">\ud83d\udea8 Signos comunes de malestar<\/h3><ul data-start=\"1888\" data-end=\"2056\"><li data-start=\"1888\" data-end=\"1952\"><p data-start=\"1890\" data-end=\"1952\"><strong data-start=\"1890\" data-end=\"1923\">Hojas ca\u00eddas y tierra h\u00fameda:<\/strong> poca luz o exceso de agua.<\/p><\/li><li data-start=\"1953\" data-end=\"1994\"><p data-start=\"1955\" data-end=\"1994\"><strong data-start=\"1955\" data-end=\"1975\">Hojas amarillas:<\/strong> exceso de riego.<\/p><\/li><li data-start=\"1995\" data-end=\"2056\"><p data-start=\"1997\" data-end=\"2056\"><strong data-start=\"1997\" data-end=\"2025\">Bordes secos o marrones:<\/strong> riego escaso o clima muy seco.<\/p><\/li><\/ul><hr data-start=\"2058\" data-end=\"2061\" \/><h3 data-start=\"2063\" data-end=\"2095\">\ud83d\udce6 Disponibilidad y garant\u00eda<\/h3><ul data-start=\"2097\" data-end=\"2269\"><li data-start=\"2097\" data-end=\"2157\"><p data-start=\"2099\" data-end=\"2157\">Entregas en <strong data-start=\"2111\" data-end=\"2154\">Bucaramanga, C\u00facuta y env\u00edos nacionales<\/strong>.<\/p><\/li><li data-start=\"2158\" data-end=\"2208\"><p data-start=\"2160\" data-end=\"2208\">Garant\u00eda de 7 d\u00edas por bienestar de la planta.<\/p><\/li><li data-start=\"2209\" data-end=\"2269\"><p data-start=\"2211\" data-end=\"2269\">Empaque especial para proteger tu matica durante el env\u00edo.<\/p><\/li><\/ul><hr data-start=\"2271\" data-end=\"2274\" \/><h3 data-start=\"2276\" data-end=\"2299\">\ud83c\udf81 \u00bfEs para regalo?<\/h3><p data-start=\"2301\" data-end=\"2504\">Incluye un mensaje personalizado y sorprende con una entrega viva, elegante y llena de amor. En Mi Matica creemos que <strong data-start=\"2421\" data-end=\"2504\">regalar una matica es sembrar cari\u00f1o, inspiraci\u00f3n y conexi\u00f3n con la naturaleza.<\/strong><\/p><hr data-start=\"2506\" data-end=\"2509\" \/><h3 data-start=\"2511\" data-end=\"2534\">\ud83c\udf0d M\u00e1s informaci\u00f3n:<\/h3><ul><li data-start=\"2536\" data-end=\"2652\">Conoce m\u00e1s sobre esta planta en <strong><a href=\"https:\/\/es.wikipedia.org\/wiki\/Ravenala_madagascariensis\" target=\"_new\" rel=\"noopener\" data-start=\"2568\" data-end=\"2652\">Wikipedia \u2013 Palma Viajera<\/a><\/strong><\/li><li data-start=\"2654\" data-end=\"2857\">Descubre m\u00e1s plantas en: <strong><a href=\"https:\/\/mimatica.com\/en\/product-category\/plantas-de-interior\/\" target=\"_new\" rel=\"noopener\" data-start=\"2679\" data-end=\"2760\">Plantas de Interior<\/a><\/strong><br data-start=\"2760\" data-end=\"2763\" \/>Descubre m\u00e1s materas en: <strong><a href=\"https:\/\/mimatica.com\/en\/product-category\/materas\/\" target=\"_new\" rel=\"noopener\" data-start=\"2788\" data-end=\"2857\">Materas Artesanales<\/a><\/strong><\/li><\/ul>\t\t\t\t\t\t\t\t<\/div>\n\t\t\t\t<\/div>\n\t\t\t\t\t<\/div>\n\t\t\t\t<\/div>\n\t\t<div class=\"elementor-element elementor-element-e60112e e-flex e-con-boxed e-con e-parent\" data-id=\"e60112e\" data-element_type=\"container\" data-e-type=\"container\">\n\t\t\t\t\t<div class=\"e-con-inner\">\n\t\t\t\t\t<\/div>\n\t\t\t\t<\/div>\n\t\t\t\t<\/div>","protected":false},"excerpt":{"rendered":"<p><strong>Palma Viajera en Matera Bolo de Concreto Artesanal<\/strong>, hecha a mano. Un combo elegante y natural para transformar salas, entradas u oficinas con estilo y vida.<\/p>","protected":false},"featured_media":9375,"comment_status":"open","ping_status":"closed","template":"","meta":[],"product_brand":[],"product_cat":[231,148],"product_tag":[175,177,171,168,151,169,173,183],"class_list":{"0":"post-9372","1":"product","2":"type-product","3":"status-publish","4":"has-post-thumbnail","6":"product_cat-plantas-de-exterior","7":"product_cat-plantas-de-interior","8":"product_tag-decoracion-natural","9":"product_tag-faciles-de-cuidar","10":"product_tag-matera-de-concreto-artesanal","11":"product_tag-palma-viajera","12":"product_tag-pet-friendly","13":"product_tag-planta-de-piso-grande","14":"product_tag-planta-decorativa-interior","15":"product_tag-sol-directo-suave","16":"product_shipping_class-materas-grandes","19":"instock","20":"shipping-taxable","21":"purchasable","22":"product-type-simple"},"yoast_head":"<!-- This site is optimized with the Yoast SEO plugin v27.3 - https:\/\/yoast.com\/product\/yoast-seo-wordpress\/ -->\n<title>Palma Viajera en Matera Bolo de Concreto Artesanal - Mi Matica Vivero Boutique<\/title>\n<meta name=\"description\" content=\"Palma Viajera en matera bolo de concreto artesanal. Ideal para salas, entradas u oficinas. Entregas en Bucaramanga, C\u00facuta y env\u00edos nacionales.\" \/>\n<meta name=\"robots\" content=\"index, follow, max-snippet:-1, max-image-preview:large, max-video-preview:-1\" \/>\n<link rel=\"canonical\" href=\"https:\/\/mimatica.com\/en\/Tienda\/palma-viajera-matera-bolo-concreto-artesanal\/\" \/>\n<meta property=\"og:locale\" content=\"en_US\" \/>\n<meta property=\"og:type\" content=\"article\" \/>\n<meta property=\"og:title\" content=\"Palma Viajera en Matera Bolo de Concreto Artesanal - Mi Matica Vivero Boutique\" \/>\n<meta property=\"og:description\" content=\"Palma Viajera en matera bolo de concreto artesanal. Ideal para salas, entradas u oficinas. Entregas en Bucaramanga, C\u00facuta y env\u00edos nacionales.\" \/>\n<meta property=\"og:url\" content=\"https:\/\/mimatica.com\/en\/Tienda\/palma-viajera-matera-bolo-concreto-artesanal\/\" \/>\n<meta property=\"og:site_name\" content=\"Mi Matica Vivero Boutique\" \/>\n<meta property=\"article:publisher\" content=\"https:\/\/www.facebook.com\/mimatica.vivero\" \/>\n<meta property=\"article:modified_time\" content=\"2025-10-20T22:22:55+00:00\" \/>\n<meta property=\"og:image\" content=\"https:\/\/mimatica.com\/wp-content\/uploads\/2025\/04\/palma-viajera-matera-bolo-concreto-artesanal-bucaramanga-cucuta.webp\" \/>\n\t<meta property=\"og:image:width\" content=\"1080\" \/>\n\t<meta property=\"og:image:height\" content=\"1350\" \/>\n\t<meta property=\"og:image:type\" content=\"image\/webp\" \/>\n<meta name=\"twitter:card\" content=\"summary_large_image\" \/>\n<meta name=\"twitter:label1\" content=\"Est. reading time\" \/>\n\t<meta name=\"twitter:data1\" content=\"3 minutes\" \/>\n<script type=\"application\/ld+json\" class=\"yoast-schema-graph\">{\"@context\":\"https:\\\/\\\/schema.org\",\"@graph\":[{\"@type\":\"WebPage\",\"@id\":\"https:\\\/\\\/mimatica.com\\\/Tienda\\\/palma-viajera-matera-bolo-concreto-artesanal\\\/\",\"url\":\"https:\\\/\\\/mimatica.com\\\/Tienda\\\/palma-viajera-matera-bolo-concreto-artesanal\\\/\",\"name\":\"Palma Viajera en Matera Bolo de Concreto Artesanal - Mi Matica Vivero Boutique\",\"isPartOf\":{\"@id\":\"https:\\\/\\\/mimatica.com\\\/#website\"},\"primaryImageOfPage\":{\"@id\":\"https:\\\/\\\/mimatica.com\\\/Tienda\\\/palma-viajera-matera-bolo-concreto-artesanal\\\/#primaryimage\"},\"image\":{\"@id\":\"https:\\\/\\\/mimatica.com\\\/Tienda\\\/palma-viajera-matera-bolo-concreto-artesanal\\\/#primaryimage\"},\"thumbnailUrl\":\"https:\\\/\\\/mimatica.com\\\/wp-content\\\/uploads\\\/2025\\\/04\\\/palma-viajera-matera-bolo-concreto-artesanal-bucaramanga-cucuta.webp\",\"datePublished\":\"2025-04-18T00:20:31+00:00\",\"dateModified\":\"2025-10-20T22:22:55+00:00\",\"description\":\"Palma Viajera en matera bolo de concreto artesanal. Ideal para salas, entradas u oficinas. Entregas en Bucaramanga, C\u00facuta y env\u00edos nacionales.\",\"breadcrumb\":{\"@id\":\"https:\\\/\\\/mimatica.com\\\/Tienda\\\/palma-viajera-matera-bolo-concreto-artesanal\\\/#breadcrumb\"},\"inLanguage\":\"en-US\",\"potentialAction\":[{\"@type\":\"ReadAction\",\"target\":[\"https:\\\/\\\/mimatica.com\\\/Tienda\\\/palma-viajera-matera-bolo-concreto-artesanal\\\/\"]}]},{\"@type\":\"ImageObject\",\"inLanguage\":\"en-US\",\"@id\":\"https:\\\/\\\/mimatica.com\\\/Tienda\\\/palma-viajera-matera-bolo-concreto-artesanal\\\/#primaryimage\",\"url\":\"https:\\\/\\\/mimatica.com\\\/wp-content\\\/uploads\\\/2025\\\/04\\\/palma-viajera-matera-bolo-concreto-artesanal-bucaramanga-cucuta.webp\",\"contentUrl\":\"https:\\\/\\\/mimatica.com\\\/wp-content\\\/uploads\\\/2025\\\/04\\\/palma-viajera-matera-bolo-concreto-artesanal-bucaramanga-cucuta.webp\",\"width\":1080,\"height\":1350,\"caption\":\"Palma Viajera en matera bolo de concreto artesanal, perfecta para decorar salas u oficinas en Bucaramanga y C\u00facuta\"},{\"@type\":\"BreadcrumbList\",\"@id\":\"https:\\\/\\\/mimatica.com\\\/Tienda\\\/palma-viajera-matera-bolo-concreto-artesanal\\\/#breadcrumb\",\"itemListElement\":[{\"@type\":\"ListItem\",\"position\":1,\"name\":\"Portada\",\"item\":\"https:\\\/\\\/mimatica.com\\\/\"},{\"@type\":\"ListItem\",\"position\":2,\"name\":\"Tienda\",\"item\":\"https:\\\/\\\/mimatica.com\\\/tienda\\\/\"},{\"@type\":\"ListItem\",\"position\":3,\"name\":\"Palma Viajera en Matera Bolo de Concreto Artesanal\"}]},{\"@type\":\"WebSite\",\"@id\":\"https:\\\/\\\/mimatica.com\\\/#website\",\"url\":\"https:\\\/\\\/mimatica.com\\\/\",\"name\":\"Mi Matica Vivero Boutique\",\"description\":\"Plantas naturales, orqu\u00eddeas y materas artesanales.\",\"publisher\":{\"@id\":\"https:\\\/\\\/mimatica.com\\\/#organization\"},\"potentialAction\":[{\"@type\":\"SearchAction\",\"target\":{\"@type\":\"EntryPoint\",\"urlTemplate\":\"https:\\\/\\\/mimatica.com\\\/?s={search_term_string}\"},\"query-input\":{\"@type\":\"PropertyValueSpecification\",\"valueRequired\":true,\"valueName\":\"search_term_string\"}}],\"inLanguage\":\"en-US\"},{\"@type\":\"Organization\",\"@id\":\"https:\\\/\\\/mimatica.com\\\/#organization\",\"name\":\"Mi Matica Vivero Boutique\",\"url\":\"https:\\\/\\\/mimatica.com\\\/\",\"logo\":{\"@type\":\"ImageObject\",\"inLanguage\":\"en-US\",\"@id\":\"https:\\\/\\\/mimatica.com\\\/#\\\/schema\\\/logo\\\/image\\\/\",\"url\":\"https:\\\/\\\/mimatica.com\\\/wp-content\\\/uploads\\\/2020\\\/11\\\/Logo_Mi-Matica-e1662941170182.png\",\"contentUrl\":\"https:\\\/\\\/mimatica.com\\\/wp-content\\\/uploads\\\/2020\\\/11\\\/Logo_Mi-Matica-e1662941170182.png\",\"width\":120,\"height\":61,\"caption\":\"Mi Matica Vivero Boutique\"},\"image\":{\"@id\":\"https:\\\/\\\/mimatica.com\\\/#\\\/schema\\\/logo\\\/image\\\/\"},\"sameAs\":[\"https:\\\/\\\/www.facebook.com\\\/mimatica.vivero\",\"https:\\\/\\\/www.instagram.com\\\/mimatica.vivero\\\/\",\"https:\\\/\\\/pinterest.com\\\/mimaticavivero\\\/\"]}]}<\/script>\n<!-- \/ Yoast SEO plugin. -->","yoast_head_json":{"title":"Palma Viajera en Matera Bolo de Concreto Artesanal - Mi Matica Vivero Boutique","description":"Palma Viajera en matera bolo de concreto artesanal. Ideal para salas, entradas u oficinas. Entregas en Bucaramanga, C\u00facuta y env\u00edos nacionales.","robots":{"index":"index","follow":"follow","max-snippet":"max-snippet:-1","max-image-preview":"max-image-preview:large","max-video-preview":"max-video-preview:-1"},"canonical":"https:\/\/mimatica.com\/en\/Tienda\/palma-viajera-matera-bolo-concreto-artesanal\/","og_locale":"en_US","og_type":"article","og_title":"Palma Viajera en Matera Bolo de Concreto Artesanal - Mi Matica Vivero Boutique","og_description":"Palma Viajera en matera bolo de concreto artesanal. Ideal para salas, entradas u oficinas. Entregas en Bucaramanga, C\u00facuta y env\u00edos nacionales.","og_url":"https:\/\/mimatica.com\/en\/Tienda\/palma-viajera-matera-bolo-concreto-artesanal\/","og_site_name":"Mi Matica Vivero Boutique","article_publisher":"https:\/\/www.facebook.com\/mimatica.vivero","article_modified_time":"2025-10-20T22:22:55+00:00","og_image":[{"width":1080,"height":1350,"url":"https:\/\/mimatica.com\/wp-content\/uploads\/2025\/04\/palma-viajera-matera-bolo-concreto-artesanal-bucaramanga-cucuta.webp","type":"image\/webp"}],"twitter_card":"summary_large_image","twitter_misc":{"Est. reading time":"3 minutes"},"schema":{"@context":"https:\/\/schema.org","@graph":[{"@type":"WebPage","@id":"https:\/\/mimatica.com\/Tienda\/palma-viajera-matera-bolo-concreto-artesanal\/","url":"https:\/\/mimatica.com\/Tienda\/palma-viajera-matera-bolo-concreto-artesanal\/","name":"Palma Viajera en Matera Bolo de Concreto Artesanal - Mi Matica Vivero Boutique","isPartOf":{"@id":"https:\/\/mimatica.com\/#website"},"primaryImageOfPage":{"@id":"https:\/\/mimatica.com\/Tienda\/palma-viajera-matera-bolo-concreto-artesanal\/#primaryimage"},"image":{"@id":"https:\/\/mimatica.com\/Tienda\/palma-viajera-matera-bolo-concreto-artesanal\/#primaryimage"},"thumbnailUrl":"https:\/\/mimatica.com\/wp-content\/uploads\/2025\/04\/palma-viajera-matera-bolo-concreto-artesanal-bucaramanga-cucuta.webp","datePublished":"2025-04-18T00:20:31+00:00","dateModified":"2025-10-20T22:22:55+00:00","description":"Palma Viajera en matera bolo de concreto artesanal. Ideal para salas, entradas u oficinas. Entregas en Bucaramanga, C\u00facuta y env\u00edos nacionales.","breadcrumb":{"@id":"https:\/\/mimatica.com\/Tienda\/palma-viajera-matera-bolo-concreto-artesanal\/#breadcrumb"},"inLanguage":"en-US","potentialAction":[{"@type":"ReadAction","target":["https:\/\/mimatica.com\/Tienda\/palma-viajera-matera-bolo-concreto-artesanal\/"]}]},{"@type":"ImageObject","inLanguage":"en-US","@id":"https:\/\/mimatica.com\/Tienda\/palma-viajera-matera-bolo-concreto-artesanal\/#primaryimage","url":"https:\/\/mimatica.com\/wp-content\/uploads\/2025\/04\/palma-viajera-matera-bolo-concreto-artesanal-bucaramanga-cucuta.webp","contentUrl":"https:\/\/mimatica.com\/wp-content\/uploads\/2025\/04\/palma-viajera-matera-bolo-concreto-artesanal-bucaramanga-cucuta.webp","width":1080,"height":1350,"caption":"Palma Viajera en matera bolo de concreto artesanal, perfecta para decorar salas u oficinas en Bucaramanga y C\u00facuta"},{"@type":"BreadcrumbList","@id":"https:\/\/mimatica.com\/Tienda\/palma-viajera-matera-bolo-concreto-artesanal\/#breadcrumb","itemListElement":[{"@type":"ListItem","position":1,"name":"Portada","item":"https:\/\/mimatica.com\/"},{"@type":"ListItem","position":2,"name":"Tienda","item":"https:\/\/mimatica.com\/tienda\/"},{"@type":"ListItem","position":3,"name":"Palma Viajera en Matera Bolo de Concreto Artesanal"}]},{"@type":"WebSite","@id":"https:\/\/mimatica.com\/#website","url":"https:\/\/mimatica.com\/","name":"Mi Matica Vivero Boutique","description":"Plantas naturales, orqu\u00eddeas y materas artesanales.","publisher":{"@id":"https:\/\/mimatica.com\/#organization"},"potentialAction":[{"@type":"SearchAction","target":{"@type":"EntryPoint","urlTemplate":"https:\/\/mimatica.com\/?s={search_term_string}"},"query-input":{"@type":"PropertyValueSpecification","valueRequired":true,"valueName":"search_term_string"}}],"inLanguage":"en-US"},{"@type":"Organization","@id":"https:\/\/mimatica.com\/#organization","name":"Mi Matica Vivero Boutique","url":"https:\/\/mimatica.com\/","logo":{"@type":"ImageObject","inLanguage":"en-US","@id":"https:\/\/mimatica.com\/#\/schema\/logo\/image\/","url":"https:\/\/mimatica.com\/wp-content\/uploads\/2020\/11\/Logo_Mi-Matica-e1662941170182.png","contentUrl":"https:\/\/mimatica.com\/wp-content\/uploads\/2020\/11\/Logo_Mi-Matica-e1662941170182.png","width":120,"height":61,"caption":"Mi Matica Vivero Boutique"},"image":{"@id":"https:\/\/mimatica.com\/#\/schema\/logo\/image\/"},"sameAs":["https:\/\/www.facebook.com\/mimatica.vivero","https:\/\/www.instagram.com\/mimatica.vivero\/","https:\/\/pinterest.com\/mimaticavivero\/"]}]}},"jetpack_sharing_enabled":true,"_links":{"self":[{"href":"https:\/\/mimatica.com\/en\/wp-json\/wp\/v2\/product\/9372","targetHints":{"allow":["GET"]}}],"collection":[{"href":"https:\/\/mimatica.com\/en\/wp-json\/wp\/v2\/product"}],"about":[{"href":"https:\/\/mimatica.com\/en\/wp-json\/wp\/v2\/types\/product"}],"replies":[{"embeddable":true,"href":"https:\/\/mimatica.com\/en\/wp-json\/wp\/v2\/comments?post=9372"}],"version-history":[{"count":95,"href":"https:\/\/mimatica.com\/en\/wp-json\/wp\/v2\/product\/9372\/revisions"}],"predecessor-version":[{"id":11119,"href":"https:\/\/mimatica.com\/en\/wp-json\/wp\/v2\/product\/9372\/revisions\/11119"}],"wp:featuredmedia":[{"embeddable":true,"href":"https:\/\/mimatica.com\/en\/wp-json\/wp\/v2\/media\/9375"}],"wp:attachment":[{"href":"https:\/\/mimatica.com\/en\/wp-json\/wp\/v2\/media?parent=9372"}],"wp:term":[{"taxonomy":"product_brand","embeddable":true,"href":"https:\/\/mimatica.com\/en\/wp-json\/wp\/v2\/product_brand?post=9372"},{"taxonomy":"product_cat","embeddable":true,"href":"https:\/\/mimatica.com\/en\/wp-json\/wp\/v2\/product_cat?post=9372"},{"taxonomy":"product_tag","embeddable":true,"href":"https:\/\/mimatica.com\/en\/wp-json\/wp\/v2\/product_tag?post=9372"}],"curies":[{"name":"wp","href":"https:\/\/api.w.org\/{rel}","templated":true}]}}