{"id":9478,"date":"2025-04-18T18:22:54","date_gmt":"2025-04-18T23:22:54","guid":{"rendered":"https:\/\/mimatica.com\/?post_type=product&#038;p=9478"},"modified":"2025-04-18T19:11:25","modified_gmt":"2025-04-19T00:11:25","slug":"jardin-tropical-arbol-felicidad-matera-esfera-concreto","status":"publish","type":"product","link":"https:\/\/mimatica.com\/en\/Tienda\/jardin-tropical-arbol-felicidad-matera-esfera-concreto\/","title":{"rendered":"Jard\u00edn Tropical con \u00c1rbol de la Felicidad en Matera Esfera de Concreto Artesanal"},"content":{"rendered":"<div data-elementor-type=\"wp-post\" data-elementor-id=\"9478\" class=\"elementor elementor-9478\">\n\t\t\t\t<div class=\"elementor-element elementor-element-bd67256 e-grid e-con-full e-transform e-con e-parent\" data-id=\"bd67256\" data-element_type=\"container\" data-e-type=\"container\" data-settings=\"{&quot;background_background&quot;:&quot;classic&quot;,&quot;animation_mobile&quot;:&quot;fadeInUp&quot;,&quot;_transform_scaleX_effect&quot;:{&quot;unit&quot;:&quot;px&quot;,&quot;size&quot;:&quot;&quot;,&quot;sizes&quot;:[]},&quot;_transform_scaleX_effect_tablet&quot;:{&quot;unit&quot;:&quot;px&quot;,&quot;size&quot;:&quot;&quot;,&quot;sizes&quot;:[]},&quot;_transform_scaleX_effect_mobile&quot;:{&quot;unit&quot;:&quot;px&quot;,&quot;size&quot;:&quot;&quot;,&quot;sizes&quot;:[]},&quot;_transform_scaleY_effect&quot;:{&quot;unit&quot;:&quot;px&quot;,&quot;size&quot;:&quot;&quot;,&quot;sizes&quot;:[]},&quot;_transform_scaleY_effect_tablet&quot;:{&quot;unit&quot;:&quot;px&quot;,&quot;size&quot;:&quot;&quot;,&quot;sizes&quot;:[]},&quot;_transform_scaleY_effect_mobile&quot;:{&quot;unit&quot;:&quot;px&quot;,&quot;size&quot;:&quot;&quot;,&quot;sizes&quot;:[]}}\">\n\t\t\t\t<div class=\"elementor-element elementor-element-c6f1f69 elementor-widget elementor-widget-image\" data-id=\"c6f1f69\" data-element_type=\"widget\" data-e-type=\"widget\" data-widget_type=\"image.default\">\n\t\t\t\t<div class=\"elementor-widget-container\">\n\t\t\t\t\t\t\t\t\t\t\t\t\t\t\t<img decoding=\"async\" width=\"200\" height=\"200\" src=\"https:\/\/mimatica.com\/wp-content\/uploads\/2025\/04\/mi-matica-pet-friendly.png\" class=\"attachment-full size-full wp-image-9450\" alt=\"\" \/>\t\t\t\t\t\t\t\t\t\t\t\t\t\t\t<\/div>\n\t\t\t\t<\/div>\n\t\t\t\t<div class=\"elementor-element elementor-element-82d7d54 elementor-widget elementor-widget-image\" data-id=\"82d7d54\" data-element_type=\"widget\" data-e-type=\"widget\" data-widget_type=\"image.default\">\n\t\t\t\t<div class=\"elementor-widget-container\">\n\t\t\t\t\t\t\t\t\t\t\t\t\t\t\t<img decoding=\"async\" width=\"200\" height=\"200\" src=\"https:\/\/mimatica.com\/wp-content\/uploads\/2025\/04\/mi-matica-facil-cuidado.png\" class=\"attachment-full size-full wp-image-9467\" alt=\"\" \/>\t\t\t\t\t\t\t\t\t\t\t\t\t\t\t<\/div>\n\t\t\t\t<\/div>\n\t\t\t\t<div class=\"elementor-element elementor-element-94dde02 elementor-widget elementor-widget-image\" data-id=\"94dde02\" data-element_type=\"widget\" data-e-type=\"widget\" data-widget_type=\"image.default\">\n\t\t\t\t<div class=\"elementor-widget-container\">\n\t\t\t\t\t\t\t\t\t\t\t\t\t\t\t<img fetchpriority=\"high\" decoding=\"async\" width=\"800\" height=\"800\" src=\"https:\/\/mimatica.com\/wp-content\/uploads\/2025\/04\/mi-matica-luz-indirecta.png\" class=\"attachment-full size-full wp-image-9449\" alt=\"\" \/>\t\t\t\t\t\t\t\t\t\t\t\t\t\t\t<\/div>\n\t\t\t\t<\/div>\n\t\t\t\t<\/div>\n\t\t<div class=\"elementor-element elementor-element-6a144f3e e-flex e-con-boxed e-con e-parent\" data-id=\"6a144f3e\" data-element_type=\"container\" data-e-type=\"container\" data-settings=\"{&quot;animation_mobile&quot;:&quot;fadeInUp&quot;}\">\n\t\t\t\t\t<div class=\"e-con-inner\">\n\t\t\t\t<div class=\"elementor-element elementor-element-29706634 elementor-widget elementor-widget-text-editor\" data-id=\"29706634\" data-element_type=\"widget\" data-e-type=\"widget\" data-widget_type=\"text-editor.default\">\n\t\t\t\t<div class=\"elementor-widget-container\">\n\t\t\t\t\t\t\t\t\t<p data-start=\"336\" data-end=\"667\">El <strong data-start=\"339\" data-end=\"423\">Jard\u00edn Tropical con \u00c1rbol de la Felicidad en Matera Esfera de Concreto Artesanal<\/strong> es una verdadera obra viva pensada para llenar tus espacios de energ\u00eda, frescura y color. Esta composici\u00f3n combina belleza visual, equilibrio natural y armon\u00eda en un solo arreglo que transforma cualquier rinc\u00f3n en un oasis verde y sofisticado.<\/p>\n<p data-start=\"336\" data-end=\"667\"><br><\/p>\n<p data-start=\"669\" data-end=\"1216\">Dise\u00f1ado especialmente para interiores elegantes, oficinas luminosas o entradas modernas, este combo incluye una selecci\u00f3n de plantas tropicales de gran valor ornamental y emocional, sembradas cuidadosamente en una matera de concreto artesanal de forma esf\u00e9rica, con soporte met\u00e1lico de tres patas. Su presencia imponente y estilizada lo convierte en el favorito de quienes buscan decoraci\u00f3n viva con estilo natural. En <strong data-start=\"1089\" data-end=\"1102\">Mi Matica<\/strong>, cada combinaci\u00f3n est\u00e1 pensada para durar, impactar y llenar de vida tus espacios con estilo natural y artesanal.<\/p>\n<p data-start=\"669\" data-end=\"1216\"><br><\/p>\n<hr data-start=\"1218\" data-end=\"1221\">\n<h3 data-start=\"1223\" data-end=\"1255\">\ud83c\udf3f Composici\u00f3n y dimensiones<\/h3>\n<div>\n<p>&nbsp;Este jard\u00edn incluye:<\/p>\n<p><br><\/p>\n<\/div>\n<ul>\n<li data-start=\"1280\" data-end=\"1324\">1 Tronco de Brasil (\u00c1rbol de la Felicidad)<\/li>\n<li data-start=\"1327\" data-end=\"1358\">2 <span data-start=\"1329\" data-end=\"1350\">Bromelias Vriesea<\/span> rojas<\/li>\n<li data-start=\"1361\" data-end=\"1380\">2 Helechos Murano<\/li>\n<li data-start=\"1383\" data-end=\"1399\">1 Anturio rojo<\/li>\n<li data-start=\"1402\" data-end=\"1414\">1 Cheflera<\/li>\n<\/ul>\n<p data-start=\"1416\" data-end=\"1538\">Todo sembrado en una <strong data-start=\"1437\" data-end=\"1476\">matera esfera de concreto artesanal<\/strong>, color negro mate, con soporte met\u00e1lico dorado de tres patas.<\/p>\n<p data-start=\"1416\" data-end=\"1538\">\n<\/p><ul>\n<li data-start=\"1540\" data-end=\"1644\">\ud83d\udccf Altura total aproximada: 85\u2013110 cm<\/li>\n<li data-start=\"1540\" data-end=\"1644\">\ud83d\udcd0 Di\u00e1metro de la matera: 35\u201340 cm<\/li>\n<li data-start=\"1540\" data-end=\"1644\">\u2696\ufe0f Peso estimado: 8\u201310 kg<\/li>\n<\/ul>\n<p data-start=\"1540\" data-end=\"1644\">\n<\/p><hr data-start=\"1646\" data-end=\"1649\">\n<h3 data-start=\"1651\" data-end=\"1677\">\ud83c\udf1e Cuidados esenciales<\/h3>\n<div>&nbsp;<\/div>\n<ul>\n<li data-start=\"1679\" data-end=\"1806\">\u2600\ufe0f <strong data-start=\"1682\" data-end=\"1690\">Luz:<\/strong> Prefiere <strong data-start=\"1700\" data-end=\"1744\">luz natural abundante de forma indirecta<\/strong>. Ub\u00edcalo cerca de ventanas, pero protegido del sol directo.<\/li>\n<li data-start=\"1808\" data-end=\"1907\">\ud83d\udca7 <strong data-start=\"1811\" data-end=\"1821\">Riego:<\/strong> Cada 5 a 7 d\u00edas. Verifica que el sustrato se haya secado parcialmente entre riegos.<\/li>\n<li data-start=\"1909\" data-end=\"2019\">\ud83c\udf2b\ufe0f <strong data-start=\"1913\" data-end=\"1925\">Humedad:<\/strong> Se adapta bien al ambiente interior. Puedes rociar ligeramente las hojas si el clima es seco.<\/li>\n<\/ul>\n<hr data-start=\"2021\" data-end=\"2024\">\n<h3 data-start=\"2026\" data-end=\"2059\">\ud83d\udea8 Signos comunes de malestar<\/h3>\n<div><br><\/div>\n<ul data-start=\"2061\" data-end=\"2192\">\n<li data-start=\"2061\" data-end=\"2100\">\n<p data-start=\"2063\" data-end=\"2100\"><strong data-start=\"2063\" data-end=\"2083\">Hojas amarillas:<\/strong> exceso de agua<\/p>\n<\/li>\n<li data-start=\"2101\" data-end=\"2154\">\n<p data-start=\"2103\" data-end=\"2154\"><strong data-start=\"2103\" data-end=\"2120\">Puntas secas:<\/strong> falta de humedad o riego escaso<\/p>\n<\/li>\n<li data-start=\"2155\" data-end=\"2192\">\n<p data-start=\"2157\" data-end=\"2192\"><strong data-start=\"2157\" data-end=\"2175\">Color apagado:<\/strong> poca luz natural<\/p>\n<\/li>\n<\/ul>\n<hr data-start=\"2194\" data-end=\"2197\">\n<h3 data-start=\"2199\" data-end=\"2231\">\ud83d\udce6 Disponibilidad y garant\u00eda<\/h3>\n<div><br><\/div>\n<ul data-start=\"2233\" data-end=\"2440\">\n<li data-start=\"2233\" data-end=\"2292\">\n<p data-start=\"2235\" data-end=\"2292\">Entregas en <strong data-start=\"2247\" data-end=\"2290\">Bucaramanga, C\u00facuta y env\u00edos nacionales<\/strong><\/p>\n<\/li>\n<li data-start=\"2293\" data-end=\"2338\">\n<p data-start=\"2295\" data-end=\"2338\">Empaque con protecci\u00f3n y gu\u00eda de cuidados<\/p>\n<\/li>\n<li data-start=\"2339\" data-end=\"2392\">\n<p data-start=\"2341\" data-end=\"2392\"><strong data-start=\"2341\" data-end=\"2363\">Garant\u00eda de 7 d\u00edas<\/strong> por bienestar de la planta<\/p>\n<\/li>\n<li data-start=\"2393\" data-end=\"2440\">\n<p data-start=\"2395\" data-end=\"2440\">Asesor\u00eda postventa personalizada v\u00eda WhatsApp<\/p>\n<\/li>\n<\/ul>\n<hr data-start=\"2442\" data-end=\"2445\">\n<h3 data-start=\"2447\" data-end=\"2470\">\ud83c\udf81 \u00bfEs para regalo?<\/h3>\n<div><br><\/div>\n<p data-start=\"2472\" data-end=\"2618\">Incluye una tarjeta personalizada sin costo adicional. En <strong data-start=\"2532\" data-end=\"2545\">Mi Matica<\/strong> creemos que <strong data-start=\"2558\" data-end=\"2618\">regalar una matica es sembrar cari\u00f1o, abundancia y vida.<\/strong><\/p>\n<p data-start=\"2472\" data-end=\"2618\"><strong data-start=\"2558\" data-end=\"2618\"><br><\/strong><\/p>\n<hr data-start=\"2620\" data-end=\"2623\">\n<h3 data-start=\"2625\" data-end=\"2648\">\ud83c\udf0d M\u00e1s informaci\u00f3n:<\/h3>\n<ul data-start=\"2650\" data-end=\"3001\">\n<li data-start=\"2650\" data-end=\"2784\">\n<p data-start=\"2652\" data-end=\"2784\">Descubre m\u00e1s sobre las <strong data-start=\"2675\" data-end=\"2696\">bromelias Vriesea<\/strong> y su floraci\u00f3n<\/p>\n<\/li>\n<li data-start=\"2785\" data-end=\"2906\">\n<p data-start=\"2787\" data-end=\"2906\">Explora m\u00e1s en nuestra categor\u00eda de <a href=\"https:\/\/mimatica.com\/en\/product-category\/plantas-de-interior\/\" target=\"_new\" rel=\"noopener\" data-start=\"2823\" data-end=\"2904\"><b>Plantas de Interior<\/b><\/a><\/p>\n<\/li>\n<li data-start=\"2907\" data-end=\"3001\">\n<p data-start=\"2909\" data-end=\"3001\">Conoce m\u00e1s materas artesanales en:<b> <a href=\"https:\/\/mimatica.com\/en\/product-category\/materas\/\" target=\"_new\" rel=\"noopener\" data-start=\"2944\" data-end=\"3001\">Materas<\/a><\/b><\/p>\n<\/li>\n<\/ul>\t\t\t\t\t\t\t\t<\/div>\n\t\t\t\t<\/div>\n\t\t\t\t\t<\/div>\n\t\t\t\t<\/div>\n\t\t<div class=\"elementor-element elementor-element-e60112e e-flex e-con-boxed e-con e-parent\" data-id=\"e60112e\" data-element_type=\"container\" data-e-type=\"container\">\n\t\t\t\t\t<div class=\"e-con-inner\">\n\t\t\t\t\t<\/div>\n\t\t\t\t<\/div>\n\t\t\t\t<\/div>","protected":false},"excerpt":{"rendered":"<p><strong>Jard\u00edn Tropical con \u00c1rbol de la Felicidad en Matera Esfera de Concreto Artesanal<\/strong>. Perfecto para decorar con estilo y vida natural.<\/p>","protected":false},"featured_media":9479,"comment_status":"open","ping_status":"closed","template":"","meta":[],"product_brand":[],"product_cat":[154,148],"product_tag":[185,184,186,175,177,187,171,151,169,173],"class_list":{"0":"post-9478","1":"product","2":"type-product","3":"status-publish","4":"has-post-thumbnail","6":"product_cat-materas","7":"product_cat-plantas-de-interior","8":"product_tag-anturios","9":"product_tag-arbol-de-la-felicidad","10":"product_tag-bromelias","11":"product_tag-decoracion-natural","12":"product_tag-faciles-de-cuidar","13":"product_tag-luz-indirecta","14":"product_tag-matera-de-concreto-artesanal","15":"product_tag-pet-friendly","16":"product_tag-planta-de-piso-grande","17":"product_tag-planta-decorativa-interior","18":"product_shipping_class-materas-grandes","21":"instock","22":"shipping-taxable","23":"purchasable","24":"product-type-simple"},"yoast_head":"<!-- This site is optimized with the Yoast SEO plugin v27.5 - https:\/\/yoast.com\/product\/yoast-seo-wordpress\/ -->\n<title>Jard\u00edn Tropical con \u00c1rbol de la Felicidad en Matera Esfera de Concreto Artesanal<\/title>\n<meta name=\"description\" content=\"Jard\u00edn Tropical con \u00c1rbol de la Felicidad en Matera Esfera de Concreto Artesanal. Ideal para salas u oficinas. Env\u00edos a Bucaramanga, C\u00facuta y Colombia.\" \/>\n<meta name=\"robots\" content=\"index, follow, max-snippet:-1, max-image-preview:large, max-video-preview:-1\" \/>\n<link rel=\"canonical\" href=\"https:\/\/mimatica.com\/en\/Tienda\/jardin-tropical-arbol-felicidad-matera-esfera-concreto\/\" \/>\n<meta property=\"og:locale\" content=\"en_US\" \/>\n<meta property=\"og:type\" content=\"article\" \/>\n<meta property=\"og:title\" content=\"Jard\u00edn Tropical con \u00c1rbol de la Felicidad en Matera Esfera de Concreto Artesanal\" \/>\n<meta property=\"og:description\" content=\"Jard\u00edn Tropical con \u00c1rbol de la Felicidad en Matera Esfera de Concreto Artesanal. Ideal para salas u oficinas. Env\u00edos a Bucaramanga, C\u00facuta y Colombia.\" \/>\n<meta property=\"og:url\" content=\"https:\/\/mimatica.com\/en\/Tienda\/jardin-tropical-arbol-felicidad-matera-esfera-concreto\/\" \/>\n<meta property=\"og:site_name\" content=\"Mi Matica Vivero Boutique\" \/>\n<meta property=\"article:publisher\" content=\"https:\/\/www.facebook.com\/mimatica.vivero\" \/>\n<meta property=\"article:modified_time\" content=\"2025-04-19T00:11:25+00:00\" \/>\n<meta property=\"og:image\" content=\"https:\/\/mimatica.com\/wp-content\/uploads\/2025\/04\/jardin-tropical-arbol-felicidad-matera-esfera-concreto-artesanal.webp\" \/>\n\t<meta property=\"og:image:width\" content=\"1080\" \/>\n\t<meta property=\"og:image:height\" content=\"1350\" \/>\n\t<meta property=\"og:image:type\" content=\"image\/webp\" \/>\n<meta name=\"twitter:card\" content=\"summary_large_image\" \/>\n<meta name=\"twitter:label1\" content=\"Est. reading time\" \/>\n\t<meta name=\"twitter:data1\" content=\"3 minutes\" \/>\n<script type=\"application\/ld+json\" class=\"yoast-schema-graph\">{\"@context\":\"https:\\\/\\\/schema.org\",\"@graph\":[{\"@type\":\"WebPage\",\"@id\":\"https:\\\/\\\/mimatica.com\\\/Tienda\\\/jardin-tropical-arbol-felicidad-matera-esfera-concreto\\\/\",\"url\":\"https:\\\/\\\/mimatica.com\\\/Tienda\\\/jardin-tropical-arbol-felicidad-matera-esfera-concreto\\\/\",\"name\":\"Jard\u00edn Tropical con \u00c1rbol de la Felicidad en Matera Esfera de Concreto Artesanal\",\"isPartOf\":{\"@id\":\"https:\\\/\\\/mimatica.com\\\/#website\"},\"primaryImageOfPage\":{\"@id\":\"https:\\\/\\\/mimatica.com\\\/Tienda\\\/jardin-tropical-arbol-felicidad-matera-esfera-concreto\\\/#primaryimage\"},\"image\":{\"@id\":\"https:\\\/\\\/mimatica.com\\\/Tienda\\\/jardin-tropical-arbol-felicidad-matera-esfera-concreto\\\/#primaryimage\"},\"thumbnailUrl\":\"https:\\\/\\\/mimatica.com\\\/wp-content\\\/uploads\\\/2025\\\/04\\\/jardin-tropical-arbol-felicidad-matera-esfera-concreto-artesanal.webp\",\"datePublished\":\"2025-04-18T23:22:54+00:00\",\"dateModified\":\"2025-04-19T00:11:25+00:00\",\"description\":\"Jard\u00edn Tropical con \u00c1rbol de la Felicidad en Matera Esfera de Concreto Artesanal. Ideal para salas u oficinas. Env\u00edos a Bucaramanga, C\u00facuta y Colombia.\",\"breadcrumb\":{\"@id\":\"https:\\\/\\\/mimatica.com\\\/Tienda\\\/jardin-tropical-arbol-felicidad-matera-esfera-concreto\\\/#breadcrumb\"},\"inLanguage\":\"en-US\",\"potentialAction\":[{\"@type\":\"ReadAction\",\"target\":[\"https:\\\/\\\/mimatica.com\\\/Tienda\\\/jardin-tropical-arbol-felicidad-matera-esfera-concreto\\\/\"]}]},{\"@type\":\"ImageObject\",\"inLanguage\":\"en-US\",\"@id\":\"https:\\\/\\\/mimatica.com\\\/Tienda\\\/jardin-tropical-arbol-felicidad-matera-esfera-concreto\\\/#primaryimage\",\"url\":\"https:\\\/\\\/mimatica.com\\\/wp-content\\\/uploads\\\/2025\\\/04\\\/jardin-tropical-arbol-felicidad-matera-esfera-concreto-artesanal.webp\",\"contentUrl\":\"https:\\\/\\\/mimatica.com\\\/wp-content\\\/uploads\\\/2025\\\/04\\\/jardin-tropical-arbol-felicidad-matera-esfera-concreto-artesanal.webp\",\"width\":1080,\"height\":1350,\"caption\":\"Jard\u00edn Tropical con \u00c1rbol de la Felicidad en matera esfera de concreto artesanal negra con base met\u00e1lica en interior moderno\"},{\"@type\":\"BreadcrumbList\",\"@id\":\"https:\\\/\\\/mimatica.com\\\/Tienda\\\/jardin-tropical-arbol-felicidad-matera-esfera-concreto\\\/#breadcrumb\",\"itemListElement\":[{\"@type\":\"ListItem\",\"position\":1,\"name\":\"Portada\",\"item\":\"https:\\\/\\\/mimatica.com\\\/\"},{\"@type\":\"ListItem\",\"position\":2,\"name\":\"Tienda\",\"item\":\"https:\\\/\\\/mimatica.com\\\/tienda\\\/\"},{\"@type\":\"ListItem\",\"position\":3,\"name\":\"Jard\u00edn Tropical con \u00c1rbol de la Felicidad en Matera Esfera de Concreto Artesanal\"}]},{\"@type\":\"WebSite\",\"@id\":\"https:\\\/\\\/mimatica.com\\\/#website\",\"url\":\"https:\\\/\\\/mimatica.com\\\/\",\"name\":\"Mi Matica Vivero Boutique\",\"description\":\"Plantas naturales, orqu\u00eddeas y materas artesanales.\",\"publisher\":{\"@id\":\"https:\\\/\\\/mimatica.com\\\/#organization\"},\"potentialAction\":[{\"@type\":\"SearchAction\",\"target\":{\"@type\":\"EntryPoint\",\"urlTemplate\":\"https:\\\/\\\/mimatica.com\\\/?s={search_term_string}\"},\"query-input\":{\"@type\":\"PropertyValueSpecification\",\"valueRequired\":true,\"valueName\":\"search_term_string\"}}],\"inLanguage\":\"en-US\"},{\"@type\":\"Organization\",\"@id\":\"https:\\\/\\\/mimatica.com\\\/#organization\",\"name\":\"Mi Matica Vivero Boutique\",\"url\":\"https:\\\/\\\/mimatica.com\\\/\",\"logo\":{\"@type\":\"ImageObject\",\"inLanguage\":\"en-US\",\"@id\":\"https:\\\/\\\/mimatica.com\\\/#\\\/schema\\\/logo\\\/image\\\/\",\"url\":\"https:\\\/\\\/mimatica.com\\\/wp-content\\\/uploads\\\/2020\\\/11\\\/Logo_Mi-Matica-e1662941170182.png\",\"contentUrl\":\"https:\\\/\\\/mimatica.com\\\/wp-content\\\/uploads\\\/2020\\\/11\\\/Logo_Mi-Matica-e1662941170182.png\",\"width\":120,\"height\":61,\"caption\":\"Mi Matica Vivero Boutique\"},\"image\":{\"@id\":\"https:\\\/\\\/mimatica.com\\\/#\\\/schema\\\/logo\\\/image\\\/\"},\"sameAs\":[\"https:\\\/\\\/www.facebook.com\\\/mimatica.vivero\",\"https:\\\/\\\/www.instagram.com\\\/mimatica.vivero\\\/\",\"https:\\\/\\\/pinterest.com\\\/mimaticavivero\\\/\"]}]}<\/script>\n<!-- \/ Yoast SEO plugin. -->","yoast_head_json":{"title":"Jard\u00edn Tropical con \u00c1rbol de la Felicidad en Matera Esfera de Concreto Artesanal","description":"Jard\u00edn Tropical con \u00c1rbol de la Felicidad en Matera Esfera de Concreto Artesanal. Ideal para salas u oficinas. Env\u00edos a Bucaramanga, C\u00facuta y Colombia.","robots":{"index":"index","follow":"follow","max-snippet":"max-snippet:-1","max-image-preview":"max-image-preview:large","max-video-preview":"max-video-preview:-1"},"canonical":"https:\/\/mimatica.com\/en\/Tienda\/jardin-tropical-arbol-felicidad-matera-esfera-concreto\/","og_locale":"en_US","og_type":"article","og_title":"Jard\u00edn Tropical con \u00c1rbol de la Felicidad en Matera Esfera de Concreto Artesanal","og_description":"Jard\u00edn Tropical con \u00c1rbol de la Felicidad en Matera Esfera de Concreto Artesanal. Ideal para salas u oficinas. Env\u00edos a Bucaramanga, C\u00facuta y Colombia.","og_url":"https:\/\/mimatica.com\/en\/Tienda\/jardin-tropical-arbol-felicidad-matera-esfera-concreto\/","og_site_name":"Mi Matica Vivero Boutique","article_publisher":"https:\/\/www.facebook.com\/mimatica.vivero","article_modified_time":"2025-04-19T00:11:25+00:00","og_image":[{"width":1080,"height":1350,"url":"https:\/\/mimatica.com\/wp-content\/uploads\/2025\/04\/jardin-tropical-arbol-felicidad-matera-esfera-concreto-artesanal.webp","type":"image\/webp"}],"twitter_card":"summary_large_image","twitter_misc":{"Est. reading time":"3 minutes"},"schema":{"@context":"https:\/\/schema.org","@graph":[{"@type":"WebPage","@id":"https:\/\/mimatica.com\/Tienda\/jardin-tropical-arbol-felicidad-matera-esfera-concreto\/","url":"https:\/\/mimatica.com\/Tienda\/jardin-tropical-arbol-felicidad-matera-esfera-concreto\/","name":"Jard\u00edn Tropical con \u00c1rbol de la Felicidad en Matera Esfera de Concreto Artesanal","isPartOf":{"@id":"https:\/\/mimatica.com\/#website"},"primaryImageOfPage":{"@id":"https:\/\/mimatica.com\/Tienda\/jardin-tropical-arbol-felicidad-matera-esfera-concreto\/#primaryimage"},"image":{"@id":"https:\/\/mimatica.com\/Tienda\/jardin-tropical-arbol-felicidad-matera-esfera-concreto\/#primaryimage"},"thumbnailUrl":"https:\/\/mimatica.com\/wp-content\/uploads\/2025\/04\/jardin-tropical-arbol-felicidad-matera-esfera-concreto-artesanal.webp","datePublished":"2025-04-18T23:22:54+00:00","dateModified":"2025-04-19T00:11:25+00:00","description":"Jard\u00edn Tropical con \u00c1rbol de la Felicidad en Matera Esfera de Concreto Artesanal. Ideal para salas u oficinas. Env\u00edos a Bucaramanga, C\u00facuta y Colombia.","breadcrumb":{"@id":"https:\/\/mimatica.com\/Tienda\/jardin-tropical-arbol-felicidad-matera-esfera-concreto\/#breadcrumb"},"inLanguage":"en-US","potentialAction":[{"@type":"ReadAction","target":["https:\/\/mimatica.com\/Tienda\/jardin-tropical-arbol-felicidad-matera-esfera-concreto\/"]}]},{"@type":"ImageObject","inLanguage":"en-US","@id":"https:\/\/mimatica.com\/Tienda\/jardin-tropical-arbol-felicidad-matera-esfera-concreto\/#primaryimage","url":"https:\/\/mimatica.com\/wp-content\/uploads\/2025\/04\/jardin-tropical-arbol-felicidad-matera-esfera-concreto-artesanal.webp","contentUrl":"https:\/\/mimatica.com\/wp-content\/uploads\/2025\/04\/jardin-tropical-arbol-felicidad-matera-esfera-concreto-artesanal.webp","width":1080,"height":1350,"caption":"Jard\u00edn Tropical con \u00c1rbol de la Felicidad en matera esfera de concreto artesanal negra con base met\u00e1lica en interior moderno"},{"@type":"BreadcrumbList","@id":"https:\/\/mimatica.com\/Tienda\/jardin-tropical-arbol-felicidad-matera-esfera-concreto\/#breadcrumb","itemListElement":[{"@type":"ListItem","position":1,"name":"Portada","item":"https:\/\/mimatica.com\/"},{"@type":"ListItem","position":2,"name":"Tienda","item":"https:\/\/mimatica.com\/tienda\/"},{"@type":"ListItem","position":3,"name":"Jard\u00edn Tropical con \u00c1rbol de la Felicidad en Matera Esfera de Concreto Artesanal"}]},{"@type":"WebSite","@id":"https:\/\/mimatica.com\/#website","url":"https:\/\/mimatica.com\/","name":"Mi Matica Vivero Boutique","description":"Plantas naturales, orqu\u00eddeas y materas artesanales.","publisher":{"@id":"https:\/\/mimatica.com\/#organization"},"potentialAction":[{"@type":"SearchAction","target":{"@type":"EntryPoint","urlTemplate":"https:\/\/mimatica.com\/?s={search_term_string}"},"query-input":{"@type":"PropertyValueSpecification","valueRequired":true,"valueName":"search_term_string"}}],"inLanguage":"en-US"},{"@type":"Organization","@id":"https:\/\/mimatica.com\/#organization","name":"Mi Matica Vivero Boutique","url":"https:\/\/mimatica.com\/","logo":{"@type":"ImageObject","inLanguage":"en-US","@id":"https:\/\/mimatica.com\/#\/schema\/logo\/image\/","url":"https:\/\/mimatica.com\/wp-content\/uploads\/2020\/11\/Logo_Mi-Matica-e1662941170182.png","contentUrl":"https:\/\/mimatica.com\/wp-content\/uploads\/2020\/11\/Logo_Mi-Matica-e1662941170182.png","width":120,"height":61,"caption":"Mi Matica Vivero Boutique"},"image":{"@id":"https:\/\/mimatica.com\/#\/schema\/logo\/image\/"},"sameAs":["https:\/\/www.facebook.com\/mimatica.vivero","https:\/\/www.instagram.com\/mimatica.vivero\/","https:\/\/pinterest.com\/mimaticavivero\/"]}]}},"jetpack_sharing_enabled":true,"_links":{"self":[{"href":"https:\/\/mimatica.com\/en\/wp-json\/wp\/v2\/product\/9478","targetHints":{"allow":["GET"]}}],"collection":[{"href":"https:\/\/mimatica.com\/en\/wp-json\/wp\/v2\/product"}],"about":[{"href":"https:\/\/mimatica.com\/en\/wp-json\/wp\/v2\/types\/product"}],"replies":[{"embeddable":true,"href":"https:\/\/mimatica.com\/en\/wp-json\/wp\/v2\/comments?post=9478"}],"version-history":[{"count":17,"href":"https:\/\/mimatica.com\/en\/wp-json\/wp\/v2\/product\/9478\/revisions"}],"predecessor-version":[{"id":9500,"href":"https:\/\/mimatica.com\/en\/wp-json\/wp\/v2\/product\/9478\/revisions\/9500"}],"wp:featuredmedia":[{"embeddable":true,"href":"https:\/\/mimatica.com\/en\/wp-json\/wp\/v2\/media\/9479"}],"wp:attachment":[{"href":"https:\/\/mimatica.com\/en\/wp-json\/wp\/v2\/media?parent=9478"}],"wp:term":[{"taxonomy":"product_brand","embeddable":true,"href":"https:\/\/mimatica.com\/en\/wp-json\/wp\/v2\/product_brand?post=9478"},{"taxonomy":"product_cat","embeddable":true,"href":"https:\/\/mimatica.com\/en\/wp-json\/wp\/v2\/product_cat?post=9478"},{"taxonomy":"product_tag","embeddable":true,"href":"https:\/\/mimatica.com\/en\/wp-json\/wp\/v2\/product_tag?post=9478"}],"curies":[{"name":"wp","href":"https:\/\/api.w.org\/{rel}","templated":true}]}}